{"id":32613,"date":"2026-02-15T17:32:06","date_gmt":"2026-02-15T17:32:06","guid":{"rendered":"https:\/\/globalservices.lt\/?post_type=product&#038;p=32613"},"modified":"2026-02-15T17:33:24","modified_gmt":"2026-02-15T17:33:24","slug":"technikas-e-mechanikas-e-lindiniskiu-km-vilniaus-raj-netoli-rieses","status":"publish","type":"product","link":"https:\/\/globalservices.lt\/en\/shop\/darbo-sritis\/mechanika-inzinerija\/technikas-e-mechanikas-e-lindiniskiu-km-vilniaus-raj-netoli-rieses\/","title":{"rendered":"Technikas (-\u0117) \/ Mechanikas (-\u0117) \u2013 Lindini\u0161ki\u0173 km., Vilniaus raj. (Netoli Rie\u0161\u0117s)"},"content":{"rendered":"<p>Ie\u0161kai darbo su ai\u0161kiomis perspektyvomis, stabilumu ir draugi\u0161ku kolektyvu? Prisijunk prie m\u016bs\u0173 komandos. Dirbsime \u012fmon\u0117je, specializuotoje medini\u0173 sodo nameli\u0173, vasarnami\u0173, gara\u017e\u0173, medini\u0173 lang\u0173 ir dur\u0173 gamyboje, kur svarbus kiekvieno komandos nario ind\u0117lis!<\/p>\n<p><strong>DARBO POB\u016aDIS:<\/strong><\/p>\n<ul>\n<li>\u012erengim\u0173 mechanin\u0117s ir elektrin\u0117s dalies remonto darbai;<\/li>\n<li>Periodinis \u012frengim\u0173 techninio aptarnavimo darbai;<\/li>\n<li>Technin\u0117s prie\u017ei\u016bros grafik\u0173 sudarymas, kontrol\u0117 ir vykdymas;<\/li>\n<li>\u012eranki\u0173 sand\u0117lio administravimas ir prie\u017ei\u016bra.<\/li>\n<\/ul>\n<p><strong>DARBO GRAFIKAS:<\/strong><\/p>\n<ul>\n<li>Darbo laikas: nuo 7:30 iki 16:00 val.;<\/li>\n<li>Darbo dienos: pirmadienis\u2013penktadienis<\/li>\n<li>Savaitgaliai \u2013 laisvi!<\/li>\n<\/ul>\n<p><strong>KO TIKIM\u0116S?<\/strong><\/p>\n<ul>\n<li>Turite galiojant\u012f elektriko pa\u017eym\u0117jim\u0105;<\/li>\n<li>Turite bent minimal\u0173 technin\u012f i\u0161silavinim\u0105;<\/li>\n<li>Gebate atlikti nesud\u0117tingus suvirinimo darbus;<\/li>\n<li>Savaranki\u0161kumo, tvarkingumo ir noro spr\u0119sti techninius i\u0161\u0161\u016bkius.<\/li>\n<\/ul>\n<p><strong>SI\u016aLOME:<\/strong><\/p>\n<ul>\n<li>Geras darbo s\u0105lygas.<\/li>\n<li>Draugi\u0161k\u0105 darbo atmosfer\u0105.<\/li>\n<li>Visas darbui reikalingas priemones, darbo r\u016bbus ir avalyn\u0119.<\/li>\n<li>Darb\u0105 finansi\u0161kai stabilioje ir nuolat augan\u010dioje \u012fmon\u0117je.<\/li>\n<\/ul>\n<p><strong>KONTAKTINIAI DUOMENYS PASITEIRAVIMUI:<\/strong><\/p>\n<ul>\n<li>T.: +370 (670) 45 030<\/li>\n<li>E.: INFO@GLOBALSERVICES.LT<\/li>\n<\/ul>","protected":false},"excerpt":{"rendered":"<p style=\"text-align: left;\">\u2013 Atlyginimas: Nuo 1.300 EUR (&#8222;\u012e rankas&#8221;).<br \/>\n\u2013 Darbo trukm\u0117: ilgalaikis darbas.<br \/>\n\u2013 Atlyginimo mok\u0117jimas: galimyb\u0117 atlyginim\u0105 gauti kas savait\u0119 (jei pageidaujate).<br \/>\n\u2013 Darbo vieta: Lindini\u0161ki\u0173 km., Vilniaus raj. (netoli Rie\u0161\u0117s).<\/p>","protected":false},"featured_media":32614,"template":"","meta":[],"product_cat":[48,52,38,49,65,50,62,26],"product_tag":[47],"class_list":["post-32613","product","type-product","status-publish","has-post-thumbnail","hentry","product_cat-darbo-sritis","product_cat-energetika-elektronika-elektros-inzinerija","product_cat-lietuva","product_cat-mechanika-inzinerija","product_cat-metalo-apdirbimas-saltkalvyste-suvirinimas","product_cat-pramone-gamyba","product_cat-vilnius","product_cat-kita","product_tag-front"],"_links":{"self":[{"href":"https:\/\/globalservices.lt\/en\/wp-json\/wp\/v2\/product\/32613","targetHints":{"allow":["GET"]}}],"collection":[{"href":"https:\/\/globalservices.lt\/en\/wp-json\/wp\/v2\/product"}],"about":[{"href":"https:\/\/globalservices.lt\/en\/wp-json\/wp\/v2\/types\/product"}],"wp:featuredmedia":[{"embeddable":true,"href":"https:\/\/globalservices.lt\/en\/wp-json\/wp\/v2\/media\/32614"}],"wp:attachment":[{"href":"https:\/\/globalservices.lt\/en\/wp-json\/wp\/v2\/media?parent=32613"}],"wp:term":[{"taxonomy":"product_cat","embeddable":true,"href":"https:\/\/globalservices.lt\/en\/wp-json\/wp\/v2\/product_cat?post=32613"},{"taxonomy":"product_tag","embeddable":true,"href":"https:\/\/globalservices.lt\/en\/wp-json\/wp\/v2\/product_tag?post=32613"}],"curies":[{"name":"wp","href":"https:\/\/api.w.org\/{rel}","templated":true}]}}