{"id":32609,"date":"2026-01-21T07:29:21","date_gmt":"2026-01-21T07:29:21","guid":{"rendered":"https:\/\/globalservices.lt\/?post_type=product&#038;p=32609"},"modified":"2026-01-21T07:29:55","modified_gmt":"2026-01-21T07:29:55","slug":"gamybos-darbuotoja-as-patirtis-nebutina-apmokome-darbo-vietoje-kedainiu-raj","status":"publish","type":"product","link":"https:\/\/globalservices.lt\/en\/shop\/darbo-sritis\/pramone-gamyba\/gamybos-darbuotoja-as-patirtis-nebutina-apmokome-darbo-vietoje-kedainiu-raj\/","title":{"rendered":"Gamybos darbuotoja (-as) \u2013 Patirtis neb\u016btina \u2013 apmokome darbo vietoje! (K\u0117daini\u0173 raj.)"},"content":{"rendered":"<p>M\u016bs\u0173 klientas, viena moderniausi\u0173 ir did\u017eiausi\u0173 m\u0117sos perdirbimo \u012fmoni\u0173 Baltijos \u0161alyse ie\u0161ko komandos pastiprinimo!<\/p>\n<p><strong>DARBO POB\u016aDIS:<\/strong><\/p>\n<ul>\n<li>Termi\u0161kai apdorot\u0173 ir neapdorot\u0173, supakuot\u0173 produkt\u0173 sv\u0117rimas;<\/li>\n<li>Produkcijos \u017eenklinimas ir etike\u010di\u0173 klijavimas;<\/li>\n<li>Pakavimas \u012f kartonines d\u0117\u017ees;<\/li>\n<li>Darbas su skaitmenin\u0117mis svarstykl\u0117mis ir skeneriais.<\/li>\n<\/ul>\n<p><strong>Patirtis neb\u016btina \u2013 apmokome darbo vietoje!<\/strong><\/p>\n<p><strong>DARBO VIETA:<\/strong><\/p>\n<ul>\n<li>Mantviloni\u0173 k., K\u0117daini\u0173 r.;<\/li>\n<li>\u012e \/ I\u0161 darbo nemokamai ve\u017eioja \u012fmon\u0117s transportas i\u0161 aplinkini\u0173 gyvenvie\u010di\u0173:\n<ul>\n<li>I. Naujarod\u017eiai (Panev\u0117\u017eio raj.), Krekenava (Panev\u0117\u017eio raj.), Survili\u0161kis, Kalnaber\u017e\u0117, Siruti\u0161kis;<\/li>\n<li>II. Visas K\u0117daini\u0173 miestas (\u012fskaitant Vilainius, Bab\u0117nus);<\/li>\n<li>III. Sk\u0117miai, Krak\u0117s, Josvainiai;<\/li>\n<li>IV. \u017dibartonys, Mieg\u0117nai, Gud\u017ei\u016bnai, Akademija, Dotnuva.<\/li>\n<\/ul>\n<\/li>\n<\/ul>\n<p><strong>DARBO GRAFIKAS:<\/strong><\/p>\n<ul>\n<li>Darbas organizuojamas slenkan\u010diu grafiku, dviem pamainomis:\n<ul>\n<li>Dienin\u0117 pamaina: 06:00 \u2013 17:30;<\/li>\n<li>Naktin\u0117 pamaina: 18:00 \u2013 05:30;<\/li>\n<\/ul>\n<\/li>\n<li>Suteikiamos 2-3 poilsio dienos tarp pamain\u0173.<\/li>\n<\/ul>\n<p><strong>KO TIKIM\u0116S I\u0160 J\u016aS\u0172:<\/strong><\/p>\n<ul>\n<li>Esate motyvuota(-as) dirbti fizin\u012f darb\u0105;<\/li>\n<li>Galite dirbti slenkan\u010diu, pamaininiu grafiku;<\/li>\n<li>Galite dirbti aplinkos temperat\u016broje +5 \u2013 +7 \u00b0C;<\/li>\n<li>Turite minimalius kompiuterinio ra\u0161tingumo \u012fg\u016bd\u017eius;<\/li>\n<li>Esate pareiginga(-as), atsakingas(-as), kruop\u0161ti(-us) ir norite tobul\u0117ti.<\/li>\n<\/ul>\n<p><strong>SI\u016aLOME:<\/strong><\/p>\n<ul>\n<li>Visas darbui reikalingas priemones, darbo r\u016bbus ir avalyn\u0119;<\/li>\n<li>Geras darbo s\u0105lygas bei motyvuojant\u012f, laiku mokam\u0105 atlyginim\u0105;<\/li>\n<li>Visas socialines garantijas;<\/li>\n<li>Darb\u0105 pa\u017eangioje \u012fmon\u0117je, kurioje daug d\u0117mesio skiriama darbo saugai, efektyvumui ir kokybei;<\/li>\n<li>Darb\u0105 draugi\u0161kame ir geranori\u0161kame kolektyve.<\/li>\n<\/ul>\n<p><strong>PAPILDOMI PRIVALUMAI:<\/strong><\/p>\n<ul>\n<li>Dalinai apmokami piet\u016bs darboviet\u0117je \u012frengtoje valgykloje;<\/li>\n<li>Poilsio zonos, virtuv\u0117l\u0117 su \u0161aldytuvu ir priemon\u0117mis maistui pasi\u0161ildyti;<\/li>\n<li>Galimyb\u0117 \u012f\/i\u0161 darbo vykti bendrov\u0117s u\u017esakytais autobusais.<\/li>\n<\/ul>\n<p><strong>KONTAKTINIAI DUOMENYS PASITEIRAVIMUI:<\/strong><\/p>\n<ul>\n<li>Tel.: +370 (670) 45 030<\/li>\n<li>El. pa\u0161tas: INFO@GLOBALSERVICES.LT<\/li>\n<\/ul>","protected":false},"excerpt":{"rendered":"<p style=\"text-align: left;\">\u2013 Atlyginimas: nuo 1.000 EUR (atskai\u010dius mokes\u010dius)<br \/>\n\u2013 Darbo trukm\u0117: Ilgalaikis darbas<br \/>\n\u2013 Atlyginimo mok\u0117jimas: Pageidaujantiems suteikiama galimyb\u0117 atlyginim\u0105 gauti kas savait\u0119<br \/>\n\u2013 Darbo vieta: Mantviloni\u0173 k., K\u0117daini\u0173 r.<\/p>","protected":false},"featured_media":32610,"template":"","meta":[],"product_cat":[48,70,38,50,26],"product_tag":[47],"class_list":["post-32609","product","type-product","status-publish","has-post-thumbnail","hentry","product_cat-darbo-sritis","product_cat-kedainiu-raj","product_cat-lietuva","product_cat-pramone-gamyba","product_cat-kita","product_tag-front"],"_links":{"self":[{"href":"https:\/\/globalservices.lt\/en\/wp-json\/wp\/v2\/product\/32609","targetHints":{"allow":["GET"]}}],"collection":[{"href":"https:\/\/globalservices.lt\/en\/wp-json\/wp\/v2\/product"}],"about":[{"href":"https:\/\/globalservices.lt\/en\/wp-json\/wp\/v2\/types\/product"}],"wp:featuredmedia":[{"embeddable":true,"href":"https:\/\/globalservices.lt\/en\/wp-json\/wp\/v2\/media\/32610"}],"wp:attachment":[{"href":"https:\/\/globalservices.lt\/en\/wp-json\/wp\/v2\/media?parent=32609"}],"wp:term":[{"taxonomy":"product_cat","embeddable":true,"href":"https:\/\/globalservices.lt\/en\/wp-json\/wp\/v2\/product_cat?post=32609"},{"taxonomy":"product_tag","embeddable":true,"href":"https:\/\/globalservices.lt\/en\/wp-json\/wp\/v2\/product_tag?post=32609"}],"curies":[{"name":"wp","href":"https:\/\/api.w.org\/{rel}","templated":true}]}}