{"id":32603,"date":"2026-03-17T07:48:49","date_gmt":"2026-03-17T07:48:49","guid":{"rendered":"https:\/\/globalservices.lt\/?post_type=product&#038;p=32603"},"modified":"2026-03-18T07:18:59","modified_gmt":"2026-03-18T07:18:59","slug":"pagalbiniai-darbuotojai-apmusejai-surinkejai-siuvejai-patirtis-nebutina-apmokome-darbo-vietoje-juodeliu-km-sirvintu-raj","status":"publish","type":"product","link":"https:\/\/globalservices.lt\/en\/shop\/darbo-sritis\/pramone-gamyba\/pagalbiniai-darbuotojai-apmusejai-surinkejai-siuvejai-patirtis-nebutina-apmokome-darbo-vietoje-juodeliu-km-sirvintu-raj\/","title":{"rendered":"Pagalbiniai darbuotojai, apmu\u0161\u0117jai, surink\u0117jai, siuv\u0117jai (Patirtis neb\u016btina \u2013 apmokome darbo vietoje! Juodeli\u0173 km., \u0160irvint\u0173 raj.)"},"content":{"rendered":"<p><!--StartFragment --><\/p>\n<p class=\"pf0\"><span class=\"cf0\">M<\/span><span class=\"cf1\">\u016bs\u0173 klientas <\/span><span class=\"cf2\">\u2013 mink<\/span><span class=\"cf1\">\u0161t\u0173 bald\u0173 gamybos \u012fmon\u0117 <\/span><span class=\"cf2\">\u2013 <\/span><span class=\"cf1\">\u0161iuo metu ie\u0161ko gamybos darbuotoj\u0173 \u012fvairioms pozicijoms u\u017eimti.<\/span><br \/>\n<span class=\"cf1\">Ie\u0161kome atsaking\u0173, kruop\u0161\u010di\u0173 ir motyvuot\u0173 darbuotoj\u0173, norin\u010di\u0173 dirbti stabilioje gamybos aplinkoje.<\/span><\/p>\n<p class=\"pf0\"><strong><span class=\"cf1\">\u0160IUO METU SI\u016aLOME DARB\u0104:<\/span><\/strong><\/p>\n<ul>\n<li class=\"pf0\"><span class=\"cf1\">Pagalbiniams darbuotojams<\/span><span class=\"cf3\"> (-oms)<\/span> <span class=\"cf3\">(<\/span><span class=\"cf1\">830<\/span><span class=\"cf2\">\u2013950 EUR<\/span><span class=\"cf1\">)<\/span><\/li>\n<li class=\"pf0\">Bald\u0173 <span class=\"cf1\">apmu\u0161\u0117jams<\/span><span class=\"cf3\"> (-oms)<\/span><span class=\"cf1\"> (970<\/span><span class=\"cf2\">\u20131 400 EUR<\/span><span class=\"cf1\">)<\/span><\/li>\n<li class=\"pf0\">Staliams <span class=\"cf3\">(-<\/span><span class=\"cf4\">\u0117<\/span><span class=\"cf3\">ms<\/span><span class=\"cf3\">) <\/span><span class=\"cf1\">(970<\/span><span class=\"cf2\">\u20131 400 EUR<\/span><span class=\"cf1\">)<\/span><\/li>\n<li class=\"pf0\">\u010ciu\u017eini\u0173 surink\u0117jams<span class=\"cf3\"> (-oms)<\/span><span class=\"cf1\"> (970<\/span><span class=\"cf2\">\u20131 100 EUR<\/span><span class=\"cf1\">)<\/span><\/li>\n<li class=\"pf0\">Siuv\u0117jams <span class=\"cf3\">(-oms) <\/span><span class=\"cf1\">(970<\/span><span class=\"cf2\">\u20131 100 EUR<\/span><span class=\"cf1\">)<\/span><\/li>\n<\/ul>\n<p><!--StartFragment --><\/p>\n<p class=\"pf0\"><span class=\"cf0\">Nurodyti atliginimai atskai<\/span><span class=\"cf1\">\u010dius mokes\u010dius.<\/span><br \/>\n<span class=\"cf1\">Atlyginimas priklauso nuo atlikto darbo kiekio ir rezultat\u0173 (i\u0161dirbio).<\/span><!--EndFragment --><\/p>\n<p><!--EndFragment --><\/p>\n<p class=\"pf0\"><strong><span class=\"cf1\">DARBO POB\u016aDIS<\/span><\/strong><\/p>\n<p><span class=\"cf1\">Pagal u\u017eimamas pareigas darbas lov\u0173, \u010diu\u017eini\u0173 ir kitos produkcijos gamyboje:<\/span><\/p>\n<ul>\n<li><span class=\"cf1\">pagalbiniai gamybos darbai;<\/span><\/li>\n<li>bald\u0173 karkas\u0173 surinkimas;<\/li>\n<li>bald\u0173 karkas\u0173 apmu\u0161imas;<\/li>\n<li>\u010diu\u017eini\u0173 surinkimas<span class=\"cf3\">, klijavimas<\/span><span class=\"cf1\"> ir apvilkimas;<\/span><\/li>\n<li>audini\u0173 siuvimas.<\/li>\n<\/ul>\n<p class=\"pf0\"><span class=\"cf1\">P<\/span><span class=\"cf3\">ATIRTIS NEB<\/span><span class=\"cf4\">\u016a<\/span><span class=\"cf3\">TINA<\/span> <span class=\"cf2\">\u2013 naujus darbuotojus apmokome darbo vietoje.<\/span><\/p>\n<p class=\"pf0\"><strong><span class=\"cf2\">DARBO VIETA<\/span><\/strong><\/p>\n<ul>\n<li class=\"pf0\"><span class=\"cf2\">Juodeli<\/span><span class=\"cf1\">\u0173 k., \u0160irvint\u0173 r.<\/span><\/li>\n<li class=\"pf0\">Ve<span class=\"cf4\">\u017e<\/span><span class=\"cf3\">am<\/span><span class=\"cf4\">\u0119<\/span> <span class=\"cf1\">\u012f \/ i\u0161 darbo i\u0161:<\/span>\n<ul>\n<li class=\"pf0\">Ukmerg\u0117s;<\/li>\n<li class=\"pf0\">U\u017eupio;<\/li>\n<li class=\"pf0\">Krik\u0161t\u0117n\u0173<span class=\"cf1\">;<\/span><\/li>\n<li class=\"pf0\">Bagaslavi\u0161kio;<\/li>\n<li class=\"pf0\">Vies\u0173;<\/li>\n<li class=\"pf0\">\u0160irvint\u0173;<\/li>\n<li class=\"pf0\">Juodeli\u0173.<\/li>\n<\/ul>\n<\/li>\n<\/ul>\n<p class=\"pf0\"><strong><span class=\"cf1\">DARBO GRAFIKAS<\/span><\/strong><\/p>\n<ul>\n<li class=\"pf0\"><span class=\"cf1\">Darbas dienin\u0117je pamainoje, I<\/span><span class=\"cf2\">\u2013V;<\/span><\/li>\n<li class=\"pf0\">Darbo laikas: 08:00\u201317:00 val.;<\/li>\n<li class=\"pf0\">Savaitgaliai laisvi.<\/li>\n<\/ul>\n<p class=\"pf0\"><strong><span class=\"cf2\">KO TIKIM<\/span><span class=\"cf1\">\u0116S?<\/span><\/strong><\/p>\n<ul>\n<li class=\"pf0\"><span class=\"cf1\">Kruop\u0161tumo ir atidumo detal\u0117ms;<\/span><\/li>\n<li class=\"pf0\">Noro mokytis ir tobul\u0117ti gamybin\u0117je aplinkoje;<\/li>\n<li class=\"pf0\">Atsakingumo ir punktualumo.<\/li>\n<\/ul>\n<p class=\"pf0\"><strong><span class=\"cf1\">SI\u016aLOME<\/span><\/strong><\/p>\n<ul>\n<li class=\"pf0\"><span class=\"cf1\">Apmokymus darbo vietoje;<\/span><\/li>\n<li class=\"pf0\">Laiku mokam\u0105 atlyginim\u0105;<\/li>\n<li class=\"pf0\">Visas socialines garantijas;<\/li>\n<li class=\"pf0\">Darb\u0105 draugi\u0161kame ir motyvuotame kolektyve;<\/li>\n<li class=\"pf0\">Galimyb\u0119 prisijungti prie stabilios ir augan\u010dios \u012fmon\u0117s.<\/li>\n<\/ul>\n<p class=\"pf0\"><strong><span class=\"cf1\">KONTAKTINIAI DUOMENYS PASITEIRAVIMUI<\/span><\/strong><\/p>\n<ul>\n<li class=\"pf0\"><span class=\"cf1\">Tel.: +370 (670) 45 030;<\/span><\/li>\n<li class=\"pf0\">El. pa\u0161tas: INFO@GLOBALSERVICES.LT<\/li>\n<\/ul>\n<p><!--EndFragment --><\/p>","protected":false},"excerpt":{"rendered":"<p><!--StartFragment --><\/p>\n<p class=\"pf0\" style=\"text-align: left;\"><span class=\"cf0\">\u2013 Atlyginimas: <\/span><span class=\"cf1\">830<\/span><span class=\"cf0\"> \u2013 1.400 EUR (atskai<\/span><span class=\"cf2\">\u010dius mokes\u010dius)<\/span><br \/>\n<span class=\"cf0\">\u2013 Darbo trukm<\/span><span class=\"cf2\">\u0117: Ilgalaikis darbas<\/span><br \/>\n<span class=\"cf0\">\u2013 Atlyginimo mok<\/span><span class=\"cf2\">\u0117jimas: Pageidaujantiems suteikiama galimyb\u0117 atlyginim\u0105 gauti kas savait\u0119<\/span><br \/>\n<span class=\"cf0\">\u2013 Darbo vieta: <\/span><span class=\"cf3\">Juodeli\u0173 k., \u0160irvint\u0173 r.<\/span><\/p>\n<p><!--EndFragment --><\/p>","protected":false},"featured_media":32604,"template":"","meta":[],"product_cat":[48,38,50,72,26],"product_tag":[47],"class_list":["post-32603","product","type-product","status-publish","has-post-thumbnail","hentry","product_cat-darbo-sritis","product_cat-lietuva","product_cat-pramone-gamyba","product_cat-sirvintu-raj","product_cat-kita","product_tag-front"],"_links":{"self":[{"href":"https:\/\/globalservices.lt\/en\/wp-json\/wp\/v2\/product\/32603","targetHints":{"allow":["GET"]}}],"collection":[{"href":"https:\/\/globalservices.lt\/en\/wp-json\/wp\/v2\/product"}],"about":[{"href":"https:\/\/globalservices.lt\/en\/wp-json\/wp\/v2\/types\/product"}],"wp:featuredmedia":[{"embeddable":true,"href":"https:\/\/globalservices.lt\/en\/wp-json\/wp\/v2\/media\/32604"}],"wp:attachment":[{"href":"https:\/\/globalservices.lt\/en\/wp-json\/wp\/v2\/media?parent=32603"}],"wp:term":[{"taxonomy":"product_cat","embeddable":true,"href":"https:\/\/globalservices.lt\/en\/wp-json\/wp\/v2\/product_cat?post=32603"},{"taxonomy":"product_tag","embeddable":true,"href":"https:\/\/globalservices.lt\/en\/wp-json\/wp\/v2\/product_tag?post=32603"}],"curies":[{"name":"wp","href":"https:\/\/api.w.org\/{rel}","templated":true}]}}