{"id":32591,"date":"2025-10-28T11:16:23","date_gmt":"2025-10-28T11:16:23","guid":{"rendered":"https:\/\/globalservices.lt\/?post_type=product&#038;p=32591"},"modified":"2025-10-29T08:05:16","modified_gmt":"2025-10-29T08:05:16","slug":"elektrikai-automatikai","status":"publish","type":"product","link":"https:\/\/globalservices.lt\/en\/shop\/darbo-sritis\/mechanika-inzinerija\/elektrikai-automatikai\/","title":{"rendered":"ELEKTRIKAS (-\u0116), AUTOMATIKAS (-\u0116) &#8211; Patirtis neb\u016btina \u2013 apmokome darbo vietoje! (K\u0117daini\u0173 raj.)"},"content":{"rendered":"<p><!--StartFragment --><\/p>\n<p class=\"pf0\" style=\"text-align: left;\"><strong><span class=\"cf0\">Apie \u012fmon\u0119<\/span><\/strong><\/p>\n<p class=\"pf0\"><span class=\"cf1\">M<\/span><span class=\"cf2\">\u016b<\/span><span class=\"cf1\">s<\/span><span class=\"cf2\">\u0173<\/span><span class=\"cf1\"> klientas, v<\/span><span class=\"cf0\">iena moderniausi\u0173 ir did\u017eiausi\u0173 m\u0117sos perdirbimo \u012fmoni\u0173 Baltijos \u0161alyse ie\u0161ko komandos pastiprinimo!<\/span><\/p>\n<p class=\"pf0\"><strong><span class=\"cf0\">D<\/span><span class=\"cf1\">ARBO POB<\/span><span class=\"cf2\">\u016a<\/span><span class=\"cf1\">DIS<\/span><span class=\"cf0\">:<\/span><\/strong><\/p>\n<ul>\n<li class=\"pf0\"><span class=\"cf0\">Maisto pramon\u0117s elektros ir automatikos \u012frengini\u0173 prie\u017ei\u016bra;<\/span><\/li>\n<li class=\"pf0\">Technologin\u0117s \u012frangos automatin\u0117s dalies gedim\u0173 diagnostika ir remontas;<\/li>\n<li class=\"pf0\">Technologin\u0117s \u012frangos ir jos sudedam\u0173j\u0173 dali\u0173 keitimas.<\/li>\n<\/ul>\n<p class=\"pf0\"><strong><span class=\"cf0\">J<\/span><span class=\"cf1\">EI NETURITE PATIRTIES, J<\/span><span class=\"cf2\">\u016a<\/span><span class=\"cf1\">S<\/span><span class=\"cf2\">\u0172<\/span><span class=\"cf1\"> LAUKIA<\/span><span class=\"cf0\">:<\/span><\/strong><\/p>\n<ul>\n<li class=\"pf0\"><span class=\"cf0\">\u012edomus mokymosi procesas \u0161alia auk\u0161tos kvalifikacijos specialisto;<\/span><\/li>\n<li class=\"pf0\">Galimyb\u0117 kelti kvalifikacij\u0105 ir tobul\u0117ti profesin\u0117je srityje.<\/li>\n<\/ul>\n<p class=\"pf0\"><strong><span class=\"cf0\">D<\/span><span class=\"cf1\">ARBO VIETA<\/span><span class=\"cf0\">:<\/span><\/strong><\/p>\n<ul>\n<li class=\"pf0\"><strong>Mantviloni\u0173<span class=\"cf0\"> k., K\u0117daini\u0173 r.;<\/span><\/strong><\/li>\n<li class=\"pf0\"><span class=\"cf0\">\u012e \/ I\u0161 darbo nemokamai ve\u017eioja \u012fmon\u0117s transportas i\u0161 aplinkini\u0173 gyvenvie\u010di\u0173:<\/span>\n<ul>\n<li class=\"pf0\">I. Naujarod<span class=\"cf1\">\u017eiai<\/span><span class=\"cf1\"> (Panev\u0117\u017eio raj.), <\/span>Krekenava (Panev\u0117\u017eio raj.), Survili\u0161kis, Kalnaber\u017e\u0117, Siruti\u0161kis<\/li>\n<li class=\"pf0\">II. Visas K\u0117daini\u0173 miestas (\u012fskaitant Vilainius, <span class=\"cf1\">Bab\u0117nus<\/span><span class=\"cf1\">)<\/span><\/li>\n<li class=\"pf0\">III. Sk\u0117miai, Krak\u0117s, Josvainiai<\/li>\n<li class=\"pf0\">IV. \u017dibartonys, Mieg\u0117nai, Gud\u017ei\u016bnai, Akademija, Dotnuva<!--EndFragment --><\/li>\n<\/ul>\n<\/li>\n<li class=\"pf0\"><span class=\"cf0\">Jeigu vykstate savaranki\u0161kai <\/span><span class=\"cf5\">\u2013 galima kuro kompensacija.<\/span><\/li>\n<\/ul>\n<p class=\"pf0\"><strong><span class=\"cf0\">D<\/span><span class=\"cf1\">ARBO GRAFIKAS<\/span><span class=\"cf0\">:<\/span><\/strong><\/p>\n<p class=\"pf0\"><span class=\"cf0\">Darbas organizuojamas slenkan\u010diu grafiku, dviem pamainomis:<\/span><\/p>\n<ul>\n<li class=\"pf0\"><span class=\"cf0\">I pamaina: 6:00 <\/span><span class=\"cf5\">\u2013 18:00 val.<\/span><\/li>\n<li class=\"pf0\">II pamaina: 18:00 \u2013 06:00 val.<\/li>\n<\/ul>\n<p class=\"pf0\"><span class=\"cf5\">Darbo grafik<\/span><span class=\"cf0\">\u0105 galima <\/span><span class=\"cf1\">pasi<\/span><span class=\"cf0\">derinti prie\u0161 pradedant darb\u0105.<\/span><\/p>\n<p class=\"pf0\"><strong><span class=\"cf0\">K<\/span><span class=\"cf1\">O TIKIM<\/span><span class=\"cf2\">\u0116<\/span><span class=\"cf1\">S I<\/span><span class=\"cf2\">\u0160<\/span><span class=\"cf1\"> J<\/span><span class=\"cf2\">\u016a<\/span><span class=\"cf1\">S<\/span><span class=\"cf2\">\u0172<\/span><span class=\"cf0\">:<\/span><\/strong><\/p>\n<ul>\n<li class=\"pf0\"><span class=\"cf0\">Galite dirbti slenkan\u010diu, pamaininiu grafiku;<\/span><\/li>\n<li class=\"pf0\">Gebate skaityti elektros \u012frengini\u0173 br\u0117\u017einius;<\/li>\n<li class=\"pf0\">Mokate diagnozuoti gedimus;<\/li>\n<li class=\"pf0\">I\u0161manote \u012frengim\u0173 montavimo ir remonto eili\u0161kum\u0105;<\/li>\n<li class=\"pf0\">Esate pareigingas, atsakingas, kruop\u0161tus ir norite tobul\u0117ti.<\/li>\n<\/ul>\n<p class=\"pf0\"><strong><span class=\"cf0\">S<\/span><span class=\"cf1\">I<\/span><span class=\"cf2\">\u016a<\/span><span class=\"cf1\">LOME<\/span><span class=\"cf0\">:<\/span><\/strong><\/p>\n<ul>\n<li class=\"pf0\"><span class=\"cf0\">Visas darbui reikalingas priemones, darbo r\u016bbus ir avalyn\u0119;<\/span><\/li>\n<li class=\"pf0\">Geras darbo s\u0105lygas bei motyvuojant\u012f, laiku mokam\u0105 atlyginim\u0105;<\/li>\n<li class=\"pf0\">Visas socialines garantijas;<\/li>\n<li class=\"pf0\">Darb\u0105 pa\u017eangioje \u012fmon\u0117je, kurioje daug d\u0117mesio skiriama darbo saugai, efektyvumui ir kokybei;<\/li>\n<li class=\"pf0\">Skatinan\u010di\u0105 <span class=\"cf5\">\u201eaugti\u201c darbo aplink<\/span><span class=\"cf0\">\u0105;<\/span><\/li>\n<li class=\"pf0\">Darb\u0105 draugi\u0161kame ir geranori\u0161kame kolektyve.<\/li>\n<\/ul>\n<p class=\"pf0\"><strong><span class=\"cf0\">P<\/span><span class=\"cf1\">APILDOMI PRIVALUMAI<\/span><span class=\"cf0\">:<\/span><\/strong><\/p>\n<ul>\n<li class=\"pf0\"><span class=\"cf0\">Dalinai apmokami piet\u016bs darboviet\u0117je \u012frengtoje valgykloje;<\/span><\/li>\n<li class=\"pf0\">Poilsio zonos, virtuv\u0117l\u0117 su \u0161aldytuvu ir priemon\u0117mis maistui pasi\u0161ildyti;<\/li>\n<li class=\"pf0\">Galimyb\u0117 \u012f\/i\u0161 darbo vykti bendrov\u0117s u\u017esakytais autobusais<\/li>\n<\/ul>\n<p class=\"pf0\"><strong><span class=\"cf0\">K<\/span><span class=\"cf1\">ONTAKTINIAI DUOMENYS PASITEIRAVIMUI<\/span><span class=\"cf0\">:<\/span><\/strong><\/p>\n<ul>\n<li class=\"pf0\"><span class=\"cf4\">Tel.: +370 (670) 45 030<\/span><\/li>\n<li class=\"pf0\">El. pa<span class=\"cf0\">\u0161tas: <\/span><span class=\"cf1\">INFO<\/span><span class=\"cf0\">@<\/span><span class=\"cf4\">GLOBALSERVICES.LT<\/span><\/li>\n<\/ul>\n<p><!--EndFragment --><\/p>","protected":false},"excerpt":{"rendered":"<p><!--StartFragment --><\/p>\n<p class=\"pf0\"><!--StartFragment --><\/p>\n<p class=\"pf0\"><!--StartFragment --><\/p>\n<p style=\"text-align: left;\"><span class=\"cf0\">&#8211; <\/span><span class=\"cf1\">Atlyginimas: 1<\/span><span class=\"cf0\">.<\/span><span class=\"cf1\">000 <\/span><span class=\"cf2\">\u2013 1<\/span><span class=\"cf0\">.<\/span><span class=\"cf2\">500 EUR (atskai<\/span><span class=\"cf3\">\u010dius mokes\u010dius)<\/span><br \/>\n<span class=\"cf0\">&#8211; <\/span><span class=\"cf1\">Darbo trukm<\/span><span class=\"cf3\">\u0117: Ilgalaikis darbas<\/span><br \/>\n<span class=\"cf0\">&#8211; <\/span><span class=\"cf1\">Atlyginimo mok<\/span><span class=\"cf3\">\u0117jimas: Pageidaujantiems suteikiama galimyb\u0117 atlyginim\u0105 gauti kas savait\u0119<\/span><br \/>\n<span class=\"cf0\">&#8211; <\/span><span class=\"cf1\">Darbo vieta: Mantviloni\u0173<span class=\"cf0\"> k., K\u0117daini\u0173 r.<\/span><\/span><\/p>\n<p class=\"pf0\"><!--EndFragment --><\/p>\n<p><!--EndFragment --><\/p>","protected":false},"featured_media":32592,"template":"","meta":[],"product_cat":[48,52,60,70,38,49,51,26],"product_tag":[47],"class_list":["post-32591","product","type-product","status-publish","has-post-thumbnail","hentry","product_cat-darbo-sritis","product_cat-energetika-elektronika-elektros-inzinerija","product_cat-kaunas","product_cat-kedainiu-raj","product_cat-lietuva","product_cat-mechanika-inzinerija","product_cat-statyba","product_cat-kita","product_tag-front"],"_links":{"self":[{"href":"https:\/\/globalservices.lt\/en\/wp-json\/wp\/v2\/product\/32591","targetHints":{"allow":["GET"]}}],"collection":[{"href":"https:\/\/globalservices.lt\/en\/wp-json\/wp\/v2\/product"}],"about":[{"href":"https:\/\/globalservices.lt\/en\/wp-json\/wp\/v2\/types\/product"}],"wp:featuredmedia":[{"embeddable":true,"href":"https:\/\/globalservices.lt\/en\/wp-json\/wp\/v2\/media\/32592"}],"wp:attachment":[{"href":"https:\/\/globalservices.lt\/en\/wp-json\/wp\/v2\/media?parent=32591"}],"wp:term":[{"taxonomy":"product_cat","embeddable":true,"href":"https:\/\/globalservices.lt\/en\/wp-json\/wp\/v2\/product_cat?post=32591"},{"taxonomy":"product_tag","embeddable":true,"href":"https:\/\/globalservices.lt\/en\/wp-json\/wp\/v2\/product_tag?post=32591"}],"curies":[{"name":"wp","href":"https:\/\/api.w.org\/{rel}","templated":true}]}}