{"id":32590,"date":"2025-10-27T07:53:22","date_gmt":"2025-10-27T07:53:22","guid":{"rendered":"https:\/\/globalservices.lt\/?post_type=product&#038;p=32590"},"modified":"2025-11-21T10:13:01","modified_gmt":"2025-11-21T10:13:01","slug":"sandelio-darbuotojas-a-kaunas","status":"publish","type":"product","link":"https:\/\/globalservices.lt\/en\/shop\/darbo-sritis\/logistika-sandeliavimas\/sandelio-darbuotojas-a-kaunas\/","title":{"rendered":"Sand\u0117lio darbuotojas (-a) (Kaunas)"},"content":{"rendered":"<p>Kvie\u010diame prisijungti energingus bei atsakingus \u017emones, norin\u010dius dirbti logistikos ir transporto srityje.<\/p>\n<p>Jei ie\u0161kote stabilaus darbo sand\u0117lyje, kuriame vertinamas kiekvieno ind\u0117lis ir komandin\u0117 dvasia \u2013 \u0161i galimyb\u0117 kaip tik jums!<\/p>\n<p><strong>DARBO POB\u016aDIS:<\/strong><\/p>\n<ul>\n<li>\n<div>Siunt\u0173 r\u016b\u0161iavimas, markiravimas, pakavimas;<\/div>\n<\/li>\n<li>\n<div>Siunt\u0173 krovimas rankomis ir \/ arba elektriniu krautuvu;<\/div>\n<\/li>\n<li>\n<div>Siunt\u0173 pri\u0117mimas, surinkimas, i\u0161davimas;<\/div>\n<\/li>\n<li>\n<div>Tvarkos terminale palaikymas.<\/div>\n<\/li>\n<\/ul>\n<p><strong>DARBO GRAFIKAS:<\/strong><\/p>\n<ul>\n<li>Galite pasirinkti jums tinkamiausi\u0105 grafik\u0105;\n<div>Darbo dienos: <strong>Pirmadienis &#8211; Penktadienis;<\/strong><\/div>\n<div>Galimos pamainos:<\/div>\n<ul>\n<li>\n<div>06:00 \u2013 15:00 \/ 15:00 \u2013 00:00;<\/div>\n<\/li>\n<li>\n<div>08:00 \u2013 17:00;<\/div>\n<\/li>\n<li>\n<div>11:00 \u2013 20:00;<\/div>\n<\/li>\n<li>\n<div>17:00 \u2013 02:00.<\/div>\n<\/li>\n<\/ul>\n<\/li>\n<li><strong>Savaitgaliai \u2013 laisvi!<\/strong><\/li>\n<\/ul>\n<p><strong>KO TIKIM\u0116S?<\/strong><\/p>\n<ul>\n<li>Nebijote fizinio darbo;<\/li>\n<li>Esate pozityvus, darb\u0161tus, atsakingas, iniciatyvus.<\/li>\n<\/ul>\n<p><strong>SI\u016aLOME:<\/strong><\/p>\n<ul>\n<li>Geras darbo s\u0105lygas bei motyvuojant\u012f atlyginim\u0105;<\/li>\n<li>Visas socialines garantijas;<\/li>\n<li>Galimyb\u0119 derinti darb\u0105 su studijomis ar kitomis veiklomis;<\/li>\n<li>Darb\u0105 draugi\u0161kame kolektyve su motyvuojan\u010diais ir padedan\u010diais vadovais.<\/li>\n<\/ul>\n<p><strong>KONTAKTINIAI DUOMENYS PASITEIRAVIMUI:<\/strong><\/p>\n<ul>\n<li>T.: +370 (670) 45 030<\/li>\n<li>E.: INFO@GLOBALSERVICES.LT<\/li>\n<\/ul>","protected":false},"excerpt":{"rendered":"<p style=\"text-align: left;\">\u2013 Atlyginimas: 980 \u2013 1.100 EUR (atskai\u010dius mokes\u010dius);<br \/>\n\u2013 Darbo trukm\u0117: Iki 2025.12.30;<br \/>\n\u2013 Atlyginimo mok\u0117jimas: Norintiems yra galimyb\u0117 atlyginim\u0105 gauti kas savait\u0119;<br \/>\n\u2013 Darbo vieta: Darbo g., Kaunas.<\/p>","protected":false},"featured_media":32526,"template":"","meta":[],"product_cat":[48,60,38,66,26],"product_tag":[47],"class_list":["post-32590","product","type-product","status-publish","has-post-thumbnail","hentry","product_cat-darbo-sritis","product_cat-kaunas","product_cat-lietuva","product_cat-logistika-sandeliavimas","product_cat-kita","product_tag-front"],"_links":{"self":[{"href":"https:\/\/globalservices.lt\/en\/wp-json\/wp\/v2\/product\/32590","targetHints":{"allow":["GET"]}}],"collection":[{"href":"https:\/\/globalservices.lt\/en\/wp-json\/wp\/v2\/product"}],"about":[{"href":"https:\/\/globalservices.lt\/en\/wp-json\/wp\/v2\/types\/product"}],"wp:featuredmedia":[{"embeddable":true,"href":"https:\/\/globalservices.lt\/en\/wp-json\/wp\/v2\/media\/32526"}],"wp:attachment":[{"href":"https:\/\/globalservices.lt\/en\/wp-json\/wp\/v2\/media?parent=32590"}],"wp:term":[{"taxonomy":"product_cat","embeddable":true,"href":"https:\/\/globalservices.lt\/en\/wp-json\/wp\/v2\/product_cat?post=32590"},{"taxonomy":"product_tag","embeddable":true,"href":"https:\/\/globalservices.lt\/en\/wp-json\/wp\/v2\/product_tag?post=32590"}],"curies":[{"name":"wp","href":"https:\/\/api.w.org\/{rel}","templated":true}]}}