{"id":32586,"date":"2025-09-04T13:47:20","date_gmt":"2025-09-04T13:47:20","guid":{"rendered":"https:\/\/globalservices.lt\/?post_type=product&#038;p=32586"},"modified":"2025-09-04T13:47:20","modified_gmt":"2025-09-04T13:47:20","slug":"ukio-prieziuros-darbininkas-e-vilniuje-netoli-vilniaus-oro-uosto","status":"publish","type":"product","link":"https:\/\/globalservices.lt\/en\/shop\/darbo-sritis\/pramone-gamyba\/ukio-prieziuros-darbininkas-e-vilniuje-netoli-vilniaus-oro-uosto\/","title":{"rendered":"\u016akio prie\u017ei\u016bros darbininkas (-\u0117) Vilniuje (Netoli Vilniaus Oro uosto)"},"content":{"rendered":"<p>Ie\u0161kome atsakingo ir motyvuoto \u016bkio prie\u017ei\u016bros darbuotojo (-os), kuris (-i) nor\u0117t\u0173 prisijungti prie m\u016bs\u0173 komandos.<\/p>\n<p><strong>DARBO POB\u016aDIS:<\/strong><\/p>\n<ul>\n<li>Smulki\u0173 \u012fmon\u0117s patalp\u0173 remonto darbai;<\/li>\n<li>Santechnikos remonto darbai;<\/li>\n<li>Inventoriaus prie\u017ei\u016bra bei remontas;<\/li>\n<li>\u012evair\u016bs \u016bkio darbai.<\/li>\n<\/ul>\n<p><strong>DARBO GRAFIKAS:<\/strong><\/p>\n<ul>\n<li>Darbo dienos: Pirmadienis\u2013penktadienis;<\/li>\n<li>Darbo laikas: nuo 7:00 iki 16:00 val.;<\/li>\n<li>Galimyb\u0117 dirbti vir\u0161valand\u017eius pagal poreik\u012f.<\/li>\n<\/ul>\n<p><strong>KO TIKIM\u0116S?<\/strong><\/p>\n<ul>\n<li>Pana\u0161ios arba analogi\u0161kos darbo patirties;<\/li>\n<li>Atsakingumo ir darb\u0161tumo;<\/li>\n<li>Energijos ir motyvacijos nuolat siekti rezultat\u0173.<\/li>\n<\/ul>\n<p><strong>SI\u016aLOME:<\/strong><\/p>\n<ul>\n<li>Apmokymus darbo vietoje;<\/li>\n<li>Geras darbo s\u0105lygas ir laiku mokam\u0105 atlyginim\u0105;<\/li>\n<li>Norintiems suteikiame galimyb\u0119 atlyginim\u0105 gauti kas savait\u0119;<\/li>\n<li>Visas socialines garantijas;<\/li>\n<li>Darb\u0105 draugi\u0161kame ir motyvuotame kolektyve;<\/li>\n<li>Galimyb\u0119 prisijungti prie stabilios ir augan\u010dios \u012fmon\u0117s.<\/li>\n<\/ul>\n<p><strong>KONTAKTINIAI DUOMENYS PASITEIRAVIMUI:<\/strong><\/p>\n<ul>\n<li>Tel.: +370 (670) 45 030;<\/li>\n<li>El. pa\u0161tas: INFO@GLOBALSERVICES.LT<\/li>\n<\/ul>","protected":false},"excerpt":{"rendered":"<p style=\"text-align: left;\">\u2013 Atlyginimas: 1.100 \u2013 1.200 EUR\/m\u0117n. (\u201e\u012f rankas\u201d);<br \/>\n\u2013 Atlyginimo mok\u0117jimas: norintiems suteikiame galimyb\u0119 atlyginim\u0105 gauti kas savait\u0119;<br \/>\n\u2013 Darbo trukm\u0117: ilgalaikis darbas;<br \/>\n\u2013 Darbo vieta: Dariaus ir Gir\u0117no g. (Netoli Vilniaus oro uosto);<br \/>\n\u2013 Darbo laikas: nuo 7:00 iki 16:00, pirmadienis\u2013penktadienis.<\/p>","protected":false},"featured_media":32587,"template":"","meta":[],"product_cat":[48,38,50,62,26],"product_tag":[47],"class_list":["post-32586","product","type-product","status-publish","has-post-thumbnail","hentry","product_cat-darbo-sritis","product_cat-lietuva","product_cat-pramone-gamyba","product_cat-vilnius","product_cat-kita","product_tag-front"],"_links":{"self":[{"href":"https:\/\/globalservices.lt\/en\/wp-json\/wp\/v2\/product\/32586","targetHints":{"allow":["GET"]}}],"collection":[{"href":"https:\/\/globalservices.lt\/en\/wp-json\/wp\/v2\/product"}],"about":[{"href":"https:\/\/globalservices.lt\/en\/wp-json\/wp\/v2\/types\/product"}],"wp:featuredmedia":[{"embeddable":true,"href":"https:\/\/globalservices.lt\/en\/wp-json\/wp\/v2\/media\/32587"}],"wp:attachment":[{"href":"https:\/\/globalservices.lt\/en\/wp-json\/wp\/v2\/media?parent=32586"}],"wp:term":[{"taxonomy":"product_cat","embeddable":true,"href":"https:\/\/globalservices.lt\/en\/wp-json\/wp\/v2\/product_cat?post=32586"},{"taxonomy":"product_tag","embeddable":true,"href":"https:\/\/globalservices.lt\/en\/wp-json\/wp\/v2\/product_tag?post=32586"}],"curies":[{"name":"wp","href":"https:\/\/api.w.org\/{rel}","templated":true}]}}