{"id":32582,"date":"2025-08-27T09:12:48","date_gmt":"2025-08-27T09:12:48","guid":{"rendered":"https:\/\/globalservices.lt\/?post_type=product&#038;p=32582"},"modified":"2025-08-27T09:13:42","modified_gmt":"2025-08-27T09:13:42","slug":"pagalbinis-e-sandelio-darbuotojas-a-vilniuje-baldu-gamybos-imoneje","status":"publish","type":"product","link":"https:\/\/globalservices.lt\/en\/shop\/darbo-sritis\/pramone-gamyba\/pagalbinis-e-sandelio-darbuotojas-a-vilniuje-baldu-gamybos-imoneje\/","title":{"rendered":"Pagalbinis (-\u0117) \/ Sand\u0117lio darbuotojas (-a) Vilniuje (Bald\u0173 gamybos \u012fmon\u0117je)"},"content":{"rendered":"<p>Ie\u0161kome atsakingo ir motyvuoto pagalbinio darbuotojo (-os), prisijungti prie m\u016bs\u0173 komandos. Jei norite dirbti gamybos aplinkoje ir neturite patirties \u2013 mes jus apmokysime!<\/p>\n<p><strong>DARBO POB\u016aDIS:<\/strong><\/p>\n<ul>\n<li>U\u017etikrinti pagamint\u0173 gamini\u0173 &#8211; detali\u0173 jud\u0117jim\u0105 tarp atskir\u0173 mechaninio cecho apdirbimo centr\u0173 ir sand\u0117li\u0173;<\/li>\n<li>Pagamint\u0173 detali\u0173 paruo\u0161imas transportavimui ceche ir sand\u0117lyje;<\/li>\n<li>Pagalbiniai darbai gamybos proceso metu pagal vadovo nurodymus.<\/li>\n<\/ul>\n<p><strong>DARBO GRAFIKAS:<\/strong><\/p>\n<ul>\n<li>Darbas organizuojamas dviem pamainomis:\n<ul>\n<li>I pamaina: 06:00\u201314:30 val.;<\/li>\n<li>II pamaina: 14:30\u201323:00 val.<\/li>\n<\/ul>\n<\/li>\n<li>Pamaina kei\u010diasi kas savait\u0119;<\/li>\n<li>Darbo dienos: pirmadienis\u2013penktadienis, 40 val. per savait\u0119;<\/li>\n<\/ul>\n<p><strong>KO TIKIM\u0116S?<\/strong><\/p>\n<ul>\n<li>Esate kruop\u0161tus, atsakingas ir pareigingas;<\/li>\n<li><strong>Gebate dirbti su gamybiniais br\u0117\u017einiais;<\/strong><\/li>\n<li>Norite dirbti komandoje ir mokytis.<\/li>\n<\/ul>\n<p><strong>SI\u016aLOME:<\/strong><\/p>\n<ul>\n<li>Darb\u0105 pilnu etatu;<\/li>\n<li>Apmokymus darbo vietoje;<\/li>\n<li>Laiku mokam\u0105 atlyginim\u0105;<\/li>\n<li>Stabil\u0173 ir draugi\u0161k\u0105 kolektyv\u0105;<\/li>\n<li>Visas socialines garantijas.<\/li>\n<\/ul>\n<p><strong>KONTAKTINIAI DUOMENYS PASITEIRAVIMUI:<\/strong><\/p>\n<ul>\n<li>Tel.: +370 (670) 45 030;<\/li>\n<li>El. pa\u0161tas: INFO@GLOBALSERVICES.LT<\/li>\n<\/ul>","protected":false},"excerpt":{"rendered":"<p style=\"text-align: left;\">&#8211; Atlyginimas: nuo 1.100 EUR\/m\u0117n. (\u201e\u012e rankas\u201d);<br \/>\n&#8211; Atlyginimo mok\u0117jimas: norintiems suteikiame galimyb\u0119 atlyginim\u0105 gauti kas savait\u0119;<br \/>\n&#8211; Darbo trukm\u0117: Ilgalaikis darbas;<br \/>\n&#8211; Darbo vieta: Dariaus ir Gir\u0117no g. (Netoli Vilniaus oro uosto).<\/p>","protected":false},"featured_media":32583,"template":"","meta":[],"product_cat":[48,38,50,62,26],"product_tag":[47],"class_list":["post-32582","product","type-product","status-publish","has-post-thumbnail","hentry","product_cat-darbo-sritis","product_cat-lietuva","product_cat-pramone-gamyba","product_cat-vilnius","product_cat-kita","product_tag-front"],"_links":{"self":[{"href":"https:\/\/globalservices.lt\/en\/wp-json\/wp\/v2\/product\/32582","targetHints":{"allow":["GET"]}}],"collection":[{"href":"https:\/\/globalservices.lt\/en\/wp-json\/wp\/v2\/product"}],"about":[{"href":"https:\/\/globalservices.lt\/en\/wp-json\/wp\/v2\/types\/product"}],"wp:featuredmedia":[{"embeddable":true,"href":"https:\/\/globalservices.lt\/en\/wp-json\/wp\/v2\/media\/32583"}],"wp:attachment":[{"href":"https:\/\/globalservices.lt\/en\/wp-json\/wp\/v2\/media?parent=32582"}],"wp:term":[{"taxonomy":"product_cat","embeddable":true,"href":"https:\/\/globalservices.lt\/en\/wp-json\/wp\/v2\/product_cat?post=32582"},{"taxonomy":"product_tag","embeddable":true,"href":"https:\/\/globalservices.lt\/en\/wp-json\/wp\/v2\/product_tag?post=32582"}],"curies":[{"name":"wp","href":"https:\/\/api.w.org\/{rel}","templated":true}]}}