{"id":32578,"date":"2025-08-27T06:36:15","date_gmt":"2025-08-27T06:36:15","guid":{"rendered":"https:\/\/globalservices.lt\/?post_type=product&#038;p=32578"},"modified":"2025-10-09T08:14:04","modified_gmt":"2025-10-09T08:14:04","slug":"kelio-darbininkas-e-pagalbinis-darbininkas-e-kelio-darbams-siauliuose","status":"publish","type":"product","link":"https:\/\/globalservices.lt\/en\/shop\/darbo-sritis\/statyba\/kelio-darbininkas-e-pagalbinis-darbininkas-e-kelio-darbams-siauliuose\/","title":{"rendered":"Kelio Darbininkas (-\u0117) &#8211; \u0160iauliuose"},"content":{"rendered":"<p>Ie\u0161kome darb\u0161\u010di\u0173 ir atsaking\u0173 kelio darbinink\u0173 prisijungti prie m\u016bs\u0173 komandos.<\/p>\n<p><strong>DARBO POB\u016aDIS:<\/strong><\/p>\n<ul>\n<li>Pagrind\u0173 \u012frengimas;<\/li>\n<li>Kelio ir vejos bordi\u016br\u0173 statymas;<\/li>\n<li>Asfaltbetonio, trinkeli\u0173, \u0161aligatvio plyteli\u0173 dang\u0173 \u012frengimas;<\/li>\n<li>Vej\u0173 \u012frengimas;<\/li>\n<li>Va\u017eiuojam\u0173j\u0173 ir p\u0117s\u010di\u0173j\u0173 dang\u0173 atstatymas.<\/li>\n<\/ul>\n<p><strong>DARBO GRAFIKAS:<\/strong><\/p>\n<ul>\n<li>Darbo laikas: nuo 7:30 iki 16:30 val.<\/li>\n<li>Darbo dienos: pirmadienis\u2013penktadienis<\/li>\n<li>Savaitgaliais ir \u0161ven\u010di\u0173 dienomis nedirbame<\/li>\n<\/ul>\n<p><strong>KO TIKIM\u0116S:<\/strong><\/p>\n<ul>\n<li>Darb\u0161tumo, atsakingumo;<\/li>\n<li>Neturite \u017ealing\u0173 \u012fpro\u010di\u0173;<\/li>\n<li>Gebate dirbti komandoje;<\/li>\n<li>Pana\u0161aus darbo patirtis \u2013 privalumas, ta\u010diau neb\u016btinas;<\/li>\n<li>Rus\u0173 kalbos mok\u0117jimas b\u016bt\u0173 privalumas.<\/li>\n<\/ul>\n<p><strong>SI\u016aLOME:<\/strong><\/p>\n<ul>\n<li>Darb\u0105 pilnu etatu;<\/li>\n<li>Apmokymus darbo vietoje;<\/li>\n<li>Laiku mokam\u0105 atlyginim\u0105;<\/li>\n<li>Stabil\u0173 ir draugi\u0161k\u0105 kolektyv\u0105;<\/li>\n<li>Visas socialines garantijas.<\/li>\n<\/ul>\n<p><strong>KONTAKTINIAI DUOMENYS PASITEIRAVIMUI:<\/strong><\/p>\n<ul>\n<li>Tel.: +370 (670) 45 030;<\/li>\n<li>El. pa\u0161tas: INFO@GLOBALSERVICES.LT<\/li>\n<\/ul>","protected":false},"excerpt":{"rendered":"<p style=\"text-align: left;\">&#8211; Atlyginimas: nuo 1.000 EUR\/m\u0117n. \u2013 1.400 EUR\/m\u0117n. (\u201e\u012e rankas\u201d) (priklauso nuo kompetencijos, patirties ir darbo pob\u016bd\u017eio);<br \/>\n&#8211; Atlyginimo mok\u0117jimas: norintiems suteikiame galimyb\u0119 atlyginim\u0105 gauti kas savait\u0119;<br \/>\n&#8211; Darbo trukm\u0117: Sezoninis darbas;<br \/>\n&#8211; Darbo vieta: \u0160iauli\u0173 miestas.<\/p>","protected":false},"featured_media":32579,"template":"","meta":[],"product_cat":[48,38,69,51,26],"product_tag":[47],"class_list":["post-32578","product","type-product","status-publish","has-post-thumbnail","hentry","product_cat-darbo-sritis","product_cat-lietuva","product_cat-siauliai","product_cat-statyba","product_cat-kita","product_tag-front"],"_links":{"self":[{"href":"https:\/\/globalservices.lt\/en\/wp-json\/wp\/v2\/product\/32578","targetHints":{"allow":["GET"]}}],"collection":[{"href":"https:\/\/globalservices.lt\/en\/wp-json\/wp\/v2\/product"}],"about":[{"href":"https:\/\/globalservices.lt\/en\/wp-json\/wp\/v2\/types\/product"}],"wp:featuredmedia":[{"embeddable":true,"href":"https:\/\/globalservices.lt\/en\/wp-json\/wp\/v2\/media\/32579"}],"wp:attachment":[{"href":"https:\/\/globalservices.lt\/en\/wp-json\/wp\/v2\/media?parent=32578"}],"wp:term":[{"taxonomy":"product_cat","embeddable":true,"href":"https:\/\/globalservices.lt\/en\/wp-json\/wp\/v2\/product_cat?post=32578"},{"taxonomy":"product_tag","embeddable":true,"href":"https:\/\/globalservices.lt\/en\/wp-json\/wp\/v2\/product_tag?post=32578"}],"curies":[{"name":"wp","href":"https:\/\/api.w.org\/{rel}","templated":true}]}}