{"id":32566,"date":"2025-07-10T05:45:13","date_gmt":"2025-07-10T05:45:13","guid":{"rendered":"https:\/\/globalservices.lt\/?post_type=product&#038;p=32566"},"modified":"2025-07-10T05:47:05","modified_gmt":"2025-07-10T05:47:05","slug":"cnc-stakliu-operatorius-e-siauliuose","status":"publish","type":"product","link":"https:\/\/globalservices.lt\/en\/shop\/darbo-sritis\/pramone-gamyba\/cnc-stakliu-operatorius-e-siauliuose\/","title":{"rendered":"CNC Stakli\u0173 Operatorius (-\u0117) \u0160iauliuose"},"content":{"rendered":"<p>Prisijunk prie inovacij\u0173 k\u016brimo \u2013 tapk CNC stakli\u0173 operatoriumi! Ie\u0161kai stabilumo ir galimyb\u0117s realizuoti savo k\u016brybin\u012f potencial\u0105? Spar\u010diai auganti ir inovatyvi \u012fmon\u0117, kvie\u010dia tave prisijungti prie m\u016bs\u0173 komandos!<\/p>\n<p><strong>DARBO POB\u016aDIS:<\/strong><\/p>\n<ul>\n<li>Darbas su CNC metalo lak\u0161t\u0173 lankstymo stakl\u0117mis;<\/li>\n<li>\u012erengimo aptarnavimas, programavimas, br\u0117\u017eini\u0173 skaitymas;<\/li>\n<li>Gamybos kokyb\u0117s u\u017etikrinimas ir gamybos plano laikymasis.<\/li>\n<\/ul>\n<p><strong>DARBO GRAFIKAS:<\/strong><\/p>\n<ul>\n<li>Darbas organizuojamas dviem pamainomis:\n<ul>\n<li>I pamaina: 06:00\u201314:30 val.;<\/li>\n<li>II pamaina: 14:30\u201323:00 val.<\/li>\n<\/ul>\n<\/li>\n<li>Darbo dienos: pirmadienis\u2013penktadienis, 40 val. per savait\u0119;<\/li>\n<\/ul>\n<p><strong>KO TIKIM\u0116S?<\/strong><\/p>\n<ul>\n<li>Turite patirties su pana\u0161iais \u012frengimais;<\/li>\n<li>Atsakingumo ir pareigingumo;<\/li>\n<li>Nor\u0117jimo tobul\u0117ti ir mokytis nauj\u0173 dalyk\u0173.<\/li>\n<\/ul>\n<p><strong>SI\u016aLOME:<\/strong><\/p>\n<ul>\n<li>Geras darbo s\u0105lygas ir laiku mokam\u0105 atlyginim\u0105;<\/li>\n<li>Norintiems suteikiame galimyb\u0119 atlyginim\u0105 gauti kas savait\u0119;<\/li>\n<li>Visas socialines garantijas;<\/li>\n<li>Darb\u0105 draugi\u0161kame ir motyvuotame kolektyve;<\/li>\n<li>Galimyb\u0119 prisijungti prie stabilios ir augan\u010dios \u012fmon\u0117s.<\/li>\n<\/ul>\n<p><strong>KONTAKTINIAI DUOMENYS PASITEIRAVIMUI:<\/strong><\/p>\n<ul>\n<li>Tel.: +370 (670) 45 030;<\/li>\n<li>El. pa\u0161tas: info@globalservices.lt<\/li>\n<\/ul>","protected":false},"excerpt":{"rendered":"<p style=\"text-align: left;\">&#8211; Atlyginimas: Nuo 1.200 \u20ac\/m\u0117n. (&#8222;\u012e rankas&#8221;) (neatskai\u010dius mokes\u010di\u0173);<br \/>\n&#8211; Darbo trukm\u0117: Ilgalaikis darbas;<br \/>\n&#8211; Atlyginimo mok\u0117jimas: norintiems suteikiame galimyb\u0119 atlyginim\u0105 gauti kas savait\u0119;<br \/>\n&#8211; Darbo vieta: Liejyklos g., \u0160iauliai.<\/p>","protected":false},"featured_media":32567,"template":"","meta":[],"product_cat":[48,38,65,50,69,26],"product_tag":[47],"class_list":["post-32566","product","type-product","status-publish","has-post-thumbnail","hentry","product_cat-darbo-sritis","product_cat-lietuva","product_cat-metalo-apdirbimas-saltkalvyste-suvirinimas","product_cat-pramone-gamyba","product_cat-siauliai","product_cat-kita","product_tag-front"],"_links":{"self":[{"href":"https:\/\/globalservices.lt\/en\/wp-json\/wp\/v2\/product\/32566","targetHints":{"allow":["GET"]}}],"collection":[{"href":"https:\/\/globalservices.lt\/en\/wp-json\/wp\/v2\/product"}],"about":[{"href":"https:\/\/globalservices.lt\/en\/wp-json\/wp\/v2\/types\/product"}],"wp:featuredmedia":[{"embeddable":true,"href":"https:\/\/globalservices.lt\/en\/wp-json\/wp\/v2\/media\/32567"}],"wp:attachment":[{"href":"https:\/\/globalservices.lt\/en\/wp-json\/wp\/v2\/media?parent=32566"}],"wp:term":[{"taxonomy":"product_cat","embeddable":true,"href":"https:\/\/globalservices.lt\/en\/wp-json\/wp\/v2\/product_cat?post=32566"},{"taxonomy":"product_tag","embeddable":true,"href":"https:\/\/globalservices.lt\/en\/wp-json\/wp\/v2\/product_tag?post=32566"}],"curies":[{"name":"wp","href":"https:\/\/api.w.org\/{rel}","templated":true}]}}