{"id":32562,"date":"2025-07-03T08:51:25","date_gmt":"2025-07-03T08:51:25","guid":{"rendered":"https:\/\/globalservices.lt\/?post_type=product&#038;p=32562"},"modified":"2025-07-29T07:00:29","modified_gmt":"2025-07-29T07:00:29","slug":"fasadiniu-skydu-surinkejas-a-kaune-darbas-nuo-liepos-14-d-iki-nauju-metu","status":"publish","type":"product","link":"https:\/\/globalservices.lt\/en\/shop\/darbo-sritis\/pramone-gamyba\/fasadiniu-skydu-surinkejas-a-kaune-darbas-nuo-liepos-14-d-iki-nauju-metu\/","title":{"rendered":"Fasadini\u0173 Skyd\u0173 Surink\u0117jas (-a) Kaune (iki Nauj\u0173 met\u0173)"},"content":{"rendered":"<p>Ie\u0161kome atsakingo ir motyvuoto fasadini\u0173 skyd\u0173 surink\u0117jo (-os) prisijungti prie m\u016bs\u0173 komandos. Jei turite kruop\u0161tum\u0105 ir atidum\u0105 detal\u0117ms, norite dirbti gamybin\u0117je aplinkoje ir esate pasireng\u0119 i\u0161mokti nauj\u0173 dalyk\u0173 \u2013 mes jus apmokysime!<\/p>\n<p><strong>DARBO POB\u016aDIS:<\/strong><\/p>\n<ul>\n<li>Fasadini\u0173 skyd\u0173 surinkimas pagal br\u0117\u017einius;<\/li>\n<li>Darbas gamybin\u0117se patalpose, naudojant elektrinius \u012frankius (pagrindas \u2013 el. suktukas);<\/li>\n<li>Kruop\u0161tus darb\u0173 atlikimas pagal nustatytas instrukcijas.<\/li>\n<\/ul>\n<p><strong>DARBO GRAFIKAS:<\/strong><\/p>\n<ul>\n<li>Darbo laikas: nuo 8:00 iki 17:00 val.<\/li>\n<li>Darbo dienos: pirmadienis\u2013penktadienis<\/li>\n<li>Galimyb\u0117 dirbti vir\u0161valand\u017eius pagal poreik\u012f.<\/li>\n<\/ul>\n<p><strong>KO TIKIM\u0116S?<\/strong><\/p>\n<ul>\n<li>Kruop\u0161tumo ir atidumo detal\u0117ms;<\/li>\n<li>Pagrindin\u0117s \u017einios apie el. \u012frankius (privalumas, jei mokate skaityti br\u0117\u017einius);<\/li>\n<li>Noras mokytis ir tobul\u0117ti.<\/li>\n<\/ul>\n<p><strong>SI\u016aLOME:<\/strong><\/p>\n<ul>\n<li>Apmokymus darbo vietoje;<\/li>\n<li>Geras darbo s\u0105lygas ir laiku mokam\u0105 atlyginim\u0105;<\/li>\n<li>Norintiems suteikiame galimyb\u0119 atlyginim\u0105 gauti kas savait\u0119;<\/li>\n<li>Visas socialines garantijas;<\/li>\n<li>Darb\u0105 draugi\u0161kame ir motyvuotame kolektyve;<\/li>\n<li>Galimyb\u0119 prisijungti prie stabilios ir augan\u010dios \u012fmon\u0117s.<\/li>\n<\/ul>\n<p><strong>KONTAKTINIAI DUOMENYS PASITEIRAVIMUI:<\/strong><\/p>\n<ul>\n<li>Tel.: +370 (670) 45 030;<\/li>\n<li>El. pa\u0161tas: info@globalservices.lt<\/li>\n<\/ul>","protected":false},"excerpt":{"rendered":"<p style=\"text-align: left;\">&#8211; Atlyginimas: nuo 1.000 EUR\/m\u0117n. &#8211; 1300 EUR\/m\u0117n. (&#8222;\u012e rankas&#8221;) (priklauso nuo kompetencijos)<br \/>\n&#8211; Darbo trukm\u0117: laikinas darbas (iki Nauj\u0173 met\u0173)<br \/>\n&#8211; Atlyginimo mok\u0117jimas: norintiems suteikiame galimyb\u0119 atlyginim\u0105 gauti kas savait\u0119;<br \/>\n&#8211; Darbo vieta: Agronomijos g., Kaunas<\/p>","protected":false},"featured_media":32563,"template":"","meta":[],"product_cat":[48,60,38,50,51,26],"product_tag":[47],"class_list":["post-32562","product","type-product","status-publish","has-post-thumbnail","hentry","product_cat-darbo-sritis","product_cat-kaunas","product_cat-lietuva","product_cat-pramone-gamyba","product_cat-statyba","product_cat-kita","product_tag-front"],"_links":{"self":[{"href":"https:\/\/globalservices.lt\/en\/wp-json\/wp\/v2\/product\/32562","targetHints":{"allow":["GET"]}}],"collection":[{"href":"https:\/\/globalservices.lt\/en\/wp-json\/wp\/v2\/product"}],"about":[{"href":"https:\/\/globalservices.lt\/en\/wp-json\/wp\/v2\/types\/product"}],"wp:featuredmedia":[{"embeddable":true,"href":"https:\/\/globalservices.lt\/en\/wp-json\/wp\/v2\/media\/32563"}],"wp:attachment":[{"href":"https:\/\/globalservices.lt\/en\/wp-json\/wp\/v2\/media?parent=32562"}],"wp:term":[{"taxonomy":"product_cat","embeddable":true,"href":"https:\/\/globalservices.lt\/en\/wp-json\/wp\/v2\/product_cat?post=32562"},{"taxonomy":"product_tag","embeddable":true,"href":"https:\/\/globalservices.lt\/en\/wp-json\/wp\/v2\/product_tag?post=32562"}],"curies":[{"name":"wp","href":"https:\/\/api.w.org\/{rel}","templated":true}]}}