{"id":32560,"date":"2026-04-10T14:22:21","date_gmt":"2026-04-10T14:22:21","guid":{"rendered":"https:\/\/globalservices.lt\/?post_type=product&#038;p=32560"},"modified":"2026-04-16T08:37:19","modified_gmt":"2026-04-16T08:37:19","slug":"operatorius-e-pakuociu-gamybos-ceche-garliavoje-kauno-raj-patirtis-nebutina-apmokome-vietoje","status":"publish","type":"product","link":"https:\/\/globalservices.lt\/en\/shop\/darbo-sritis\/pramone-gamyba\/operatorius-e-pakuociu-gamybos-ceche-garliavoje-kauno-raj-patirtis-nebutina-apmokome-vietoje\/","title":{"rendered":"Gamybos darbuotojas &#8211; Operatorius, Garliavoje, Kauno raj. (Patirtis neb\u016btina \u2013 apmokome vietoje)"},"content":{"rendered":"<p>Ie\u0161kome atsakingo ir motyvuoto operatoriaus (-\u0117s) prisijungti prie m\u016bs\u0173 komandos. Jei norite dirbti dinami\u0161koje gamybos aplinkoje ir nesate tur\u0117j\u0119 darbo patirties \u2013 mes jus apmokysime!<\/p>\n<p><strong>DARBO POB\u016aDIS:<\/strong><\/p>\n<ul>\n<li>Darbas gamybos ceche, prie prie pjovimo linijos;<\/li>\n<li>Parametru suvedimas,<\/li>\n<li>Proceso steb\u0117jimas,<\/li>\n<li>Rankinis pagamintos produkcijos perk\u0117limas;<\/li>\n<li>Gaminio nu\u0117mimas ir kokyb\u0117s kontrol\u0117;<\/li>\n<\/ul>\n<p><strong>DARBO GRAFIKAS:<\/strong><\/p>\n<ul>\n<li>Darbas organizuojamas dviem pamainomis:\n<ul>\n<li>I pamaina: 06:00\u201314:30 val.;<\/li>\n<li>II pamaina: 14:30\u201323:00 val.<\/li>\n<\/ul>\n<\/li>\n<li>Pamaina kei\u010diasi kas savait\u0119;<\/li>\n<li>Darbo dienos: pirmadienis\u2013penktadienis, 40 val. per savait\u0119;<\/li>\n<li>Pasitaiko vir\u0161valand\u017ei\u0173.<\/li>\n<\/ul>\n<p><strong>KO TIKIM\u0116S?<\/strong><\/p>\n<ul>\n<li>Geb\u0117jimo dirbti fizin\u012f darb\u0105;<\/li>\n<li>Atsakingumo ir pareigingumo;<\/li>\n<li>Nor\u0117jimo tobul\u0117ti ir mokytis nauj\u0173 dalyk\u0173;<\/li>\n<li>Galimyb\u0117s dirbti komandoje ir laikytis nustatyt\u0173 instrukcij\u0173.<\/li>\n<\/ul>\n<p><strong>SI\u016aLOME:<\/strong><\/p>\n<ul>\n<li>Apmokymus darbo vietoje;<\/li>\n<li>Darbo r\u016bbus ir avalyn\u0119;<\/li>\n<li>Visas socialines garantijas;<\/li>\n<li>Laiku mokam\u0105 atlyginim\u0105;<\/li>\n<li>Jeigu pageidaujate, kas savait\u0119 mokamus atlyginimo avansus;<\/li>\n<li>Geras darbo s\u0105lygas pa\u017eangioje \u012fmon\u0117je, kur daug d\u0117mesio skiriama darbo saugai ir kokybei;<\/li>\n<li>Darb\u0105 draugi\u0161kame ir geranori\u0161kame kolektyve.<\/li>\n<\/ul>\n<p><strong>KONTAKTINIAI DUOMENYS PASITEIRAVIMUI:<\/strong><\/p>\n<ul>\n<li>Tel.: +370 (670) 45 030;<\/li>\n<li>El. pa\u0161tas: info@globalservices.lt<\/li>\n<\/ul>","protected":false},"excerpt":{"rendered":"<p style=\"text-align: left;\">&#8211; Atlyginimas: nuo 1.100 EUR \/ m\u0117n. (&#8222;\u012e rankas&#8221;);<br \/>\n&#8211; Atlyginimo mok\u0117jimas: norintiems suteikiame galimyb\u0119 atlyginim\u0105 gauti kas savait\u0119;<br \/>\n&#8211; Darbo vieta: Garliava, Kauno raj.<\/p>","protected":false},"featured_media":32631,"template":"","meta":[],"product_cat":[48,60,38,50,26],"product_tag":[47],"class_list":["post-32560","product","type-product","status-publish","has-post-thumbnail","hentry","product_cat-darbo-sritis","product_cat-kaunas","product_cat-lietuva","product_cat-pramone-gamyba","product_cat-kita","product_tag-front"],"_links":{"self":[{"href":"https:\/\/globalservices.lt\/en\/wp-json\/wp\/v2\/product\/32560","targetHints":{"allow":["GET"]}}],"collection":[{"href":"https:\/\/globalservices.lt\/en\/wp-json\/wp\/v2\/product"}],"about":[{"href":"https:\/\/globalservices.lt\/en\/wp-json\/wp\/v2\/types\/product"}],"wp:featuredmedia":[{"embeddable":true,"href":"https:\/\/globalservices.lt\/en\/wp-json\/wp\/v2\/media\/32631"}],"wp:attachment":[{"href":"https:\/\/globalservices.lt\/en\/wp-json\/wp\/v2\/media?parent=32560"}],"wp:term":[{"taxonomy":"product_cat","embeddable":true,"href":"https:\/\/globalservices.lt\/en\/wp-json\/wp\/v2\/product_cat?post=32560"},{"taxonomy":"product_tag","embeddable":true,"href":"https:\/\/globalservices.lt\/en\/wp-json\/wp\/v2\/product_tag?post=32560"}],"curies":[{"name":"wp","href":"https:\/\/api.w.org\/{rel}","templated":true}]}}