{"id":32556,"date":"2025-05-29T07:29:23","date_gmt":"2025-05-29T07:29:23","guid":{"rendered":"https:\/\/globalservices.lt\/?post_type=product&#038;p=32556"},"modified":"2025-05-29T07:29:23","modified_gmt":"2025-05-29T07:29:23","slug":"gamybos-operatorius-e-technikas-e-kaune","status":"publish","type":"product","link":"https:\/\/globalservices.lt\/en\/shop\/darbo-sritis\/mechanika-inzinerija\/gamybos-operatorius-e-technikas-e-kaune\/","title":{"rendered":"Gamybos operatorius (-\u0117) \u2013 technikas (-\u0117) Kaune"},"content":{"rendered":"<p>Ie\u0161kome atsakingo ir motyvuoto darbuotojo prisijungti prie m\u016bs\u0173 komandos. \u012emon\u0117 kuria, gamina ir tiekia rinkai augalin\u0117s kilm\u0117s nereceptinius ir receptinius vaistinius preparatus, maisto papildus bei homeopatinius produktus. Prisijunk prie m\u016bs\u0173 kolektyvo, kur vertinamas kiekvieno darbuotojo ind\u0117lis!<\/p>\n<p><strong>DARBO POB\u016aDIS:<\/strong><\/p>\n<ul>\n<li>Darbas vaist\u0173 ir maisto papild\u0173 gamybos skyriuje, siekiant u\u017etikrinti skland\u0173 \u012frengim\u0173 veikim\u0105;<\/li>\n<li>Gamybos \u012frengim\u0173 paruo\u0161imas (surinkimas), suderinimas, prie\u017ei\u016bra darbo metu, valymas;<\/li>\n<li>Techninis \u012frengim\u0173 aptarnavimas, remonto ir gedim\u0173 \u0161alinimo darbai;<\/li>\n<li>Kokybi\u0161ko ir na\u0161aus darbo u\u017etikrinimas;<\/li>\n<li>Kiti darbai, susij\u0119 su gamybos \u012frengim\u0173 prie\u017ei\u016bra ir skland\u017eiu veikimu.<\/li>\n<\/ul>\n<p><strong>DARBO GRAFIKAS:<\/strong><\/p>\n<ul>\n<li>Darbas organizuojamas dviem pamainomis:\n<ul>\n<li>Darbo dienos: pirmadienis\u2013penktadienis;<\/li>\n<li>I pamaina: 05:45\u201314:15;<\/li>\n<li>II pamaina: 14:00\u201322:30;<\/li>\n<li>Pamainos kei\u010diasi kas savait\u0119;<\/li>\n<\/ul>\n<\/li>\n<li>Savaitgaliai visada laisvi.<\/li>\n<\/ul>\n<p><strong>KO TIKIM\u0116S?<\/strong><\/p>\n<ul>\n<li>Ne \u017eemesnis kaip profesinis i\u0161silavinimas mechanikos srityje;<\/li>\n<li>Patirtis technikos srityje \u2013 privalumas;<\/li>\n<li>Techniniai \u012fg\u016bd\u017eiai, \u012frengini\u0173 veikimo princip\u0173 supratimas, geb\u0117jimas savaranki\u0161kai nustatyti gedimus ir juos pa\u0161alinti;<\/li>\n<li>Esate atsakingas, pareigingas ir norite tobul\u0117ti;<\/li>\n<\/ul>\n<p><strong>SI\u016aLOME:<\/strong><\/p>\n<ul>\n<li>Visas darbui reikalingas priemones, darbo r\u016bbus ir avalyn\u0119;<\/li>\n<li>Geras darbo s\u0105lygas ir laiku mokam\u0105 atlyginim\u0105;<\/li>\n<li>Visas socialines garantijas;<\/li>\n<li>Darb\u0105 pa\u017eangioje \u012fmon\u0117je, kurioje daug d\u0117mesio skiriama darbo saugai, efektyvumui ir kokybei;<\/li>\n<li>Darb\u0105 draugi\u0161kame ir geranori\u0161kame kolektyve.<\/li>\n<\/ul>\n<p><strong>KONTAKTINIAI DUOMENYS PASITEIRAVIMUI:<\/strong><\/p>\n<ul>\n<li>Tel.: +370 (670) 45 030<\/li>\n<li>El. pa\u0161tas: info@globalservices.lt<\/li>\n<\/ul>","protected":false},"excerpt":{"rendered":"<p style=\"text-align: left;\">&#8211; Atlyginimas: nuo 1.000 iki 1.250 EUR \/ m\u0117n. (atskai\u010dius mokes\u010dius);<br \/>\n&#8211; Darbo trukm\u0117: ilgalaikis darbas;<br \/>\n&#8211; Atlyginimo mok\u0117jimas: norintiems suteikiame galimyb\u0119 atlyginim\u0105 gauti kas savait\u0119;<br \/>\n&#8211; Darbo vieta: Inovacij\u0173 g., Biruli\u0161ki\u0173 k., Kauno r.<\/p>","protected":false},"featured_media":32557,"template":"","meta":[],"product_cat":[48,60,38,49,65,50,26],"product_tag":[47],"class_list":["post-32556","product","type-product","status-publish","has-post-thumbnail","hentry","product_cat-darbo-sritis","product_cat-kaunas","product_cat-lietuva","product_cat-mechanika-inzinerija","product_cat-metalo-apdirbimas-saltkalvyste-suvirinimas","product_cat-pramone-gamyba","product_cat-kita","product_tag-front"],"_links":{"self":[{"href":"https:\/\/globalservices.lt\/en\/wp-json\/wp\/v2\/product\/32556","targetHints":{"allow":["GET"]}}],"collection":[{"href":"https:\/\/globalservices.lt\/en\/wp-json\/wp\/v2\/product"}],"about":[{"href":"https:\/\/globalservices.lt\/en\/wp-json\/wp\/v2\/types\/product"}],"wp:featuredmedia":[{"embeddable":true,"href":"https:\/\/globalservices.lt\/en\/wp-json\/wp\/v2\/media\/32557"}],"wp:attachment":[{"href":"https:\/\/globalservices.lt\/en\/wp-json\/wp\/v2\/media?parent=32556"}],"wp:term":[{"taxonomy":"product_cat","embeddable":true,"href":"https:\/\/globalservices.lt\/en\/wp-json\/wp\/v2\/product_cat?post=32556"},{"taxonomy":"product_tag","embeddable":true,"href":"https:\/\/globalservices.lt\/en\/wp-json\/wp\/v2\/product_tag?post=32556"}],"curies":[{"name":"wp","href":"https:\/\/api.w.org\/{rel}","templated":true}]}}