{"id":32552,"date":"2025-05-29T06:49:21","date_gmt":"2025-05-29T06:49:21","guid":{"rendered":"https:\/\/globalservices.lt\/?post_type=product&#038;p=32552"},"modified":"2025-07-29T09:23:24","modified_gmt":"2025-07-29T09:23:24","slug":"sandelio-darbuotojas-a-kaune-patirtis-nebutina-apmokome-vietoje","status":"publish","type":"product","link":"https:\/\/globalservices.lt\/en\/shop\/darbo-sritis\/pramone-gamyba\/sandelio-darbuotojas-a-kaune-patirtis-nebutina-apmokome-vietoje\/","title":{"rendered":"Sand\u0117lio darbuotojas (-a) Kaune (Patirtis neb\u016btina \u2013 apmokome vietoje)"},"content":{"rendered":"<p>Ie\u0161kome atsakingo ir motyvuoto darbuotojo prisijungti prie m\u016bs\u0173 komandos. \u012emon\u0117 kuria, gamina ir tiekia rinkai augalin\u0117s kilm\u0117s nereceptinius ir receptinius vaistinius preparatus, maisto papildus bei homeopatinius produktus. Prisijunk prie m\u016bs\u0173 kolektyvo, kur vertinamas kiekvieno darbuotojo ind\u0117lis!<\/p>\n<p><strong>DARBO POB\u016aDIS:<\/strong><\/p>\n<ul>\n<li>\u017daliav\u0173 pri\u0117mimas \u012f sand\u0117l\u012f;<\/li>\n<li>\u017daliav\u0173 sud\u0117jimas \u012f sand\u0117liavimo vietas, viet\u0173 suvedimas \u012f program\u0105;<\/li>\n<li>\u017daliav\u0173 atrinkimas gamybai pagal pateiktus u\u017esakymo lapus;<\/li>\n<li>Pakuo\u010di\u0173 sutvarkymas po gamybos;<\/li>\n<li>Sand\u0117lio tvarkos palaikymas ir kt. sand\u0117lio darbai;<\/li>\n<li>Darbas su el. krautuvu.<\/li>\n<\/ul>\n<p><strong>DARBO GRAFIKAS:<\/strong><\/p>\n<ul>\n<li>Darbas organizuojamas viena pamaina;<\/li>\n<li>Darbo dienos: pirmadienis\u2013penktadienis;<\/li>\n<li>Darbo laikas: 07:45\u201316:30 val.;<\/li>\n<li>Savaitgaliai visada laisvi.<\/li>\n<\/ul>\n<p><strong>KO TIKIM\u0116S?<\/strong><\/p>\n<ul>\n<li>Gebate dirbti fizin\u012f darb\u0105;<\/li>\n<li>Esate atsakingas, pareigingas ir norite tobul\u0117ti;<\/li>\n<li>Gebate dirbti komandoje ir laikytis nustatyt\u0173 instrukcij\u0173.<\/li>\n<\/ul>\n<p><strong>SI\u016aLOME:<\/strong><\/p>\n<ul>\n<li>Visas darbui reikalingas priemones, darbo r\u016bbus ir avalyn\u0119.<\/li>\n<li>Geras darbo s\u0105lygas ir laiku mokam\u0105 atlyginim\u0105;<\/li>\n<li>Visas socialines garantijas;<\/li>\n<li>Darb\u0105 pa\u017eangioje \u012fmon\u0117je, kurioje daug d\u0117mesio skiriama darbo saugai, efektyvumui ir kokybei;<\/li>\n<li>Darb\u0105 draugi\u0161kame ir geranori\u0161kame kolektyve.<\/li>\n<\/ul>\n<p><strong>KONTAKTINIAI DUOMENYS PASITEIRAVIMUI:<\/strong><br \/>\nTel.: +370 (670) 45 030<br \/>\nEl. pa\u0161tas: info@globalservices.lt<\/p>","protected":false},"excerpt":{"rendered":"<p style=\"text-align: left;\">&#8211; Atlyginimas: nuo 1.000 EUR \/ m\u0117n. (atskai\u010dius mokes\u010dius);<br \/>\n&#8211; Darbo trukm\u0117: ilgalaikis darbas;<br \/>\n&#8211; Atlyginimo mok\u0117jimas: norintiems suteikiame galimyb\u0119 atlyginim\u0105 gauti kas savait\u0119;<br \/>\n&#8211; Darbo vieta: Inovacij\u0173 g., Biruli\u0161ki\u0173 k., Kauno r.<\/p>","protected":false},"featured_media":32572,"template":"","meta":[],"product_cat":[48,60,38,50,26],"product_tag":[47],"class_list":["post-32552","product","type-product","status-publish","has-post-thumbnail","hentry","product_cat-darbo-sritis","product_cat-kaunas","product_cat-lietuva","product_cat-pramone-gamyba","product_cat-kita","product_tag-front"],"_links":{"self":[{"href":"https:\/\/globalservices.lt\/en\/wp-json\/wp\/v2\/product\/32552","targetHints":{"allow":["GET"]}}],"collection":[{"href":"https:\/\/globalservices.lt\/en\/wp-json\/wp\/v2\/product"}],"about":[{"href":"https:\/\/globalservices.lt\/en\/wp-json\/wp\/v2\/types\/product"}],"wp:featuredmedia":[{"embeddable":true,"href":"https:\/\/globalservices.lt\/en\/wp-json\/wp\/v2\/media\/32572"}],"wp:attachment":[{"href":"https:\/\/globalservices.lt\/en\/wp-json\/wp\/v2\/media?parent=32552"}],"wp:term":[{"taxonomy":"product_cat","embeddable":true,"href":"https:\/\/globalservices.lt\/en\/wp-json\/wp\/v2\/product_cat?post=32552"},{"taxonomy":"product_tag","embeddable":true,"href":"https:\/\/globalservices.lt\/en\/wp-json\/wp\/v2\/product_tag?post=32552"}],"curies":[{"name":"wp","href":"https:\/\/api.w.org\/{rel}","templated":true}]}}