{"id":32542,"date":"2025-05-28T09:21:59","date_gmt":"2025-05-28T09:21:59","guid":{"rendered":"https:\/\/globalservices.lt\/?post_type=product&#038;p=32542"},"modified":"2025-05-28T11:19:50","modified_gmt":"2025-05-28T11:19:50","slug":"gamybos-darbuotojas-a-betono-konstrukciju-formuotojas-a-vilniuje-patirtis-nebutina-apmokome-vietoje","status":"publish","type":"product","link":"https:\/\/globalservices.lt\/en\/shop\/darbo-sritis\/pramone-gamyba\/gamybos-darbuotojas-a-betono-konstrukciju-formuotojas-a-vilniuje-patirtis-nebutina-apmokome-vietoje\/","title":{"rendered":"Gamybos darbuotojas (-a) \u2013 betono konstrukcij\u0173 formuotojas (-a) Vilniuje (Patirtis neb\u016btina \u2013 apmokome vietoje)"},"content":{"rendered":"<p>Ie\u0161kome atsakingo ir motyvuoto darbuotojo prisijungti prie m\u016bs\u0173 komandos. Gaminame \u012fvairias gel\u017ebetonio konstrukcijas, \u012fskaitant spalvoto, matricinio ir grafinio betono fasado elementus. Prisijunk prie tradicijas puosel\u0117jan\u010dios \u012fmon\u0117s kolektyvo, kur vertinamas kiekvieno darbuotojo ind\u0117lis!<\/p>\n<p><strong>DARBO POB\u016aDIS:<\/strong><\/p>\n<ul>\n<li>Armat\u016bros detali\u0173 surinkimas ir montavimas \u012f formas;<\/li>\n<li>\u012ed\u0117tini\u0173 detali\u0173 fiksavimas vielut\u0117mis;<\/li>\n<li>Betono liejimo darbai;<\/li>\n<li>Tvarkos ir \u0161varos palaikymas darbo vietoje.<\/li>\n<\/ul>\n<p><strong>DARBO GRAFIKAS:<\/strong><\/p>\n<ul>\n<li>Darbas organizuojamas dviem pamainomis:\n<ul>\n<li>Darbo dienos: pirmadienis\u2013penktadienis;<\/li>\n<li>I pamaina: 07:00\u201315:30;<\/li>\n<li>II pamaina: 15:30\u201324:00;<\/li>\n<li>Pamainos kei\u010diasi kas savait\u0119;<\/li>\n<\/ul>\n<\/li>\n<li>Savaitgaliai visada laisvi.<\/li>\n<\/ul>\n<p><strong>KO TIKIM\u0116S?<\/strong><\/p>\n<ul>\n<li>Gebate dirbti fizin\u012f darb\u0105;<\/li>\n<li>Esate atsakingas, pareigingas ir norite tobul\u0117ti;<\/li>\n<li>Gebate dirbti komandoje ir laikytis nustatyt\u0173 instrukcij\u0173.<\/li>\n<\/ul>\n<p><strong>SI\u016aLOME:<\/strong><\/p>\n<ul>\n<li>Visas darbui reikalingas priemones, darbo r\u016bbus ir avalyn\u0119;<\/li>\n<li>Geras darbo s\u0105lygas ir laiku mokam\u0105 atlyginim\u0105;<\/li>\n<li>Visas socialines garantijas;<\/li>\n<li>Dalinai kompensuojamus pietus gamykloje (piet\u0173 kaina \u2013 2 Eur);<\/li>\n<li>Visus darbui m\u016bs\u0173 \u012fmon\u0117je reikalingus mokymus;<\/li>\n<li>Darb\u0105 pa\u017eangioje \u012fmon\u0117je, kurioje daug d\u0117mesio skiriama darbo saugai, efektyvumui ir kokybei;<\/li>\n<li>Darb\u0105 draugi\u0161kame ir geranori\u0161kame kolektyve.<\/li>\n<\/ul>\n<p><strong>KONTAKTINIAI DUOMENYS PASITEIRAVIMUI:<\/strong><\/p>\n<ul>\n<li>Tel.: +370 (670) 45 030;<\/li>\n<li>El. pa\u0161tas: info@globalservices.lt<\/li>\n<\/ul>","protected":false},"excerpt":{"rendered":"<p style=\"text-align: left;\">&#8211; Atlyginimas: nuo 1.300 EUR \/ m\u0117n. (atskai\u010dius mokes\u010dius)<br \/>\n&#8211; Darbo trukm\u0117: ilgalaikis darbas<br \/>\n&#8211; Atlyginimo mok\u0117jimas: norintiems suteikiame galimyb\u0119 atlyginim\u0105 gauti kas savait\u0119<br \/>\n&#8211; Darbo vieta: Vilnius, \u017darij\u0173 g. (Auk\u0161tieji Paneriai)<\/p>","protected":false},"featured_media":32543,"template":"","meta":[],"product_cat":[48,38,50,51,62,26],"product_tag":[47],"class_list":["post-32542","product","type-product","status-publish","has-post-thumbnail","hentry","product_cat-darbo-sritis","product_cat-lietuva","product_cat-pramone-gamyba","product_cat-statyba","product_cat-vilnius","product_cat-kita","product_tag-front"],"_links":{"self":[{"href":"https:\/\/globalservices.lt\/en\/wp-json\/wp\/v2\/product\/32542","targetHints":{"allow":["GET"]}}],"collection":[{"href":"https:\/\/globalservices.lt\/en\/wp-json\/wp\/v2\/product"}],"about":[{"href":"https:\/\/globalservices.lt\/en\/wp-json\/wp\/v2\/types\/product"}],"wp:featuredmedia":[{"embeddable":true,"href":"https:\/\/globalservices.lt\/en\/wp-json\/wp\/v2\/media\/32543"}],"wp:attachment":[{"href":"https:\/\/globalservices.lt\/en\/wp-json\/wp\/v2\/media?parent=32542"}],"wp:term":[{"taxonomy":"product_cat","embeddable":true,"href":"https:\/\/globalservices.lt\/en\/wp-json\/wp\/v2\/product_cat?post=32542"},{"taxonomy":"product_tag","embeddable":true,"href":"https:\/\/globalservices.lt\/en\/wp-json\/wp\/v2\/product_tag?post=32542"}],"curies":[{"name":"wp","href":"https:\/\/api.w.org\/{rel}","templated":true}]}}