{"id":32538,"date":"2025-05-21T11:56:19","date_gmt":"2025-05-21T11:56:19","guid":{"rendered":"https:\/\/globalservices.lt\/?post_type=product&#038;p=32538"},"modified":"2025-05-21T12:16:37","modified_gmt":"2025-05-21T12:16:37","slug":"gamybos-darbuotojas-operatorius-vilniuje","status":"publish","type":"product","link":"https:\/\/globalservices.lt\/en\/shop\/darbo-sritis\/pramone-gamyba\/gamybos-darbuotojas-operatorius-vilniuje\/","title":{"rendered":"Gamybos darbuotojas (-a) &#8211; Operatorius (-\u0117) Vilniuje (Patirtis neb\u016btina, apmokome vietoje)"},"content":{"rendered":"<p>Ie\u0161kome atsakingo (-os) ir motyvuoto (-os) darbuotojo (-os) prisijungti prie m\u016bs\u0173 komandos. Darbo pob\u016bdis susij\u0119s su gel\u017ebetonio gamini\u0173 gamyba, tod\u0117l svarbu atidumas detal\u0117ms ir geb\u0117jimas dirbti komandoje.<\/p>\n<p><strong>DARBO POB\u016aDIS:<\/strong><\/p>\n<ul>\n<li>Gel\u017ebetonio gamini\u0173, toki\u0173 kaip perdengimo plok\u0161t\u0117s, \u0161ulinio elementai, laiptai ir kiti elementai, gamyba;<\/li>\n<li>Form\u0173 paruo\u0161imas ir i\u0161valymas prie\u0161 betonavimo proces\u0105;<\/li>\n<li>Armat\u016bros detali\u0173 surinkimas ir montavimas \u012f formas;<\/li>\n<li>Betono liejimo darbai;<\/li>\n<li>Tvarkos ir \u0161varos palaikymas darbo vietoje.<\/li>\n<\/ul>\n<p><strong>DARBO GRAFIKAS:<\/strong><\/p>\n<ul>\n<li>Darbas organizuojamas viena pamaina.\n<ul>\n<li>Darbo dienos: pirmadienis\u2013penktadienis.<\/li>\n<li>Darbo laikas: 07:00\u201315:30 val.<\/li>\n<\/ul>\n<\/li>\n<\/ul>\n<p><strong>KO TIKIM\u0116S?<\/strong><\/p>\n<ul>\n<li>Gebate dirbti fizin\u012f darb\u0105;<\/li>\n<li>Esate atsakingas, pareigingas, ir norite tobul\u0117ti;<\/li>\n<li>Gebate dirbti komandoje ir laikytis nustatyt\u0173 instrukcij\u0173.<\/li>\n<\/ul>\n<p><strong>SI\u016aLOME:<\/strong><\/p>\n<ul>\n<li>Visas darbui reikalingas priemones, darbo r\u016bbus ir avalyn\u0119.<\/li>\n<li>Geras darbo s\u0105lygas bei laiku mokam\u0105 atlyginim\u0105.<\/li>\n<li>Visas socialines garantijas.<\/li>\n<li>Darb\u0105 pa\u017eangioje \u012fmon\u0117je, kurioje daug d\u0117mesio skiriama darbo saugai, darbo efektyvumui ir kokybei.<\/li>\n<li>Darb\u0105 draugi\u0161kame ir geranori\u0161kame kolektyve.<\/li>\n<\/ul>\n<p><strong>KONTAKTINIAI DUOMENYS PASITEIRAVIMUI:<\/strong><\/p>\n<ul>\n<li>T.: +370 (670) 45 030<\/li>\n<li>E.: INFO@GLOBALSERVICES.LT<\/li>\n<\/ul>","protected":false},"excerpt":{"rendered":"<p style=\"text-align: left;\">\u2013 Atlyginimas: 900 \u2013 1.200 EUR (atskai\u010dius mokes\u010dius);<br \/>\n\u2013 Darbo trukm\u0117: ilgalaikis darbas;<br \/>\n\u2013 Atlyginimo mok\u0117jimas: norintiems suteikiame galimyb\u0119 atlyginim\u0105 gauti kas savait\u0119;<br \/>\n\u2013 Darbo vieta: Vilnius, \u0160altupio g.<\/p>","protected":false},"featured_media":32539,"template":"","meta":[],"product_cat":[48,38,50,51,62,26],"product_tag":[47],"class_list":["post-32538","product","type-product","status-publish","has-post-thumbnail","hentry","product_cat-darbo-sritis","product_cat-lietuva","product_cat-pramone-gamyba","product_cat-statyba","product_cat-vilnius","product_cat-kita","product_tag-front"],"_links":{"self":[{"href":"https:\/\/globalservices.lt\/en\/wp-json\/wp\/v2\/product\/32538","targetHints":{"allow":["GET"]}}],"collection":[{"href":"https:\/\/globalservices.lt\/en\/wp-json\/wp\/v2\/product"}],"about":[{"href":"https:\/\/globalservices.lt\/en\/wp-json\/wp\/v2\/types\/product"}],"wp:featuredmedia":[{"embeddable":true,"href":"https:\/\/globalservices.lt\/en\/wp-json\/wp\/v2\/media\/32539"}],"wp:attachment":[{"href":"https:\/\/globalservices.lt\/en\/wp-json\/wp\/v2\/media?parent=32538"}],"wp:term":[{"taxonomy":"product_cat","embeddable":true,"href":"https:\/\/globalservices.lt\/en\/wp-json\/wp\/v2\/product_cat?post=32538"},{"taxonomy":"product_tag","embeddable":true,"href":"https:\/\/globalservices.lt\/en\/wp-json\/wp\/v2\/product_tag?post=32538"}],"curies":[{"name":"wp","href":"https:\/\/api.w.org\/{rel}","templated":true}]}}