{"id":32521,"date":"2025-04-25T05:53:53","date_gmt":"2025-04-25T05:53:53","guid":{"rendered":"https:\/\/globalservices.lt\/?post_type=product&#038;p=32521"},"modified":"2025-05-28T18:02:51","modified_gmt":"2025-05-28T18:02:51","slug":"sandelio-darbuotojas-skirstytojas-a-kauno-r","status":"publish","type":"product","link":"https:\/\/globalservices.lt\/en\/shop\/darbo-sritis\/logistika-sandeliavimas\/sandelio-darbuotojas-skirstytojas-a-kauno-r\/","title":{"rendered":"Sand\u0117lio darbuotojas &#8211; Skirstytojas (-a) (Kauno r.)"},"content":{"rendered":"<p>Ie\u0161kai darbo su ai\u0161kiomis perspektyvomis, stabilumu ir draugi\u0161ku kolektyvu? Prisijunk prie m\u016bs\u0173 komandos, dirban\u010dios su \u0161aldytais maisto produktais \u2013 kur svarbus kiekvieno komandos nario ind\u0117lis!<\/p>\n<p><strong>DARBO POB\u016aDIS:<\/strong><\/p>\n<ul>\n<li>Dirbama su skaneriais \u2013 mini kompiuteriais ant rankos, kur matomi u\u017esakymai, preki\u0173 i\u0161d\u0117stymo vietos bei tavo dienos rezultatai.<\/li>\n<li>Preki\u0173 i\u0161skirstymas ant pale\u010di\u0173 pagal informacij\u0105 pateikt\u0105 skaneryje;<\/li>\n<li>Pale\u010di\u0173 vyniojimas;<\/li>\n<li>Darbas \u0161aldymo sand\u0117lyje (-18 \u00b0C);<\/li>\n<\/ul>\n<p><strong>MOKYMAI:<\/strong><\/p>\n<ul>\n<li>Pirmos dvi dienos skiriamos intensyviems apmokymams su priskirtu mokytoju.<\/li>\n<\/ul>\n<p><strong>DARBO GRAFIKAS:<\/strong><\/p>\n<ul>\n<li>Darbo dienos:\n<ul>\n<li>5 darbo dienos per savait\u0119;<\/li>\n<li>Galimyb\u0117 dirbti ir ma\u017eesniu etatu.<\/li>\n<\/ul>\n<\/li>\n<li>Darbo laikas:\n<ul>\n<li>Nuo 08:00 iki 17:00 val;<\/li>\n<\/ul>\n<\/li>\n<li>Poilsio dienos:\n<ul>\n<li>Visada laisvas sekmadienis;<\/li>\n<li>Kita poilsio diena \u2013 savait\u0117s eigoje, pagal suderint\u0105 grafik\u0105.<\/li>\n<\/ul>\n<\/li>\n<\/ul>\n<p><strong>KO TIKIM\u0116S?<\/strong><\/p>\n<ul>\n<li>Noro mokytis ir \u012fgyti nauj\u0173 \u012fg\u016bd\u017ei\u0173 sand\u0117liavimo srityje;<\/li>\n<li>Atsakingo po\u017ei\u016brio ir bendradarbiavimo komandoje.<\/li>\n<\/ul>\n<p><strong>ATLYGINIMAS<\/strong><\/p>\n<ul>\n<li>Prasideda nuo 1.100 EUR (atskai\u010dius mokes\u010dius);<\/li>\n<li>Su pasiektais rezultatais galima u\u017edirbti daugiau (priklauso nuo darbo norm\u0173 \u012fvykdymo: kiek d\u0117\u017eu\u010di\u0173, pale\u010di\u0173 i\u0161skirstyta per dien\u0105\/savait\u0119\/m\u0117nes\u012f).<\/li>\n<li>Yra darbuotoj\u0173, kurie u\u017esidirba po 1.500 EUR (atskai\u010dius mokes\u010dius) ir daugiau.<\/li>\n<\/ul>\n<p><strong>MES SI\u016aLOME:<\/strong><\/p>\n<ul>\n<li>\u0160iltus darbo r\u016bbus ir saugi\u0105 avalyn\u0119;<\/li>\n<li>Nemokamus kar\u0161tus g\u0117rimus, vaisius, bandeles;<\/li>\n<li>Galimyb\u0119 daryti da\u017enesnes pertrauk\u0117les;<\/li>\n<li>Mokymus ir pagalb\u0105 startuojant;<\/li>\n<li>Premij\u0105 300 EUR u\u017e rekomenduot\u0105 koleg\u0105;<\/li>\n<li>\u0160ventes kartu su komanda;<\/li>\n<li>Karjeros augimo galimybes;<\/li>\n<li>Kuro kompensacij\u0105 kelionei \u012f\/i\u0161 darbo;<\/li>\n<li>Nemokam\u0105 \u012fmon\u0117s transport\u0105 darbuotojams i\u0161 Alytaus, Marijampol\u0117s ir Kauno (su numatytais pa\u0117mimo ta\u0161kais).<\/li>\n<\/ul>\n<p><strong>KONTAKTINIAI DUOMENYS PASITEIRAVIMUI:<\/strong><\/p>\n<ul>\n<li>T.: +370 (670) 45 030<\/li>\n<li>E.: info@globalservices.lt<\/li>\n<\/ul>","protected":false},"excerpt":{"rendered":"<p style=\"text-align: left;\">\u2013 Atlyginimas: 1.100 \u2013 1.500 EUR (atskai\u010dius mokes\u010dius);<br \/>\n\u2013 Darbo trukm\u0117: ilgalaikis darbas;<br \/>\n\u2013 Atlyginimo mok\u0117jimas: Norintiems yra galimyb\u0117 atlyginim\u0105 gauti kas savait\u0119;<br \/>\n\u2013 Darbo vieta: Kauno r., Garliavos sen., Pagiri\u0173 km.<\/p>","protected":false},"featured_media":32551,"template":"","meta":[],"product_cat":[61,48,60,38,66,63,26],"product_tag":[47],"class_list":["post-32521","product","type-product","status-publish","has-post-thumbnail","hentry","product_cat-alytus","product_cat-darbo-sritis","product_cat-kaunas","product_cat-lietuva","product_cat-logistika-sandeliavimas","product_cat-marijampole","product_cat-kita","product_tag-front"],"_links":{"self":[{"href":"https:\/\/globalservices.lt\/en\/wp-json\/wp\/v2\/product\/32521","targetHints":{"allow":["GET"]}}],"collection":[{"href":"https:\/\/globalservices.lt\/en\/wp-json\/wp\/v2\/product"}],"about":[{"href":"https:\/\/globalservices.lt\/en\/wp-json\/wp\/v2\/types\/product"}],"wp:featuredmedia":[{"embeddable":true,"href":"https:\/\/globalservices.lt\/en\/wp-json\/wp\/v2\/media\/32551"}],"wp:attachment":[{"href":"https:\/\/globalservices.lt\/en\/wp-json\/wp\/v2\/media?parent=32521"}],"wp:term":[{"taxonomy":"product_cat","embeddable":true,"href":"https:\/\/globalservices.lt\/en\/wp-json\/wp\/v2\/product_cat?post=32521"},{"taxonomy":"product_tag","embeddable":true,"href":"https:\/\/globalservices.lt\/en\/wp-json\/wp\/v2\/product_tag?post=32521"}],"curies":[{"name":"wp","href":"https:\/\/api.w.org\/{rel}","templated":true}]}}