{"id":32518,"date":"2025-04-07T07:53:11","date_gmt":"2025-04-07T07:53:11","guid":{"rendered":"https:\/\/globalservices.lt\/?post_type=product&#038;p=32518"},"modified":"2025-04-07T07:53:11","modified_gmt":"2025-04-07T07:53:11","slug":"baldu-gamybos-irenginiu-darbininkas-e-operatorius-e-ariogala-raseiniu-r","status":"publish","type":"product","link":"https:\/\/globalservices.lt\/en\/shop\/darbo-sritis\/pramone-gamyba\/baldu-gamybos-irenginiu-darbininkas-e-operatorius-e-ariogala-raseiniu-r\/","title":{"rendered":"Bald\u0173 gamybos \u012frengini\u0173 darbininkas (-\u0117) &#8211; operatorius (-\u0117) (Ariogala, Raseini\u0173 r.)"},"content":{"rendered":"<p>\u0160iuo metu ie\u0161kome motyvuot\u0173 specialist\u0173, norin\u010di\u0173 prisijungti prie m\u016bs\u0173 komandos bald\u0173 gamybos srityje. Dirbsite su \u012fvairiais bald\u0173 gamybos \u012frenginiais, tokiu kaip CNC frezavimo stakl\u0117s, gr\u0119\u017eimo ir briaunavimo \u012frenginiai, bei prisid\u0117site prie efektyvi\u0173 gamybos proces\u0173 ir kokyb\u0117s u\u017etikrinimo. Jei turite technini\u0173 \u017eini\u0173, esate atsakingas ir kruop\u0161tus, tapkite m\u016bs\u0173 komandos dalimi ir pad\u0117kite kurti auk\u0161tos kokyb\u0117s baldus!<\/p>\n<p><strong>DARBO POB\u016aDIS:<\/strong><\/p>\n<ul>\n<li>Bald\u0173 gamybos \u012frengini\u0173 nustatymas, valdymas ir prie\u017ei\u016bra;<\/li>\n<li>Darbas su CNC frezavimo, gr\u0119\u017eimo \u012frenginiais arba su automatizuota \u0161alto preso linija;<\/li>\n<li>Arba automatini\u0173 ir kompiuterizuot\u0173 gr\u0119\u017eimo ir\/ar briaunavimo \u012frengini\u0173 (HOMAG) valdymas;<\/li>\n<li>Suvest\u0173 duomen\u0173 administravimas ir dokumentacijos pildymas;<\/li>\n<li>Gaminam\u0173 baldini\u0173 detali\u0173 kokyb\u0117s u\u017etikrinimas.<\/li>\n<\/ul>\n<p><strong>JEIGU NETURITE PATIRTIES:<\/strong><\/p>\n<ul>\n<li>Prad\u0117dami darb\u0105 neb\u016btina tur\u0117ti patirties valdyti min\u0117tus \u012frenginius;<\/li>\n<li>Suteikiame apmokymus darbo vietoje, ta\u010diau labai svarbi stipri motyvacija mokytis ir noras dirbti su \u0161iais \u012frenginiais.<\/li>\n<\/ul>\n<p><strong>DARBO GRAFIKAS:<\/strong><\/p>\n<ul>\n<li>Darbas organizuojamas slenkan\u010diu grafiku dviem pamainomis:<\/li>\n<li>1 pamaina: 06:00 \u2013 18:00 val. (2 darbo dienos)<\/li>\n<li>2 pamaina: 18:00 \u2013 06:00 val. (2 darbo dienos)<\/li>\n<li>4 darbo dienos (po 12 val.), po j\u0173 \u2013 4 laisvos dienos.<\/li>\n<\/ul>\n<p><strong>KO TIKIM\u0116S?<\/strong><\/p>\n<ul>\n<li>Galite dirbti slenkan\u010diu, pamaininiu darbo grafiku (06:00\u201318:00 \/ 18:00\u201306:00);<\/li>\n<li>Turite darbo patirties gamybos \u012fmon\u0117je;<\/li>\n<li>Esate pareigingas, atsakingas, kruop\u0161tus ir norite tobul\u0117ti.<\/li>\n<\/ul>\n<p><strong>SI\u016aLOME:<\/strong><\/p>\n<ul>\n<li>Visas darbui reikalingas priemones, darbo r\u016bbus ir avalyn\u0119;<\/li>\n<li>Geras darbo s\u0105lygas bei motyvuojant\u012f, laiku mokam\u0105 atlyginim\u0105;<\/li>\n<li>Visas socialines garantijas;<\/li>\n<li>Darb\u0105 pa\u017eangioje \u012fmon\u0117je, kurioje daug d\u0117mesio skiriama darbo saugai, darbo efektyvumui ir kokybei;<\/li>\n<li>Skatinan\u010di\u0105 \u201eaugti\u201d darbo aplink\u0105;<\/li>\n<li>Darb\u0105 draugi\u0161kame ir geranori\u0161kame kolektyve.<\/li>\n<\/ul>\n<p><strong>KONTAKTINIAI DUOMENYS PASITEIRAVIMUI:<\/strong><\/p>\n<ul>\n<li>T.: +370 (670) 45 030<\/li>\n<li>E.: INFO@GLOBALSERVICES.LT<\/li>\n<\/ul>","protected":false},"excerpt":{"rendered":"<p style=\"text-align: left;\">\u2013 Atlyginimas: nuo 1.000 EUR (atskai\u010dius mokes\u010dius);<br \/>\n\u2013 Darbo trukm\u0117: ilgalaikis darbas;<br \/>\n\u2013 Atlyginimo mok\u0117jimas: suteikiame galimyb\u0119 gauti atlyginim\u0105 kas savait\u0119;<br \/>\n\u2013 Darbo vieta: Ariogala, Raseini\u0173 r.<\/p>","protected":false},"featured_media":32519,"template":"","meta":[],"product_cat":[48,60,38,50,68,26],"product_tag":[47],"class_list":["post-32518","product","type-product","status-publish","has-post-thumbnail","hentry","product_cat-darbo-sritis","product_cat-kaunas","product_cat-lietuva","product_cat-pramone-gamyba","product_cat-raseiniu-raj","product_cat-kita","product_tag-front"],"_links":{"self":[{"href":"https:\/\/globalservices.lt\/en\/wp-json\/wp\/v2\/product\/32518","targetHints":{"allow":["GET"]}}],"collection":[{"href":"https:\/\/globalservices.lt\/en\/wp-json\/wp\/v2\/product"}],"about":[{"href":"https:\/\/globalservices.lt\/en\/wp-json\/wp\/v2\/types\/product"}],"wp:featuredmedia":[{"embeddable":true,"href":"https:\/\/globalservices.lt\/en\/wp-json\/wp\/v2\/media\/32519"}],"wp:attachment":[{"href":"https:\/\/globalservices.lt\/en\/wp-json\/wp\/v2\/media?parent=32518"}],"wp:term":[{"taxonomy":"product_cat","embeddable":true,"href":"https:\/\/globalservices.lt\/en\/wp-json\/wp\/v2\/product_cat?post=32518"},{"taxonomy":"product_tag","embeddable":true,"href":"https:\/\/globalservices.lt\/en\/wp-json\/wp\/v2\/product_tag?post=32518"}],"curies":[{"name":"wp","href":"https:\/\/api.w.org\/{rel}","templated":true}]}}