{"id":32514,"date":"2025-02-20T07:17:52","date_gmt":"2025-02-20T07:17:52","guid":{"rendered":"https:\/\/globalservices.lt\/?post_type=product&#038;p=32514"},"modified":"2025-02-20T07:18:41","modified_gmt":"2025-02-20T07:18:41","slug":"testuotojas-inzinierius-test-engineer-darbui-nyderlanduose","status":"publish","type":"product","link":"https:\/\/globalservices.lt\/en\/shop\/darbo-sritis\/mechanika-inzinerija\/testuotojas-inzinierius-test-engineer-darbui-nyderlanduose\/","title":{"rendered":"Testuotojas &#8211; In\u017einierius (Test Engineer &#8211; darbui Nyderlanduose)"},"content":{"rendered":"<p>Spar\u010diai auganti \u012fmon\u0117, specializuojanti elektros skyd\u0173 su programuojamais logikos valdikliais (PLC) projektavime, gamyboje ir integracijoje, ie\u0161ko Testuotoj\u0173-In\u017einieri\u0173, norin\u010di\u0173 prisijungti prie profesionalios ir inovatyvios komandos.<\/p>\n<p>Jei domit\u0117s automatika, elektros sistemomis ir pa\u017eangiomis technologijomis, tai \u2013 puiki galimyb\u0117 prisid\u0117ti prie \u012fdomi\u0173 projekt\u0173 ir tobul\u0117ti savo srityje!<\/p>\n<p><strong>DARBO POB\u016aDIS:<\/strong><\/p>\n<ul>\n<li>Savaranki\u0161kas test\u0173 atlikimas;<\/li>\n<li>Test\u0173 k\u016brimas siekiant u\u017etikrinti, kad produktai b\u016bt\u0173 sukurti tinkamai;<\/li>\n<li>Test\u0173 rezultat\u0173 pateikimas suinteresuotoms \u0161alims bei \u012f\u017evalgos, kaip pagerinti produkto kokyb\u0119;<\/li>\n<li>Bendradarbiavimas su \u012fvairiais padaliniais, tokiais kaip in\u017einerijos, projekt\u0173 koordinavimo ir kokyb\u0117s.<\/li>\n<\/ul>\n<p><strong>DARBO VIETA: <\/strong><\/p>\n<ul>\n<li>Meppel, Nyderlandai<\/li>\n<\/ul>\n<p><strong>DARBO GRAFIKAS:<\/strong><\/p>\n<ul>\n<li>Darbas organizuojamas viena pamaina;<\/li>\n<li>40 valand\u0173 darbo savait\u0117.<\/li>\n<\/ul>\n<p><strong>KO TIKIM\u0116S:<\/strong><\/p>\n<ul>\n<li>Darbo patirties testavimo srityje;<\/li>\n<li>Geb\u0117jimo komunikuoti angl\u0173 kalba;<\/li>\n<li>Darbo patirties su PLC (programuojamomis logikos valdymo sistemomis);<\/li>\n<li>Atsakingumas, kruop\u0161tumas ir analitinis m\u0105stymas.<\/li>\n<\/ul>\n<p><strong>SI\u016aLOME:<\/strong><\/p>\n<ul>\n<li>Stabil\u0173, kas savait\u0119 mokam\u0105 atlyginim\u0105;<\/li>\n<li>Padengtas visas su komandiruote susijusias i\u0161laidas;<\/li>\n<li>Darbo r\u016bbus ir su darbu susijusias priemones;<\/li>\n<li>Visas socialines garantijas;<\/li>\n<li>Draugi\u0161k\u0105 kolektyv\u0105 ir geras darbo s\u0105lygas.<\/li>\n<\/ul>\n<p><strong>KONTAKTINIAI DUOMENYS PASITEIRAVIMUI:<\/strong><\/p>\n<ul>\n<li>T.: +370 (670) 45 030<\/li>\n<li>E.: INFO@GLOBALSERVICES.LT<\/li>\n<\/ul>","protected":false},"excerpt":{"rendered":"<p style=\"text-align: left;\">&#8211; Atlyginimas: nuo 3.000 \u2013 3.500 EUR (atskai\u010dius mokes\u010dius);<br \/>\n&#8211; Darbo trukm\u0117: ilgalaikis darbas;<br \/>\n&#8211; Atlyginimo mok\u0117jimas: atlyginimas mokamas kas savait\u0119;<br \/>\n&#8211; Darbo vieta: Nyderlandai<\/p>","protected":false},"featured_media":32515,"template":"","meta":[],"product_cat":[48,52,49,56,39,26],"product_tag":[47],"class_list":["post-32514","product","type-product","status-publish","has-post-thumbnail","hentry","product_cat-darbo-sritis","product_cat-energetika-elektronika-elektros-inzinerija","product_cat-mechanika-inzinerija","product_cat-nyderlandai","product_cat-uzsienis","product_cat-kita","product_tag-front"],"_links":{"self":[{"href":"https:\/\/globalservices.lt\/en\/wp-json\/wp\/v2\/product\/32514","targetHints":{"allow":["GET"]}}],"collection":[{"href":"https:\/\/globalservices.lt\/en\/wp-json\/wp\/v2\/product"}],"about":[{"href":"https:\/\/globalservices.lt\/en\/wp-json\/wp\/v2\/types\/product"}],"wp:featuredmedia":[{"embeddable":true,"href":"https:\/\/globalservices.lt\/en\/wp-json\/wp\/v2\/media\/32515"}],"wp:attachment":[{"href":"https:\/\/globalservices.lt\/en\/wp-json\/wp\/v2\/media?parent=32514"}],"wp:term":[{"taxonomy":"product_cat","embeddable":true,"href":"https:\/\/globalservices.lt\/en\/wp-json\/wp\/v2\/product_cat?post=32514"},{"taxonomy":"product_tag","embeddable":true,"href":"https:\/\/globalservices.lt\/en\/wp-json\/wp\/v2\/product_tag?post=32514"}],"curies":[{"name":"wp","href":"https:\/\/api.w.org\/{rel}","templated":true}]}}