{"id":32512,"date":"2025-02-18T13:44:07","date_gmt":"2025-02-18T13:44:07","guid":{"rendered":"https:\/\/globalservices.lt\/?post_type=product&#038;p=32512"},"modified":"2025-02-18T13:44:07","modified_gmt":"2025-02-18T13:44:07","slug":"pramoninis-dazytojas-a-darbui-nyderlanduose","status":"publish","type":"product","link":"https:\/\/globalservices.lt\/en\/shop\/darbo-sritis\/pramone-gamyba\/pramoninis-dazytojas-a-darbui-nyderlanduose\/","title":{"rendered":"Pramoninis da\u017eytojas (-a) darbui Nyderlanduose"},"content":{"rendered":"<p>Ie\u0161kome patyrusio pramoninio da\u017eytojo, kuris geb\u0117t\u0173 profesionaliai atlikti didel\u0117s technikos, tokios kaip kranai, ekskavatoriai ir sunkve\u017eimiai, da\u017eymo darbus.<br \/>\nJei turite patirties su skirtingomis da\u017eymo technologijomis ir ie\u0161kote i\u0161\u0161\u016bki\u0173 kupinos darbo aplinkos, kvie\u010diame prisijungti prie m\u016bs\u0173 komandos!<\/p>\n<p><strong>DARBO POB\u016aDIS:<\/strong><\/p>\n<ul>\n<li>Pavir\u0161i\u0173 paruo\u0161imas da\u017eymui: maskavimas, nuriebalinimas, tinkamo da\u017e\u0173 sluoksnio u\u017epur\u0161kimas;<\/li>\n<li>Auk\u0161tos kokyb\u0117s pur\u0161kimo \u012frangos ir \u012fvairi\u0173 da\u017eymo technik\u0173 naudojimas: konvencinis da\u017eymas, elektrostatinis da\u017eymas, auk\u0161to sl\u0117gio da\u017eymas;<\/li>\n<li>Darbas su 2-komponent\u0117mis da\u017e\u0173 sistemomis siekiant u\u017etikrinti optimal\u0173 padengim\u0105 ir ilgaam\u017ei\u0161kum\u0105.<\/li>\n<\/ul>\n<p><strong>DARBO GRAFIKAS:<\/strong><\/p>\n<ul>\n<li>Darbas organizuojamas viena pamaina;<\/li>\n<li>40 valand\u0173 darbo savait\u0117.<\/li>\n<\/ul>\n<p><strong>KO MES TIKIM\u0116S:<\/strong><\/p>\n<ul>\n<li>Patirties pramoninio da\u017eymo srityje;<\/li>\n<li>Geb\u0117jimo dirbti tiksliai ir kruop\u0161\u010diai;<\/li>\n<li>Atidumo detal\u0117ms ir orientacijos \u012f auk\u0161t\u0105 kokyb\u0119;<\/li>\n<li>Geb\u0117jimo efektyviai bendradarbiauti su komanda.<\/li>\n<\/ul>\n<p><strong>SI\u016aLOME:<\/strong><\/p>\n<ul>\n<li>Stabil\u0173, kas savait\u0119 mokam\u0105 atlyginim\u0105;<\/li>\n<li>Padengtas visas su komandiruote susijusias i\u0161laidas;<\/li>\n<li>Darbo r\u016bbus ir su darbu susijusias priemones;<\/li>\n<li>Visas socialines garantijas;<\/li>\n<li>Draugi\u0161k\u0105 kolektyv\u0105 ir geras darbo s\u0105lygas.<\/li>\n<\/ul>\n<p><strong>KONTAKTINIAI DUOMENYS PASITEIRAVIMUI:<\/strong><\/p>\n<ul>\n<li>T.: +370 (670) 45 030<\/li>\n<li>E.: INFO@GLOBALSERVICES.LT<\/li>\n<\/ul>","protected":false},"excerpt":{"rendered":"<p style=\"text-align: left;\">&#8211; Atlyginimas: nuo 2.400 \u2013 2.600 EUR (atskai\u010dius mokes\u010dius);<br \/>\n&#8211; Darbo trukm\u0117: ilgalaikis darbas;<br \/>\n&#8211; Atlyginimo mok\u0117jimas: atlyginimas mokamas kas savait\u0119;<br \/>\n&#8211; Darbo vieta: Nyderlandai<\/p>","protected":false},"featured_media":32513,"template":"","meta":[],"product_cat":[48,56,50,39,26],"product_tag":[47],"class_list":["post-32512","product","type-product","status-publish","has-post-thumbnail","hentry","product_cat-darbo-sritis","product_cat-nyderlandai","product_cat-pramone-gamyba","product_cat-uzsienis","product_cat-kita","product_tag-front"],"_links":{"self":[{"href":"https:\/\/globalservices.lt\/en\/wp-json\/wp\/v2\/product\/32512","targetHints":{"allow":["GET"]}}],"collection":[{"href":"https:\/\/globalservices.lt\/en\/wp-json\/wp\/v2\/product"}],"about":[{"href":"https:\/\/globalservices.lt\/en\/wp-json\/wp\/v2\/types\/product"}],"wp:featuredmedia":[{"embeddable":true,"href":"https:\/\/globalservices.lt\/en\/wp-json\/wp\/v2\/media\/32513"}],"wp:attachment":[{"href":"https:\/\/globalservices.lt\/en\/wp-json\/wp\/v2\/media?parent=32512"}],"wp:term":[{"taxonomy":"product_cat","embeddable":true,"href":"https:\/\/globalservices.lt\/en\/wp-json\/wp\/v2\/product_cat?post=32512"},{"taxonomy":"product_tag","embeddable":true,"href":"https:\/\/globalservices.lt\/en\/wp-json\/wp\/v2\/product_tag?post=32512"}],"curies":[{"name":"wp","href":"https:\/\/api.w.org\/{rel}","templated":true}]}}