{"id":32509,"date":"2026-03-11T20:17:28","date_gmt":"2026-03-11T20:17:28","guid":{"rendered":"https:\/\/globalservices.lt\/?post_type=product&#038;p=32509"},"modified":"2026-03-19T07:46:46","modified_gmt":"2026-03-19T07:46:46","slug":"elektros-spintu-surinkejas-a-darbui-nyderlanduose","status":"publish","type":"product","link":"https:\/\/globalservices.lt\/en\/shop\/darbo-sritis\/mechanika-inzinerija\/elektros-spintu-surinkejas-a-darbui-nyderlanduose\/","title":{"rendered":"Elektros spint\u0173 surink\u0117jas (-a) darbui Nyderlanduose"},"content":{"rendered":"<p>Ie\u0161kome elektros spint\u0173 surink\u0117jo (-os), kuris gal\u0117t\u0173 savaranki\u0161kai surinkti elektros valdymo spintas pagal techninius br\u0117\u017einius.<br \/>\nJei turite patirties elektros komponent\u0173 montavime, laid\u0173 instaliacijoje ir gebate dirbti pagal schemas \u2013 kvie\u010diame prisijungti prie m\u016bs\u0173 profesionalios komandos!<\/p>\n<p><strong>DARBO POB\u016aDIS:<\/strong><\/p>\n<ul>\n<li>Surinkti montavimo komponentus pagal pateiktus br\u0117\u017einius.<\/li>\n<li>Montuoti elektros komponentus ant plok\u0161t\u0117s pagal surinkimo schem\u0105.<\/li>\n<li>Integruoti paruo\u0161tas plok\u0161tes \u012f skydines ir sujungti jas tarpusavyje<\/li>\n<li>Instaliuoti vidinius laidus pagal pateikt\u0105 elektros schem\u0105.<\/li>\n<li>Tikrinti ir testuoti elektros instaliacij\u0105 pagal schemas.<\/li>\n<\/ul>\n<p><strong>DARBO GRAFIKAS:<\/strong><\/p>\n<ul>\n<li>Darbas organizuojamas viena pamaina (40 val. per savait\u0119).<\/li>\n<\/ul>\n<p><strong>KO TIKIM\u0116S?<\/strong><\/p>\n<ul>\n<li>Patirties elektros spint\u0173 surinkime ir instaliacijoje.<\/li>\n<li>Geb\u0117jimo skaityti elektros schemas ir techninius br\u0117\u017einius.<\/li>\n<li>Atsakingumo, kruop\u0161tumo ir savaranki\u0161kumo.<\/li>\n<li>Mok\u0117jimo pilnai surinkti ir sujungti elektros valdymo spintas.<\/li>\n<\/ul>\n<p><strong>K\u0104 SI\u016aLOME:<\/strong><\/p>\n<ul>\n<li>Geras darbo s\u0105lygas ir konkurencing\u0105, laiku mokam\u0105 atlyginim\u0105.<\/li>\n<li>Visas reikalingas darbo priemones: \u012frankius, darbo r\u016bbus ir avalyn\u0119.<\/li>\n<li>Visas socialines garantijas.<\/li>\n<li>Darb\u0105 modernioje \u012fmon\u0117je, kur svarbiausia \u2013 darbo sauga, kokyb\u0117 ir efektyvumas.<\/li>\n<li>Draugi\u0161k\u0105 kolektyv\u0105 ir palaikan\u010di\u0105 komand\u0105!<\/li>\n<\/ul>\n<p><strong>KONTAKTINIAI DUOMENYS PASITEIRAVIMUI:<\/strong><\/p>\n<ul>\n<li>T.: +370 (670) 45 030<\/li>\n<li>E.: INFO@GLOBALSERVICES.LT<\/li>\n<\/ul>","protected":false},"excerpt":{"rendered":"<p style=\"text-align: left;\">&#8211; Atlyginimas: nuo 3,200 EUR\/m\u0117n. (po mokes\u010di\u0173)<br \/>\n&#8211; Darbo trukm\u0117: Ilgalaikis darbas<br \/>\n&#8211; Atlyginimo mok\u0117jimas: Kas savait\u0119<br \/>\n&#8211; Darbo vieta: Nyderlandai<\/p>","protected":false},"featured_media":32623,"template":"","meta":[],"product_cat":[48,52,49,56,50,39,26],"product_tag":[47],"class_list":["post-32509","product","type-product","status-publish","has-post-thumbnail","hentry","product_cat-darbo-sritis","product_cat-energetika-elektronika-elektros-inzinerija","product_cat-mechanika-inzinerija","product_cat-nyderlandai","product_cat-pramone-gamyba","product_cat-uzsienis","product_cat-kita","product_tag-front"],"_links":{"self":[{"href":"https:\/\/globalservices.lt\/en\/wp-json\/wp\/v2\/product\/32509","targetHints":{"allow":["GET"]}}],"collection":[{"href":"https:\/\/globalservices.lt\/en\/wp-json\/wp\/v2\/product"}],"about":[{"href":"https:\/\/globalservices.lt\/en\/wp-json\/wp\/v2\/types\/product"}],"wp:featuredmedia":[{"embeddable":true,"href":"https:\/\/globalservices.lt\/en\/wp-json\/wp\/v2\/media\/32623"}],"wp:attachment":[{"href":"https:\/\/globalservices.lt\/en\/wp-json\/wp\/v2\/media?parent=32509"}],"wp:term":[{"taxonomy":"product_cat","embeddable":true,"href":"https:\/\/globalservices.lt\/en\/wp-json\/wp\/v2\/product_cat?post=32509"},{"taxonomy":"product_tag","embeddable":true,"href":"https:\/\/globalservices.lt\/en\/wp-json\/wp\/v2\/product_tag?post=32509"}],"curies":[{"name":"wp","href":"https:\/\/api.w.org\/{rel}","templated":true}]}}