{"id":32502,"date":"2025-01-30T06:53:53","date_gmt":"2025-01-30T06:53:53","guid":{"rendered":"https:\/\/globalservices.lt\/?post_type=product&#038;p=32502"},"modified":"2025-01-30T06:55:03","modified_gmt":"2025-01-30T06:55:03","slug":"betonuotoju-betonuotoju-brigadu-darbas-komandiruoteje-skirtinguose-statybu-objektuose-lietuvoje","status":"publish","type":"product","link":"https:\/\/globalservices.lt\/en\/shop\/darbo-sritis\/statyba\/betonuotoju-betonuotoju-brigadu-darbas-komandiruoteje-skirtinguose-statybu-objektuose-lietuvoje\/","title":{"rendered":"Betonuotoj\u0173, Betonuotoj\u0173 brigad\u0173 (darbas komandiruot\u0117je skirtinguose statyb\u0173 objektuose Lietuvoje)"},"content":{"rendered":"<p>\u0160iuo metu ie\u0161kome motyvuot\u0173 ir atsaking\u0173 specialist\u0173, norin\u010di\u0173 dirbti betonavimo darbus. Prisijung\u0119 prie m\u016bs\u0173 komandos, dirbsite su \u012fvairiais monolitini\u0173 gel\u017ebetonini\u0173 konstrukcij\u0173 darbais, klojini\u0173 montavimu ir kitais fiziniais darbais.<\/p>\n<p>Ie\u0161kome specialist\u0173 nuo patyrusi\u0173 iki pagalbini\u0173 darbuotoj\u0173. Tapkite dalimi patyrusios komandos, kuri vertina atsakomyb\u0119, profesionalum\u0105 ir puikias darbo s\u0105lygas!<\/p>\n<p><strong>DARBO POB\u016aDIS:<\/strong><\/p>\n<ul>\n<li>Monolitini\u0173 gel\u017ebetonini\u0173 konstrukcij\u0173 armavimo darbai;<\/li>\n<li>Klojini\u0173 montavimas;<\/li>\n<li>Betonavimo darbai;<\/li>\n<li>Stropavimo darbai.<\/li>\n<\/ul>\n<p><strong>KO TIKIM\u0116S?<\/strong><\/p>\n<ul>\n<li>Betonuotojo darbo patirtis ir \u017einios (privalumas);<\/li>\n<li>Atsakingas po\u017ei\u016bris \u012f darb\u0105, d\u0117mesingumas ir tikslumas;<\/li>\n<li>Geb\u0117jimas dirbti tiek savaranki\u0161kai, tiek komandoje.<\/li>\n<\/ul>\n<p><strong>\u012eMON\u0116 SI\u016aLO:<\/strong><\/p>\n<ul>\n<li>Stabil\u0173 atlyginim\u0105, suteikiant\u012f geras s\u0105lygas u\u017esidirbti;<\/li>\n<li>Visas socialines garantijas;<\/li>\n<li>Galimyb\u0119 dirbti patikimame ir draugi\u0161kame kolektyve;<\/li>\n<li>Galimyb\u0119 vykti \u012f komandiruotes u\u017esienyje;<\/li>\n<li>Suteikiamos visos darbui reikalingos priemon\u0117s ir \u012franga.<\/li>\n<\/ul>\n<p><strong>KONTAKTINIAI DUOMENYS PASITEIRAVIMUI:<\/strong><\/p>\n<ul>\n<li>T.: +370 (670) 45 030<\/li>\n<li>E.: INFO@GLOBALSERVICES.LT<\/li>\n<\/ul>","protected":false},"excerpt":{"rendered":"<p style=\"text-align: left;\">\u2013 Atlyginimas: nuo 1.000 &#8211; 2.500 EUR\/m\u0117n. (atskai\u010dius mokes\u010dius).<br \/>\n\u2013 Darbo trukm\u0117: ilgalaikis darbas.<br \/>\n\u2013 Norintiems yra galimyb\u0117 gauti atlyginim\u0105, kas savait\u0119;<br \/>\n\u2013 Darbo vieta: Statybos objektai visoje Lietuvoje.<\/p>","protected":false},"featured_media":32503,"template":"","meta":[],"product_cat":[61,48,60,55,38,63,51,67,62,26],"product_tag":[47],"class_list":["post-32502","product","type-product","status-publish","has-post-thumbnail","hentry","product_cat-alytus","product_cat-darbo-sritis","product_cat-kaunas","product_cat-lentvaris","product_cat-lietuva","product_cat-marijampole","product_cat-statyba","product_cat-traku-raj","product_cat-vilnius","product_cat-kita","product_tag-front"],"_links":{"self":[{"href":"https:\/\/globalservices.lt\/en\/wp-json\/wp\/v2\/product\/32502","targetHints":{"allow":["GET"]}}],"collection":[{"href":"https:\/\/globalservices.lt\/en\/wp-json\/wp\/v2\/product"}],"about":[{"href":"https:\/\/globalservices.lt\/en\/wp-json\/wp\/v2\/types\/product"}],"wp:featuredmedia":[{"embeddable":true,"href":"https:\/\/globalservices.lt\/en\/wp-json\/wp\/v2\/media\/32503"}],"wp:attachment":[{"href":"https:\/\/globalservices.lt\/en\/wp-json\/wp\/v2\/media?parent=32502"}],"wp:term":[{"taxonomy":"product_cat","embeddable":true,"href":"https:\/\/globalservices.lt\/en\/wp-json\/wp\/v2\/product_cat?post=32502"},{"taxonomy":"product_tag","embeddable":true,"href":"https:\/\/globalservices.lt\/en\/wp-json\/wp\/v2\/product_tag?post=32502"}],"curies":[{"name":"wp","href":"https:\/\/api.w.org\/{rel}","templated":true}]}}