{"id":32498,"date":"2025-01-24T10:12:28","date_gmt":"2025-01-24T10:12:28","guid":{"rendered":"https:\/\/globalservices.lt\/?post_type=product&#038;p=32498"},"modified":"2025-01-24T11:08:19","modified_gmt":"2025-01-24T11:08:19","slug":"elektrotechniniu-irenginiu-technikas-e-kaune","status":"publish","type":"product","link":"https:\/\/globalservices.lt\/en\/shop\/darbo-sritis\/mechanika-inzinerija\/elektrotechniniu-irenginiu-technikas-e-kaune\/","title":{"rendered":"Elektrotechnini\u0173 \u012frengini\u0173 technikas (-\u0117) Kaune"},"content":{"rendered":"<p>\u0160iuo metu ie\u0161kome motyvuot\u0173 specialist\u0173, norin\u010di\u0173 dirbti atsaking\u0105 ir svarb\u0173 darb\u0105 elektros bei \u0161ilumin\u0117s energijos gamybos srityje. Prisijung\u0119 prie m\u016bs\u0173 komandos, dirbsite su elektrotechnini\u0173 \u012frengini\u0173 aptarnavimu, prie\u017ei\u016bra ir remontu, prisid\u0117site prie kokybi\u0161k\u0173 ir efektyvi\u0173 sprendim\u0173 \u012fgyvendinimo. Tapkite dalimi profesionalios komandos, kuri vertina atsakingum\u0105 ir kompetencij\u0105!<\/p>\n<p><strong>DARBO POB\u016aDIS:<\/strong><\/p>\n<ul>\n<li>Elektrotechnini\u0173 \u012frengini\u0173 remonto, montavimo ir technin\u0117s prie\u017ei\u016bros darb\u0173 atlikimas.<\/li>\n<li>Elektrotechnini\u0173 \u012frengini\u0173 matavimo ir bandymo darbai.<\/li>\n<li>Elektrotechnini\u0173 \u012frengini\u0173 defekt\u0173 nustatymas ir \u0161alinimas.<\/li>\n<\/ul>\n<p><strong>DARBO GRAFIKAS:<\/strong><\/p>\n<ul>\n<li>Viena pamaina;<\/li>\n<li>Darbo valandos:\n<ul>\n<li>Pirmadieniais\u2013ketvirtadieniais: 7:30\u201316:30 val.<\/li>\n<li>Penktadieniais: 7:15\u201313:45 val.<\/li>\n<\/ul>\n<\/li>\n<li>Savaitgaliai \u2013 laisvi!<\/li>\n<\/ul>\n<p><strong>KO TIKIM\u0116S?<\/strong><\/p>\n<ul>\n<li>Gebate atlikti elektrotechninius montavimo ir remonto darbus.<\/li>\n<li>Esate kruop\u0161tus, atsakingas ir savaranki\u0161kas.<\/li>\n<\/ul>\n<p><strong>SI\u016aLOME:<\/strong><\/p>\n<ul>\n<li>Geras darbo s\u0105lygas.<\/li>\n<li>Ilgalaik\u012f ir stabil\u0173 darb\u0105.<\/li>\n<li>Draugi\u0161k\u0105 darbo atmosfer\u0105.<\/li>\n<li>Visas darbui reikalingas priemones, darbo r\u016bbus ir avalyn\u0119.<\/li>\n<li>Socialines garantijas ir geras darbo s\u0105lygas.<\/li>\n<\/ul>\n<p><strong>KONTAKTINIAI DUOMENYS PASITEIRAVIMUI:<\/strong><\/p>\n<ul>\n<li>T.: +370 (670) 45 030<\/li>\n<li>E.: INFO@GLOBALSERVICES.LT<\/li>\n<\/ul>","protected":false},"excerpt":{"rendered":"<p style=\"text-align: left;\">&#8211; Atlyginimas: 1.000 EUR\/m\u0117n. (atskai\u010dius mokes\u010dius).<br \/>\n&#8211; Darbo trukm\u0117: ilgalaikis darbas.<br \/>\n&#8211; Atlyginimo mok\u0117jimas: galimyb\u0117 atlyginim\u0105 gauti kas savait\u0119 (jei pageidaujate).<br \/>\n&#8211; Darbo vieta: Kaunas, Taikos pr.<\/p>","protected":false},"featured_media":32499,"template":"","meta":[],"product_cat":[48,52,60,38,49,26],"product_tag":[47],"class_list":["post-32498","product","type-product","status-publish","has-post-thumbnail","hentry","product_cat-darbo-sritis","product_cat-energetika-elektronika-elektros-inzinerija","product_cat-kaunas","product_cat-lietuva","product_cat-mechanika-inzinerija","product_cat-kita","product_tag-front"],"_links":{"self":[{"href":"https:\/\/globalservices.lt\/en\/wp-json\/wp\/v2\/product\/32498","targetHints":{"allow":["GET"]}}],"collection":[{"href":"https:\/\/globalservices.lt\/en\/wp-json\/wp\/v2\/product"}],"about":[{"href":"https:\/\/globalservices.lt\/en\/wp-json\/wp\/v2\/types\/product"}],"wp:featuredmedia":[{"embeddable":true,"href":"https:\/\/globalservices.lt\/en\/wp-json\/wp\/v2\/media\/32499"}],"wp:attachment":[{"href":"https:\/\/globalservices.lt\/en\/wp-json\/wp\/v2\/media?parent=32498"}],"wp:term":[{"taxonomy":"product_cat","embeddable":true,"href":"https:\/\/globalservices.lt\/en\/wp-json\/wp\/v2\/product_cat?post=32498"},{"taxonomy":"product_tag","embeddable":true,"href":"https:\/\/globalservices.lt\/en\/wp-json\/wp\/v2\/product_tag?post=32498"}],"curies":[{"name":"wp","href":"https:\/\/api.w.org\/{rel}","templated":true}]}}