{"id":32495,"date":"2026-02-04T08:18:56","date_gmt":"2026-02-04T08:18:56","guid":{"rendered":"https:\/\/globalservices.lt\/?post_type=product&#038;p=32495"},"modified":"2026-02-05T06:36:52","modified_gmt":"2026-02-05T06:36:52","slug":"krautuvo-vairuotojas-a-vilniaus-raj","status":"publish","type":"product","link":"https:\/\/globalservices.lt\/en\/shop\/darbo-sritis\/pramone-gamyba\/krautuvo-vairuotojas-a-vilniaus-raj\/","title":{"rendered":"Krautuvo vairuotojas (-a) &#8211; Lindini\u0161ki\u0173 km., Vilniaus raj. (Netoli Rie\u0161\u0117s)"},"content":{"rendered":"<p>Ie\u0161kai darbo su ai\u0161kiomis perspektyvomis, stabilumu ir draugi\u0161ku kolektyvu? Prisijunk prie m\u016bs\u0173 komandos. Dirbsime \u012fmon\u0117je, specializuotoje medini\u0173 sodo nameli\u0173, vasarnami\u0173, gara\u017e\u0173, medini\u0173 lang\u0173 ir dur\u0173 gamyboje, kur svarbus kiekvieno komandos nario ind\u0117lis!<\/p>\n<p><strong>DARBO POB\u016aDIS:<\/strong><\/p>\n<ul>\n<li>Krovimo ir i\u0161krovimo darbai \u2013 pagamintos produkcijos tvarkymas;<\/li>\n<li>Produkcijos sand\u0117liavimas lauko ir vidaus sand\u0117liuose;<\/li>\n<li>Pagamintos ir supakuotos produkcijos pakrovimas bei i\u0161ve\u017eimas;<\/li>\n<li>Gamybos padalini\u0173 aptarnavimas;<\/li>\n<li>Atvykusi\u0173 \u017ealiav\u0173 i\u0161krovimas;<\/li>\n<li>Med\u017eio d\u017eiovyklos pakrovimo darbai;<\/li>\n<li>Bendradarbiavimas su gamybos ir sand\u0117lio komanda, u\u017etikrinant skland\u0173 ir saug\u0173 darb\u0105.<\/li>\n<\/ul>\n<p><strong>DARBO GRAFIKAS:<\/strong><\/p>\n<ul>\n<li>Darbo laikas: nuo 7:30 iki 16:00 val.;<\/li>\n<li>Darbo dienos: pirmadienis\u2013penktadienis<\/li>\n<li>Savaitgaliai \u2013 laisvi!<\/li>\n<\/ul>\n<p><strong>KO TIKIM\u0116S?<\/strong><\/p>\n<ul>\n<li>Turite galiojant\u012f krautuvo vairuotojo pa\u017eym\u0117jim\u0105.<\/li>\n<li>Esate atsakingas, kruop\u0161tus ir gebate dirbti komandoje;<\/li>\n<li>Patirtis sand\u0117liavimo ar pana\u0161ioje srityje \u2013 privalumas, bet neb\u016btina.<\/li>\n<\/ul>\n<p><strong>SI\u016aLOME:<\/strong><\/p>\n<ul>\n<li>Geras darbo s\u0105lygas.<\/li>\n<li>Draugi\u0161k\u0105 darbo atmosfer\u0105.<\/li>\n<li>Visas darbui reikalingas priemones, darbo r\u016bbus ir avalyn\u0119.<\/li>\n<li>Darb\u0105 finansi\u0161kai stabilioje ir nuolat augan\u010dioje \u012fmon\u0117je.<\/li>\n<\/ul>\n<p><strong>KONTAKTINIAI DUOMENYS PASITEIRAVIMUI:<\/strong><\/p>\n<ul>\n<li>T.: +370 (670) 45 030<\/li>\n<li>E.: INFO@GLOBALSERVICES.LT<\/li>\n<\/ul>","protected":false},"excerpt":{"rendered":"<p style=\"text-align: left;\">&#8211; Atlyginimas: 1.100\u20131.300 EUR (atskai\u010dius mokes\u010dius).<br \/>\n&#8211; Darbo trukm\u0117: ilgalaikis darbas.<br \/>\n&#8211; Atlyginimo mok\u0117jimas: galimyb\u0117 atlyginim\u0105 gauti kas savait\u0119 (jei pageidaujate).<br \/>\n&#8211; Darbo vieta: Lindini\u0161ki\u0173 km., Vilniaus raj. (netoli Rie\u0161\u0117s).<\/p>","protected":false},"featured_media":32496,"template":"","meta":[],"product_cat":[48,38,66,50,64,62,26],"product_tag":[47],"class_list":["post-32495","product","type-product","status-publish","has-post-thumbnail","hentry","product_cat-darbo-sritis","product_cat-lietuva","product_cat-logistika-sandeliavimas","product_cat-pramone-gamyba","product_cat-transportas-vairavimas","product_cat-vilnius","product_cat-kita","product_tag-front"],"_links":{"self":[{"href":"https:\/\/globalservices.lt\/en\/wp-json\/wp\/v2\/product\/32495","targetHints":{"allow":["GET"]}}],"collection":[{"href":"https:\/\/globalservices.lt\/en\/wp-json\/wp\/v2\/product"}],"about":[{"href":"https:\/\/globalservices.lt\/en\/wp-json\/wp\/v2\/types\/product"}],"wp:featuredmedia":[{"embeddable":true,"href":"https:\/\/globalservices.lt\/en\/wp-json\/wp\/v2\/media\/32496"}],"wp:attachment":[{"href":"https:\/\/globalservices.lt\/en\/wp-json\/wp\/v2\/media?parent=32495"}],"wp:term":[{"taxonomy":"product_cat","embeddable":true,"href":"https:\/\/globalservices.lt\/en\/wp-json\/wp\/v2\/product_cat?post=32495"},{"taxonomy":"product_tag","embeddable":true,"href":"https:\/\/globalservices.lt\/en\/wp-json\/wp\/v2\/product_tag?post=32495"}],"curies":[{"name":"wp","href":"https:\/\/api.w.org\/{rel}","templated":true}]}}