{"id":32492,"date":"2025-01-17T14:05:39","date_gmt":"2025-01-17T14:05:39","guid":{"rendered":"https:\/\/globalservices.lt\/?post_type=product&#038;p=32492"},"modified":"2025-08-27T10:44:24","modified_gmt":"2025-08-27T10:44:24","slug":"siuveja-as-kauno-rajone-baldu-apmusalu-siuvimas","status":"publish","type":"product","link":"https:\/\/globalservices.lt\/en\/shop\/darbo-sritis\/pramone-gamyba\/siuveja-as-kauno-rajone-baldu-apmusalu-siuvimas\/","title":{"rendered":"Siuv\u0117ja (-as) Kauno rajone (Bald\u0173 apmu\u0161al\u0173 siuvimas)"},"content":{"rendered":"<p>Jei ie\u0161kote stabilaus darbo bald\u0173 apmu\u0161al\u0173 siuvime, kuriame vertinamas kruop\u0161tumas ir profesionalumas, \u0161i galimyb\u0117 kaip tik jums!<\/p>\n<p><strong>DARBO POB\u016aDIS:<\/strong><\/p>\n<ul>\n<li>Bald\u0173 apmu\u0161al\u0173 element\u0173 siuvimas pagal pateiktas instrukcijas;<\/li>\n<li>Audini\u0173 paruo\u0161imas siuvimui (matavimas, \u017eym\u0117jimas);<\/li>\n<li>Kokybi\u0161kas siuvimas ir gamini\u0173 apdaila;<\/li>\n<li>Produkcijos kokyb\u0117s u\u017etikrinimas.<\/li>\n<li>Apmokome neturin\u010dius patirties siuvant baldiniuss audinius.<\/li>\n<\/ul>\n<p><strong>DARBO GRAFIKAS:<\/strong><\/p>\n<ul>\n<li>Darbas organizuojamas dienin\u0117je pamainoje I \u2013 V nuo 7:30 \u2013 16:30;<\/li>\n<li>Pilnas etatas;<\/li>\n<li>Galimyb\u0117 dirbti vir\u0161valand\u017eius.<\/li>\n<\/ul>\n<p><strong>DARBO VIETA:<\/strong><\/p>\n<ul>\n<li>E\u017eer\u0117liai, Kauno rajonas<\/li>\n<li>Organizuojame pave\u017e\u0117jim\u0105 \u012fmon\u0117s transportu i\u0161 Garliavos arba Kauno (Centro ir Aleksoto mikrorajon\u0173).<\/li>\n<\/ul>\n<p><strong>KO TIKIM\u0116S?<\/strong><\/p>\n<ul>\n<li>Atsakingumo ir kruop\u0161tumo;<\/li>\n<li>Motyvacijos dirbti;<\/li>\n<li>Patirties siuvimo srityje (privalumas, bet apmokiname).<\/li>\n<\/ul>\n<p><strong>SI\u016aLOME:<\/strong><\/p>\n<ul>\n<li>Kandidatams be patirties atlyginim\u0105 nuo 800 EUR\/m\u0117n. (\u012f rankas);<\/li>\n<li>Vidutin\u012f atlyginim\u0105 \u2013 1.300 EUR\/m\u0117n., su galimybe u\u017edirbti daugiau, priklausomai nuo i\u0161dirbio ir rezultat\u0173;<\/li>\n<li>Visas socialines garantijas;<\/li>\n<li>Apmokymus pradedantiems;<\/li>\n<li>Draugi\u0161k\u0105 kolektyv\u0105 ir geras darbo s\u0105lygas;<\/li>\n<\/ul>\n<p><strong>KONTAKTINIAI DUOMENYS PASITEIRAVIMUI:<\/strong><\/p>\n<ul>\n<li>T.: +370 (670) 45 030<\/li>\n<li>E.: INFO@GLOBALSERVICES.LT<\/li>\n<\/ul>","protected":false},"excerpt":{"rendered":"<p style=\"text-align: left;\">\u2013 Kandidatams (-\u0117ms) be patirties atlyginimas prasideda nuo 800 EUR\/m\u0117n. (\u012f rankas);<br \/>\n\u2013 Vidutinis atlyginimas: 1.300 EUR\/m\u0117n. (\u012f rankas), su galimybe u\u017edirbti daugiau;<br \/>\n\u2013 Darbo trukm\u0117: ilgalaikis darbas;<br \/>\n\u2013 Norintiems yra galimyb\u0117 gauti atlyginim\u0105, kas savait\u0119;<br \/>\n\u2013 Galimyb\u0117 dirbti vir\u0161valand\u017eius;<br \/>\n\u2013 Darbo vieta: E\u017eer\u0117lis, Kauno rajonas<\/p>","protected":false},"featured_media":32493,"template":"","meta":[],"product_cat":[48,60,38,50,26],"product_tag":[47],"class_list":["post-32492","product","type-product","status-publish","has-post-thumbnail","hentry","product_cat-darbo-sritis","product_cat-kaunas","product_cat-lietuva","product_cat-pramone-gamyba","product_cat-kita","product_tag-front"],"_links":{"self":[{"href":"https:\/\/globalservices.lt\/en\/wp-json\/wp\/v2\/product\/32492","targetHints":{"allow":["GET"]}}],"collection":[{"href":"https:\/\/globalservices.lt\/en\/wp-json\/wp\/v2\/product"}],"about":[{"href":"https:\/\/globalservices.lt\/en\/wp-json\/wp\/v2\/types\/product"}],"wp:featuredmedia":[{"embeddable":true,"href":"https:\/\/globalservices.lt\/en\/wp-json\/wp\/v2\/media\/32493"}],"wp:attachment":[{"href":"https:\/\/globalservices.lt\/en\/wp-json\/wp\/v2\/media?parent=32492"}],"wp:term":[{"taxonomy":"product_cat","embeddable":true,"href":"https:\/\/globalservices.lt\/en\/wp-json\/wp\/v2\/product_cat?post=32492"},{"taxonomy":"product_tag","embeddable":true,"href":"https:\/\/globalservices.lt\/en\/wp-json\/wp\/v2\/product_tag?post=32492"}],"curies":[{"name":"wp","href":"https:\/\/api.w.org\/{rel}","templated":true}]}}