{"id":32487,"date":"2024-11-28T11:27:22","date_gmt":"2024-11-28T11:27:22","guid":{"rendered":"https:\/\/globalservices.lt\/?post_type=product&#038;p=32487"},"modified":"2024-11-28T11:36:07","modified_gmt":"2024-11-28T11:36:07","slug":"elektrikas-automatikas-traku-raj","status":"publish","type":"product","link":"https:\/\/globalservices.lt\/en\/shop\/darbo-sritis\/mechanika-inzinerija\/elektrikas-automatikas-traku-raj\/","title":{"rendered":"Elektrikas (-\u0117) &#8211; Automatikas (\u0117) (Bald\u0173 gamybos \u012fmon\u0117je) (Trak\u0173 raj.)"},"content":{"rendered":"<p>Prisijunkite prie m\u016bs\u0173 ir tapkite dalimi komandos, kuri kuria auk\u0161\u010diausios kokyb\u0117s baldus pasaulinei rinkai!<\/p>\n<p><strong>DARBO POB\u016aDIS:<\/strong><\/p>\n<ul>\n<li>Gamybos \u012frengini\u0173 elektros ir automatin\u0117s dalies prie\u017ei\u016bra bei remontas.<\/li>\n<li>Prevencin\u0117 ir planin\u0117 \u012frengini\u0173 prie\u017ei\u016bra.<\/li>\n<li>Sprendim\u0173 ie\u0161kojimas gamybos paj\u0117gum\u0173 ir efektyvumo gerinimui.<\/li>\n<li>Nuolatin\u0117 ir planin\u0117 \u012frangos elektros bei automatin\u0117s dalies patikra.<\/li>\n<\/ul>\n<p><strong>DARBO GRAFIKAS:<\/strong><\/p>\n<ul>\n<li>Darbas organizuojamas slenkan\u010diu grafiku dviejose pamainose;<\/li>\n<li>1 pamaina: 07:00 \u2013 19:00 val.<\/li>\n<li>2 pamaina: 19:00 \u2013 07:00 val.<\/li>\n<li>Pamainos kinta kas savait\u0119.<\/li>\n<\/ul>\n<p><strong>KO TIKIM\u0116S?<\/strong><\/p>\n<ul>\n<li>Galite dirbti slenkan\u010diu, pamaininiu darbo grafiku (07:00-19:00 \/ 19:00-07:00).<\/li>\n<li>Turite technin\u012f i\u0161silavinim\u0105 (elektros ar automatikos srityje).<\/li>\n<li>Turite darbo patirties elektriko (-\u0117s) &#8211; automatiko (-\u0117s) pozicijoje, pri\u017ei\u016brint ir \u0161alinant gamybos \u012frangos gedimus.<\/li>\n<li>Turite VK elektrosaugos kvalifikacin\u012f pa\u017eym\u0117jim\u0105.<\/li>\n<li>Gebate skaityti elektros schemas, techninius br\u0117\u017einius ir \u012frengini\u0173 instrukcijas angl\u0173 kalba.<\/li>\n<\/ul>\n<p><strong>SI\u016aLOME:<\/strong><\/p>\n<ul>\n<li>Visas darbui reikalingas priemones, darbo r\u016bbus ir avalyn\u0119.<\/li>\n<li>Geras darbo s\u0105lygas bei motyvuojant\u012f laiku mokam\u0105 atlyginim\u0105.<\/li>\n<li>Visas socialines garantijas.<\/li>\n<li>Darb\u0105 pa\u017eangioje \u012fmon\u0117je, kurioje daug d\u0117mesio skiriama darbo saugai, darbo efektyvumui ir kokybei.<\/li>\n<li>Skatinan\u010di\u0105 \u201eaugti\u201d darbo aplink\u0105.<\/li>\n<li>Darb\u0105 draugi\u0161kame ir geranori\u0161kame kolektyve.<\/li>\n<\/ul>\n<p><strong>PAPILDOMI PRIVALUMAI:<\/strong><\/p>\n<ul>\n<li>Dalinai apmokami piet\u016bs darboviet\u0117je \u012frengtoje valgykloje;<\/li>\n<li>Darboviet\u0117je \u012frengtos poilsio zonos, virtuv\u0117l\u0117 su \u0161aldytuvu ir priemon\u0117mis maistui pasi\u0161ildyti;<\/li>\n<li>24\/7 galiojant\u012f draudim\u0105 nuo nelaiming\u0173 \u012fvyki\u0173;<\/li>\n<li>Galimyb\u0119 \u012f\/i\u0161 darbo vykti bendrov\u0117s u\u017esakytais autobusais i\u0161 Vilniaus, Senosios Var\u0117nos, Var\u0117nos, Kai\u0161iadori\u0173, Elektr\u0117n\u0173, Vievio, Matuiz\u0173, Daug\u0173, Ei\u0161i\u0161ki\u0173, \u0160irvint\u0173, Musnink\u0173, Trak\u0173, Grigi\u0161ki\u0173, Lentvario, R\u016bdi\u0161ki\u0173.<\/li>\n<\/ul>\n<p><strong>KONTAKTINIAI DUOMENYS PASITEIRAVIMUI:<\/strong><\/p>\n<ul>\n<li>T.: +370 (670) 45 030<\/li>\n<li>E.: INFO@GLOBALSERVICES.LT<\/li>\n<\/ul>","protected":false},"excerpt":{"rendered":"<p style=\"text-align: left;\">\u2013 Atlyginimas: nuo 1.400 \u2013 1.500 EUR (atskai\u010dius mokes\u010dius);<br \/>\n\u2013 Darbo trukm\u0117: ilgalaikis darbas;<br \/>\n\u2013 Atlyginimo mok\u0117jimas: norintiems suteikiame galimyb\u0119 atlyginim\u0105 gauti kas savait\u0119;<br \/>\n\u2013 Darbo vieta: Guopst\u0173 kaimas, Trak\u0173 r. sav.<\/p>","protected":false},"featured_media":32488,"template":"","meta":[],"product_cat":[48,52,38,49,50,67,26],"product_tag":[47],"class_list":["post-32487","product","type-product","status-publish","has-post-thumbnail","hentry","product_cat-darbo-sritis","product_cat-energetika-elektronika-elektros-inzinerija","product_cat-lietuva","product_cat-mechanika-inzinerija","product_cat-pramone-gamyba","product_cat-traku-raj","product_cat-kita","product_tag-front"],"_links":{"self":[{"href":"https:\/\/globalservices.lt\/en\/wp-json\/wp\/v2\/product\/32487","targetHints":{"allow":["GET"]}}],"collection":[{"href":"https:\/\/globalservices.lt\/en\/wp-json\/wp\/v2\/product"}],"about":[{"href":"https:\/\/globalservices.lt\/en\/wp-json\/wp\/v2\/types\/product"}],"wp:featuredmedia":[{"embeddable":true,"href":"https:\/\/globalservices.lt\/en\/wp-json\/wp\/v2\/media\/32488"}],"wp:attachment":[{"href":"https:\/\/globalservices.lt\/en\/wp-json\/wp\/v2\/media?parent=32487"}],"wp:term":[{"taxonomy":"product_cat","embeddable":true,"href":"https:\/\/globalservices.lt\/en\/wp-json\/wp\/v2\/product_cat?post=32487"},{"taxonomy":"product_tag","embeddable":true,"href":"https:\/\/globalservices.lt\/en\/wp-json\/wp\/v2\/product_tag?post=32487"}],"curies":[{"name":"wp","href":"https:\/\/api.w.org\/{rel}","templated":true}]}}