{"id":32485,"date":"2025-04-23T12:58:30","date_gmt":"2025-04-23T12:58:30","guid":{"rendered":"https:\/\/globalservices.lt\/?post_type=product&#038;p=32485"},"modified":"2025-05-21T13:24:22","modified_gmt":"2025-05-21T13:24:22","slug":"baldu-gamybos-darbuotojas-traku-raj","status":"publish","type":"product","link":"https:\/\/globalservices.lt\/en\/shop\/darbo-sritis\/pramone-gamyba\/baldu-gamybos-darbuotojas-traku-raj\/","title":{"rendered":"Gamybos darbuotojas (-a) bald\u0173 gamybos \u012fmon\u0117je (Trak\u0173 raj.)"},"content":{"rendered":"<p>Prisijunkite prie m\u016bs\u0173 ir tapkite dalimi komandos, kuri kuria auk\u0161\u010diausios kokyb\u0117s baldus pasaulinei rinkai!<\/p>\n<p><strong>DARBO POB\u016aDIS:<\/strong><\/p>\n<ul>\n<li>Darbas pre bald\u0173 detali\u0173 gamybos linijos;<\/li>\n<li>Pagamint\u0173 detali\u0173 komplektavimas;<\/li>\n<li>\u0160varos ir tvarkos palaikymas darbo vietoje.<\/li>\n<\/ul>\n<p><strong>DARBO GRAFIKAS:<\/strong><\/p>\n<ul>\n<li>Darbas organizuojamas slenkan\u010diu grafiku dviejose pamainose;<\/li>\n<li>1 pamaina: 07:00 \u2013 19:00 val.<\/li>\n<li>2 pamaina: 19:00 \u2013 07:00 val.<\/li>\n<li>Pamainos kinta kas savait\u0119.<\/li>\n<\/ul>\n<p><strong>KO TIKIM\u0116S?<\/strong><\/p>\n<ul>\n<li>Galite dirbti slenkan\u010diu, pamaininiu darbo grafiku (07:00-19:00 \/ 19:00-07:00);<\/li>\n<li>Nebijote fizinio darbo;<\/li>\n<li>Turite darbo patirties gamybos \u012fmon\u0117je;<\/li>\n<li>Esate pareigingas, atsakingas, kruop\u0161tus ir norite tobul\u0117ti.<\/li>\n<\/ul>\n<p><strong>SI\u016aLOME:<\/strong><\/p>\n<ul>\n<li>Visas darbui reikalingas priemones, darbo r\u016bbus ir avalyn\u0119.<\/li>\n<li>Geras darbo s\u0105lygas bei motyvuojant\u012f laiku mokam\u0105 atlyginim\u0105.<\/li>\n<li>Visas socialines garantijas.<\/li>\n<li>Darb\u0105 pa\u017eangioje \u012fmon\u0117je, kurioje daug d\u0117mesio skiriama darbo saugai, darbo efektyvumui ir kokybei.<\/li>\n<li>Skatinan\u010di\u0105 \u201eaugti\u201d darbo aplink\u0105.<\/li>\n<li>Darb\u0105 draugi\u0161kame ir geranori\u0161kame kolektyve.<\/li>\n<\/ul>\n<p><strong>PAPILDOMI PRIVALUMAI:<\/strong><\/p>\n<ul>\n<li>Dalinai apmokami piet\u016bs darboviet\u0117je \u012frengtoje valgykloje;<\/li>\n<li>Darboviet\u0117je \u012frengtos poilsio zonos, virtuv\u0117l\u0117 su \u0161aldytuvu ir priemon\u0117mis maistui pasi\u0161ildyti;<\/li>\n<li>Galimyb\u0119 \u012f\/i\u0161 darbo vykti bendrov\u0117s u\u017esakytais autobusais i\u0161 Vilniaus, Senosios Var\u0117nos, Var\u0117nos, Kai\u0161iadori\u0173, Elektr\u0117n\u0173, Vievio, Matuiz\u0173, Daug\u0173, Ei\u0161i\u0161ki\u0173, \u0160irvint\u0173, Musnink\u0173, Trak\u0173, Grigi\u0161ki\u0173, Lentvario, R\u016bdi\u0161ki\u0173.<\/li>\n<\/ul>\n<p><strong>KONTAKTINIAI DUOMENYS PASITEIRAVIMUI:<\/strong><\/p>\n<ul>\n<li>T.: +370 (670) 45 030<\/li>\n<li>E.: INFO@GLOBALSERVICES.LT<\/li>\n<\/ul>","protected":false},"excerpt":{"rendered":"<p style=\"text-align: left;\">\u2013 Atlyginimas: 1.000 \u2013 1.400 EUR (atskai\u010dius mokes\u010dius);<br \/>\n\u2013 Darbo trukm\u0117: ilgalaikis darbas;<br \/>\n\u2013 Atlyginimo mok\u0117jimas: norintiems suteikiame galimyb\u0119 atlyginim\u0105 gauti kas savait\u0119;<br \/>\n\u2013 Darbo vieta: Guopst\u0173 kaimas, Trak\u0173 r. sav.<\/p>","protected":false},"featured_media":32540,"template":"","meta":[],"product_cat":[48,38,50,67,26],"product_tag":[47],"class_list":["post-32485","product","type-product","status-publish","has-post-thumbnail","hentry","product_cat-darbo-sritis","product_cat-lietuva","product_cat-pramone-gamyba","product_cat-traku-raj","product_cat-kita","product_tag-front"],"_links":{"self":[{"href":"https:\/\/globalservices.lt\/en\/wp-json\/wp\/v2\/product\/32485","targetHints":{"allow":["GET"]}}],"collection":[{"href":"https:\/\/globalservices.lt\/en\/wp-json\/wp\/v2\/product"}],"about":[{"href":"https:\/\/globalservices.lt\/en\/wp-json\/wp\/v2\/types\/product"}],"wp:featuredmedia":[{"embeddable":true,"href":"https:\/\/globalservices.lt\/en\/wp-json\/wp\/v2\/media\/32540"}],"wp:attachment":[{"href":"https:\/\/globalservices.lt\/en\/wp-json\/wp\/v2\/media?parent=32485"}],"wp:term":[{"taxonomy":"product_cat","embeddable":true,"href":"https:\/\/globalservices.lt\/en\/wp-json\/wp\/v2\/product_cat?post=32485"},{"taxonomy":"product_tag","embeddable":true,"href":"https:\/\/globalservices.lt\/en\/wp-json\/wp\/v2\/product_tag?post=32485"}],"curies":[{"name":"wp","href":"https:\/\/api.w.org\/{rel}","templated":true}]}}