{"id":32481,"date":"2024-11-22T07:09:23","date_gmt":"2024-11-22T07:09:23","guid":{"rendered":"https:\/\/globalservices.lt\/?post_type=product&#038;p=32481"},"modified":"2024-11-22T07:30:19","modified_gmt":"2024-11-22T07:30:19","slug":"cnc-stakliu-operatorius-e-vilniuje-aukstieji-paneriai","status":"publish","type":"product","link":"https:\/\/globalservices.lt\/en\/shop\/darbo-sritis\/mechanika-inzinerija\/cnc-stakliu-operatorius-e-vilniuje-aukstieji-paneriai\/","title":{"rendered":"CNC stakli\u0173 operatorius (-\u0117) Vilniuje (Auk\u0161tieji Paneriai)"},"content":{"rendered":"<p>\u0160iuo metu ie\u0161kome nauj\u0173 komandos nari\u0173 ir kvie\u010diame prisijungti \u017emones, norin\u010dius dirbti vienoje i\u0161 lyderiaujan\u010di\u0173 mink\u0161t\u0173j\u0173 bald\u0173 gamintoj\u0173 Lietuvoje ir pasaulin\u0117je rinkoje.<\/p>\n<p>Jei ie\u0161kote galimybi\u0173 augti, tobul\u0117ti ir dirbti su profesionaliais bei ambicingais kolegomis \u2013 \u0161i vieta kaip tik jums!<\/p>\n<p><strong>DARBO POB\u016aDIS:<\/strong><\/p>\n<ul>\n<li>Dirbsite su CNC stakl\u0117mis;<\/li>\n<li>Baldini\u0173 detali\u0173 i\u0161pjovimas pagal pateiktus br\u0117\u017einius;<\/li>\n<li>Detali\u0173 pakavimas (pakavimo juosta arba pl\u0117vele);<\/li>\n<li>I\u0161pjaut\u0173 detali\u0173 komplektavimas ir sud\u0117jimas ant pad\u0117klo;<\/li>\n<li>Stakli\u0173 prie\u017ei\u016br\u0105 pradedant ir baigus darb\u0105.<\/li>\n<\/ul>\n<p><strong>DARBO GRAFIKAS:<\/strong><\/p>\n<ul>\n<li>Darbas organizuojamas dviejose pamainose;<\/li>\n<li>1 pamaina: 7:00 \u2013 19:00 val. (2 dienos);<\/li>\n<li>2 pamaina: 19:00 \u2013 7:00 val. (2 dienos);<\/li>\n<li>4 poilsio dienos.<\/li>\n<\/ul>\n<p><strong>KO TIKIM\u0116S?<\/strong><\/p>\n<ul>\n<li>Turite darbo patirties dirbant su CNC stakl\u0117mis (privalumas).<\/li>\n<li>Esate pareigingas, atsakingas, kruop\u0161tus ir norite tobul\u0117ti.<\/li>\n<li>Esate d\u0117mesingas detal\u0117ms ir orientuotas \u012f kokybi\u0161k\u0105 rezultat\u0105.<\/li>\n<\/ul>\n<p><strong>SI\u016aLOME:<\/strong><\/p>\n<ul>\n<li>Visas darbui reikalingas priemones, darbo r\u016bbus ir avalyn\u0119.<\/li>\n<li>Geras darbo s\u0105lygas bei motyvuojant\u012f laiku mokam\u0105 atlyginim\u0105.<\/li>\n<li>Visas socialines garantijas.<\/li>\n<li>Augimo ir karjeros galimybes.<\/li>\n<li>Darb\u0105 draugi\u0161kame ir geranori\u0161kame kolektyve.<\/li>\n<\/ul>\n<p><strong>KONTAKTINIAI DUOMENYS PASITEIRAVIMUI:<\/strong><\/p>\n<ul>\n<li>T.: +370 (670) 45 030<\/li>\n<li>E.: INFO@GLOBALSERVICES.LT<\/li>\n<\/ul>","protected":false},"excerpt":{"rendered":"<p style=\"text-align: left;\">\u2013 Atlyginimas: 1.000 \u2013 1.130 EUR (atskai\u010dius mokes\u010dius);<br \/>\n\u2013 Darbo trukm\u0117: ilgalaikis darbas;<br \/>\n\u2013 Atlyginimo mok\u0117jimas: norintiems suteikiame galimyb\u0119 atlyginim\u0105 gauti kas savait\u0119;<br \/>\n\u2013 Darbo vieta: Vilnius (Auk\u0161tieji Paneriai).<\/p>","protected":false},"featured_media":32482,"template":"","meta":[],"product_cat":[48,38,49,50,62,26],"product_tag":[47],"class_list":["post-32481","product","type-product","status-publish","has-post-thumbnail","hentry","product_cat-darbo-sritis","product_cat-lietuva","product_cat-mechanika-inzinerija","product_cat-pramone-gamyba","product_cat-vilnius","product_cat-kita","product_tag-front"],"_links":{"self":[{"href":"https:\/\/globalservices.lt\/en\/wp-json\/wp\/v2\/product\/32481","targetHints":{"allow":["GET"]}}],"collection":[{"href":"https:\/\/globalservices.lt\/en\/wp-json\/wp\/v2\/product"}],"about":[{"href":"https:\/\/globalservices.lt\/en\/wp-json\/wp\/v2\/types\/product"}],"wp:featuredmedia":[{"embeddable":true,"href":"https:\/\/globalservices.lt\/en\/wp-json\/wp\/v2\/media\/32482"}],"wp:attachment":[{"href":"https:\/\/globalservices.lt\/en\/wp-json\/wp\/v2\/media?parent=32481"}],"wp:term":[{"taxonomy":"product_cat","embeddable":true,"href":"https:\/\/globalservices.lt\/en\/wp-json\/wp\/v2\/product_cat?post=32481"},{"taxonomy":"product_tag","embeddable":true,"href":"https:\/\/globalservices.lt\/en\/wp-json\/wp\/v2\/product_tag?post=32481"}],"curies":[{"name":"wp","href":"https:\/\/api.w.org\/{rel}","templated":true}]}}