{"id":32475,"date":"2024-11-06T08:56:34","date_gmt":"2024-11-06T08:56:34","guid":{"rendered":"https:\/\/globalservices.lt\/?post_type=product&#038;p=32475"},"modified":"2024-11-06T08:56:35","modified_gmt":"2024-11-06T08:56:35","slug":"baldu-dazytojas-a-vilniuje-salia-vilniaus-oro-uosto","status":"publish","type":"product","link":"https:\/\/globalservices.lt\/en\/shop\/darbo-sritis\/pramone-gamyba\/baldu-dazytojas-a-vilniuje-salia-vilniaus-oro-uosto\/","title":{"rendered":"Bald\u0173 da\u017eytojas (-a) Vilniuje (\u0160alia Vilniaus Oro Uosto)"},"content":{"rendered":"<p>\u0160iuo metu ie\u0161kome nauj\u0173 komandos nari\u0173 ir kvie\u010diame prisijungti \u017emones, norin\u010dius dirbti vienoje i\u0161 lyderiaujan\u010di\u0173 ekspozicini\u0173 bald\u0173 gamintoj\u0173 Lietuvoje ir pasaulin\u0117je rinkoje.<br \/>\nJei ie\u0161kote galimybi\u0173 augti, tobul\u0117ti ir dirbti su profesionaliais bei ambicingais kolegomis \u2013 \u0161i vieta kaip tik jums!<\/p>\n<p><strong>DARBO POB\u016aDIS:<\/strong><\/p>\n<ul>\n<li>Medini\u0173, MDF, ir faneruot\u0173 bald\u0173 pavir\u0161i\u0173 da\u017eymas;<\/li>\n<li>Tvarkos ir \u0161varos darbo vietoje u\u017etikrinimas.<\/li>\n<\/ul>\n<p><strong>DARBO GRAFIKAS:<\/strong><\/p>\n<ul>\n<li>Darbas organizuojamas dviejose pamainose;<\/li>\n<li>1 pamaina: 6:00 \u2013 14:30 val.<\/li>\n<li>2 pamaina: 14:30 \u2013 23:00 val.<\/li>\n<li>Penki\u0173 darbo dien\u0173 savait\u0117 su dviem poilsio dienomis.<\/li>\n<\/ul>\n<p><strong>KO TIKIM\u0116S?<\/strong><\/p>\n<ul>\n<li>Esate pareigingas, atsakingas, kruop\u0161tus ir norite tobul\u0117ti;<\/li>\n<li>Esate d\u0117mesingas detal\u0117ms ir orientuotas \u012f kokybi\u0161k\u0105 rezultat\u0105;<\/li>\n<li>Turite analogi\u0161ko darbo patirties &#8211; privalumas.<\/li>\n<\/ul>\n<p><strong>SI\u016aLOME:<\/strong><\/p>\n<ul>\n<li>Visas darbui reikalingas priemones, darbo r\u016bbus ir avalyn\u0119;<\/li>\n<li>Geras darbo s\u0105lygas bei motyvuojant\u012f laiku mokam\u0105 atlyginim\u0105;<\/li>\n<li>Visas socialines garantijas;<\/li>\n<li>Darb\u0105 pa\u017eangioje \u012fmon\u0117je, kurioje daug d\u0117mesio skiriama darbo saugai, darbo efektyvumui ir kokybei;<\/li>\n<li>Skatinan\u010di\u0105 \u201eaugti\u201d darbo aplink\u0105;<\/li>\n<li>Darb\u0105 draugi\u0161kame ir geranori\u0161kame kolektyve.<\/li>\n<\/ul>\n<p><strong>KONTAKTINIAI DUOMENYS PASITEIRAVIMUI:<\/strong><\/p>\n<ul>\n<li>T.: +370 (670) 45 030;<\/li>\n<li>E.: INFO@GLOBALSERVICES.LT<\/li>\n<\/ul>","protected":false},"excerpt":{"rendered":"<p style=\"text-align: left;\">\u2013 Atlyginimas: 1.150 \u2013 1.200 EUR \/ per m\u0117nes\u012f (atskai\u010dius mokes\u010dius);<br \/>\n\u2013 Darbo trukm\u0117: ilgalaikis darbas;<br \/>\n\u2013 Atlyginimo mok\u0117jimas: norintiems suteikiame galimyb\u0119 atlyginim\u0105 gauti kas savait\u0119;<br \/>\n\u2013 Darbo vieta: Vilnius (\u0160alia Vilniaus Oro Uosto, Dariaus ir Gir\u0117no gatv\u0117).<\/p>","protected":false},"featured_media":32476,"template":"","meta":[],"product_cat":[48,38,50,51,62,26],"product_tag":[47],"class_list":["post-32475","product","type-product","status-publish","has-post-thumbnail","hentry","product_cat-darbo-sritis","product_cat-lietuva","product_cat-pramone-gamyba","product_cat-statyba","product_cat-vilnius","product_cat-kita","product_tag-front"],"_links":{"self":[{"href":"https:\/\/globalservices.lt\/en\/wp-json\/wp\/v2\/product\/32475","targetHints":{"allow":["GET"]}}],"collection":[{"href":"https:\/\/globalservices.lt\/en\/wp-json\/wp\/v2\/product"}],"about":[{"href":"https:\/\/globalservices.lt\/en\/wp-json\/wp\/v2\/types\/product"}],"wp:featuredmedia":[{"embeddable":true,"href":"https:\/\/globalservices.lt\/en\/wp-json\/wp\/v2\/media\/32476"}],"wp:attachment":[{"href":"https:\/\/globalservices.lt\/en\/wp-json\/wp\/v2\/media?parent=32475"}],"wp:term":[{"taxonomy":"product_cat","embeddable":true,"href":"https:\/\/globalservices.lt\/en\/wp-json\/wp\/v2\/product_cat?post=32475"},{"taxonomy":"product_tag","embeddable":true,"href":"https:\/\/globalservices.lt\/en\/wp-json\/wp\/v2\/product_tag?post=32475"}],"curies":[{"name":"wp","href":"https:\/\/api.w.org\/{rel}","templated":true}]}}