{"id":32472,"date":"2025-10-20T08:59:03","date_gmt":"2025-10-20T08:59:03","guid":{"rendered":"https:\/\/globalservices.lt\/?post_type=product&#038;p=32472"},"modified":"2026-01-19T10:04:28","modified_gmt":"2026-01-19T10:04:28","slug":"sandelio-darbuotojas-a-vilnius","status":"publish","type":"product","link":"https:\/\/globalservices.lt\/en\/shop\/darbo-sritis\/logistika-sandeliavimas\/sandelio-darbuotojas-a-vilnius\/","title":{"rendered":"Sand\u0117lio darbuotojas (-a) (Vilnius)"},"content":{"rendered":"<p>Kvie\u010diame prisijungti energingus bei atsakingus \u017emones, norin\u010dius dirbti logistikos ir transporto srityje.<\/p>\n<p>Jei ie\u0161kote stabilaus darbo sand\u0117lyje, kuriame vertinamas kiekvieno ind\u0117lis ir komandin\u0117 dvasia \u2013 \u0161i galimyb\u0117 kaip tik jums!<\/p>\n<p><strong>DARBO POB\u016aDIS:<\/strong><\/p>\n<ul>\n<li>\n<div>Krovini\u0173 markiravimas, pakavimas;<\/div>\n<\/li>\n<li>\n<div>Krovini\u0173 krovimas rankomis ir \/ arba elektriniu krautuvu;<\/div>\n<\/li>\n<li>\n<div>Krovini\u0173 pri\u0117mimas, surinkimas, i\u0161davimas;<\/div>\n<\/li>\n<li>\n<div>Tvarkos terminale palaikymas.<\/div>\n<\/li>\n<\/ul>\n<p><strong>DARBO GRAFIKAS:<\/strong><\/p>\n<ul>\n<li>Darbsite dienin\u0117je pamainoje nuo I &#8211; V;<\/li>\n<li>Darbo laikas: 08:30 \u2013 17:30;<\/li>\n<li>\n<div><strong>Laisvi savaitgaliai.<\/strong><\/div>\n<\/li>\n<\/ul>\n<p><strong>KO TIKIM\u0116S?<\/strong><\/p>\n<ul>\n<li>Nebijote fizinio darbo;<\/li>\n<li>Esate pozityvus, darb\u0161tus, atsakingas, iniciatyvus.<\/li>\n<\/ul>\n<p><strong>SI\u016aLOME:<\/strong><\/p>\n<ul>\n<li>Geras darbo s\u0105lygas bei motyvuojant\u012f atlyginim\u0105;<\/li>\n<li>Visas socialines garantijas;<\/li>\n<li>Galimyb\u0119 derinti darb\u0105 su studijomis ar kitomis veiklomis;<\/li>\n<li>Darb\u0105 draugi\u0161kame kolektyve su motyvuojan\u010diais ir padedan\u010diais vadovais.<\/li>\n<\/ul>\n<p><strong>KONTAKTINIAI DUOMENYS PASITEIRAVIMUI:<\/strong><\/p>\n<ul>\n<li>T.: +370 (670) 45 030<\/li>\n<li>E.: INFO@GLOBALSERVICES.LT<\/li>\n<\/ul>","protected":false},"excerpt":{"rendered":"<p style=\"text-align: left;\">\u2013 Atlyginimas: nuo 1.070 EUR (atskai\u010dius mokes\u010dius);<br \/>\n\u2013 Atlyginimo mok\u0117jimas: Norintiems yra galimyb\u0117 atlyginim\u0105 gauti kas savait\u0119;<br \/>\n\u2013 Darbo vieta: Jurgio Dobkevi\u010diaus g., Vilnius (Netoli Vilniaus Oro Uosto)<\/p>","protected":false},"featured_media":32473,"template":"","meta":[],"product_cat":[48,38,66,62,26],"product_tag":[47],"class_list":["post-32472","product","type-product","status-publish","has-post-thumbnail","hentry","product_cat-darbo-sritis","product_cat-lietuva","product_cat-logistika-sandeliavimas","product_cat-vilnius","product_cat-kita","product_tag-front"],"_links":{"self":[{"href":"https:\/\/globalservices.lt\/en\/wp-json\/wp\/v2\/product\/32472","targetHints":{"allow":["GET"]}}],"collection":[{"href":"https:\/\/globalservices.lt\/en\/wp-json\/wp\/v2\/product"}],"about":[{"href":"https:\/\/globalservices.lt\/en\/wp-json\/wp\/v2\/types\/product"}],"wp:featuredmedia":[{"embeddable":true,"href":"https:\/\/globalservices.lt\/en\/wp-json\/wp\/v2\/media\/32473"}],"wp:attachment":[{"href":"https:\/\/globalservices.lt\/en\/wp-json\/wp\/v2\/media?parent=32472"}],"wp:term":[{"taxonomy":"product_cat","embeddable":true,"href":"https:\/\/globalservices.lt\/en\/wp-json\/wp\/v2\/product_cat?post=32472"},{"taxonomy":"product_tag","embeddable":true,"href":"https:\/\/globalservices.lt\/en\/wp-json\/wp\/v2\/product_tag?post=32472"}],"curies":[{"name":"wp","href":"https:\/\/api.w.org\/{rel}","templated":true}]}}