{"id":32468,"date":"2024-10-14T12:46:17","date_gmt":"2024-10-14T12:46:17","guid":{"rendered":"https:\/\/globalservices.lt\/?post_type=product&#038;p=32468"},"modified":"2024-10-14T12:46:17","modified_gmt":"2024-10-14T12:46:17","slug":"gamybos-operatorius-senieji-trakai","status":"publish","type":"product","link":"https:\/\/globalservices.lt\/en\/shop\/darbo-sritis\/pramone-gamyba\/gamybos-operatorius-senieji-trakai\/","title":{"rendered":"Gamybos operatorius (Senieji Trakai)"},"content":{"rendered":"<p>\u0160iuo metu ie\u0161kome nauj\u0173 komandos nari\u0173 ir si\u016blome darb\u0105 \u017emon\u0117ms, norintiems dirbti vienoje did\u017eiausi\u0173 ir moderniausi\u0173 \u0161iuolaikini\u0173 avi\u017e\u0173 ir granolos produkt\u0173 gamintoj\u0173 \u0160iaur\u0117s Europoje.<\/p>\n<p><strong>DARBO POB\u016aDIS:<\/strong><\/p>\n<ul>\n<li>Dribsni\u0173 ir kit\u0173 gr\u016bdini\u0173 produkt\u0173 gamyb\u0105;<\/li>\n<li>Gamybinio proceso prie\u017ei\u016bra;<\/li>\n<li>Kokyb\u0117s kontrol\u0117s vykdymas ir dokumentacijos pildymas;<\/li>\n<li>\u0160varos ir higienos u\u017etikrinimas darbo vietoje.<\/li>\n<\/ul>\n<p><strong>DARBO GRAFIKAS:<\/strong><\/p>\n<ul>\n<li>Darbas organizuojamas trijose pamainose nuo I &#8211; V;<\/li>\n<li>1 pamaina: 06:00-14:00 val.;<\/li>\n<li>2 pamaina: 14:00-22:00 val.;<\/li>\n<li>3 pamaina: 22:00-06:00 val.<\/li>\n<\/ul>\n<p><strong>KO TIKIM\u0116S?<\/strong><\/p>\n<ul>\n<li>Gebate dirbti komandoje;<\/li>\n<li>Turite darbo patirties gamybin\u0117je \u012fmon\u0117je &#8211; didelis privalumas;<\/li>\n<li>Gebate laikytis auk\u0161\u010diausi\u0173 darb\u0173 saugos ir produkt\u0173 kokyb\u0117s reikalavim\u0173;<\/li>\n<li>Esate pozityvus, darb\u0161tus, atsakingas, iniciatyvus.<\/li>\n<\/ul>\n<p><strong>JEI NETURITE PATIRTIES, TAV\u0118S LAUKIA:<\/strong><\/p>\n<ul>\n<li>\u012edomus mokymo procesas;<\/li>\n<li>Galimyb\u0117 kelti kvalifikacij\u0105 nuo kurios priklausys tavo gaunamas darbo u\u017emokestis.<\/li>\n<\/ul>\n<p><strong>SI\u016aLOME:<\/strong><\/p>\n<ul>\n<li>Geras darbo s\u0105lygas bei motyvuojant\u012f atlyginim\u0105;<\/li>\n<li>Atlyginimas gali did\u0117ti priklausomai nuo patirties ir darbo rezultat\u0173;<\/li>\n<li>Visas socialines garantijas;<\/li>\n<li>Darb\u0105 pa\u017eangioje \u012fmon\u0117je, kurioje daug d\u0117mesio skiriama darbo saugai, darbo efektyvumui ir kokybei;<\/li>\n<li>Darbui ir asmens saugumui reikiamas priemones;<\/li>\n<li>Darb\u0105 draugi\u0161kame ir geranori\u0161kame kolektyve.<\/li>\n<\/ul>\n<p><strong>KONTAKTINIAI DUOMENYS PASITEIRAVIMUI:<\/strong><\/p>\n<ul>\n<li>T.: +370 (670) 45 030<\/li>\n<li>E.: INFO@GLOBALSERVICES.LT<\/li>\n<\/ul>","protected":false},"excerpt":{"rendered":"<p style=\"text-align: left;\">\u2013 Atlyginimas: 1.000 \u2013 1.100 EUR (atskai\u010dius mokes\u010dius);<br \/>\n\u2013 Darbo trukm\u0117: ilgalaikis darbas;<br \/>\n\u2013 Atlyginimo mok\u0117jimas: Norintiems yra galimyb\u0117 atlyginim\u0105 gauti kas savait\u0119;<br \/>\n\u2013 Darbo vieta: Pla\u010dioji g., Sen\u0173j\u0173 Trak\u0173 k.<\/p>","protected":false},"featured_media":32470,"template":"","meta":[],"product_cat":[48,38,50,67,26],"product_tag":[47],"class_list":["post-32468","product","type-product","status-publish","has-post-thumbnail","hentry","product_cat-darbo-sritis","product_cat-lietuva","product_cat-pramone-gamyba","product_cat-traku-raj","product_cat-kita","product_tag-front"],"_links":{"self":[{"href":"https:\/\/globalservices.lt\/en\/wp-json\/wp\/v2\/product\/32468","targetHints":{"allow":["GET"]}}],"collection":[{"href":"https:\/\/globalservices.lt\/en\/wp-json\/wp\/v2\/product"}],"about":[{"href":"https:\/\/globalservices.lt\/en\/wp-json\/wp\/v2\/types\/product"}],"wp:featuredmedia":[{"embeddable":true,"href":"https:\/\/globalservices.lt\/en\/wp-json\/wp\/v2\/media\/32470"}],"wp:attachment":[{"href":"https:\/\/globalservices.lt\/en\/wp-json\/wp\/v2\/media?parent=32468"}],"wp:term":[{"taxonomy":"product_cat","embeddable":true,"href":"https:\/\/globalservices.lt\/en\/wp-json\/wp\/v2\/product_cat?post=32468"},{"taxonomy":"product_tag","embeddable":true,"href":"https:\/\/globalservices.lt\/en\/wp-json\/wp\/v2\/product_tag?post=32468"}],"curies":[{"name":"wp","href":"https:\/\/api.w.org\/{rel}","templated":true}]}}