{"id":32466,"date":"2025-04-20T09:55:18","date_gmt":"2025-04-20T09:55:18","guid":{"rendered":"https:\/\/globalservices.lt\/?post_type=product&#038;p=32466"},"modified":"2025-04-26T05:01:33","modified_gmt":"2025-04-26T05:01:33","slug":"gamybos-darbininkas-senieji-trakai","status":"publish","type":"product","link":"https:\/\/globalservices.lt\/en\/shop\/darbo-sritis\/pramone-gamyba\/gamybos-darbininkas-senieji-trakai\/","title":{"rendered":"Gamybos darbininkas (Senieji Trakai)"},"content":{"rendered":"<p>\u0160iuo metu ie\u0161kome nauj\u0173 komandos nari\u0173 ir si\u016blome darb\u0105 \u017emon\u0117ms, norintiems dirbti vienoje did\u017eiausi\u0173 ir moderniausi\u0173 \u0161iuolaikini\u0173 avi\u017e\u0173 ir granolos produkt\u0173 gamintoj\u0173 \u0160iaur\u0117s Europoje.<\/p>\n<p><strong>DARBO POB\u016aDIS:<\/strong><\/p>\n<ul>\n<li>Produkcijos fasavimo linijos aptarnavimas;<\/li>\n<li>Produkcijos krovimas ant pale\u010di\u0173;<\/li>\n<li>\u0160varos ir tvarkos darbo vietoje palaikymas.<\/li>\n<\/ul>\n<p><strong>DARBO GRAFIKAS:<\/strong><\/p>\n<ul>\n<li>Darbas organizuojamas slenkan\u010diu grafiku dviejose pamainose;<\/li>\n<li>1 pamaina: 6:00 \u2013 18:00 val. (2 darbo dienos).<\/li>\n<li>2 pamaina: 18:00 \u2013 06:00 val. (2 darbo dienos).<\/li>\n<li>4 poilsio dienos.<\/li>\n<\/ul>\n<p><strong>KO TIKIM\u0116S?<\/strong><\/p>\n<ul>\n<li>Gebate dirbti fizin\u012f darb\u0105;<\/li>\n<li>Esate darb\u0161tus, atsakingas, iniciatyvus.<\/li>\n<\/ul>\n<p><strong>SI\u016aLOME:<\/strong><\/p>\n<ul>\n<li>Geras darbo s\u0105lygas bei motyvuojant\u012f atlyginim\u0105;<\/li>\n<li>Atlyginimas gali did\u0117ti priklausomai nuo patirties ir darbo rezultat\u0173;<\/li>\n<li>Visas socialines garantijas;<\/li>\n<li>Darb\u0105 pa\u017eangioje \u012fmon\u0117je, kurioje daug d\u0117mesio skiriama darbo saugai, darbo efektyvumui ir kokybei;<\/li>\n<li>Darbui ir asmens saugumui reikiamas priemones;<\/li>\n<li>Darb\u0105 draugi\u0161kame ir geranori\u0161kame kolektyve.<\/li>\n<\/ul>\n<p><strong>KONTAKTINIAI DUOMENYS PASITEIRAVIMUI:<\/strong><\/p>\n<ul>\n<li>T.: +370 (670) 45 030<\/li>\n<li>E.: INFO@GLOBALSERVICES.LT<\/li>\n<\/ul>","protected":false},"excerpt":{"rendered":"<p style=\"text-align: left;\">\u2013 Atlyginimas: 1.000 \u2013 1.050 EUR (atskai\u010dius mokes\u010dius);<br \/>\n\u2013 Darbo trukm\u0117: Ilgalaikis darbas;<br \/>\n\u2013 Atlyginimo mok\u0117jimas: Norintiems yra galimyb\u0117 i\u0161mok\u0117ti atlyginim\u0105 kas savait\u0119;<br \/>\n\u2013 Darbo vieta: Pla\u010dioji g., Sen\u0173j\u0173 Trak\u0173 k.<\/p>","protected":false},"featured_media":32467,"template":"","meta":[],"product_cat":[48,38,66,50,67,26],"product_tag":[47],"class_list":["post-32466","product","type-product","status-publish","has-post-thumbnail","hentry","product_cat-darbo-sritis","product_cat-lietuva","product_cat-logistika-sandeliavimas","product_cat-pramone-gamyba","product_cat-traku-raj","product_cat-kita","product_tag-front"],"_links":{"self":[{"href":"https:\/\/globalservices.lt\/en\/wp-json\/wp\/v2\/product\/32466","targetHints":{"allow":["GET"]}}],"collection":[{"href":"https:\/\/globalservices.lt\/en\/wp-json\/wp\/v2\/product"}],"about":[{"href":"https:\/\/globalservices.lt\/en\/wp-json\/wp\/v2\/types\/product"}],"wp:featuredmedia":[{"embeddable":true,"href":"https:\/\/globalservices.lt\/en\/wp-json\/wp\/v2\/media\/32467"}],"wp:attachment":[{"href":"https:\/\/globalservices.lt\/en\/wp-json\/wp\/v2\/media?parent=32466"}],"wp:term":[{"taxonomy":"product_cat","embeddable":true,"href":"https:\/\/globalservices.lt\/en\/wp-json\/wp\/v2\/product_cat?post=32466"},{"taxonomy":"product_tag","embeddable":true,"href":"https:\/\/globalservices.lt\/en\/wp-json\/wp\/v2\/product_tag?post=32466"}],"curies":[{"name":"wp","href":"https:\/\/api.w.org\/{rel}","templated":true}]}}