{"id":32456,"date":"2026-03-16T06:15:13","date_gmt":"2026-03-16T06:15:13","guid":{"rendered":"https:\/\/globalservices.lt\/?post_type=product&#038;p=32456"},"modified":"2026-03-18T07:19:51","modified_gmt":"2026-03-18T07:19:51","slug":"medienos-slifuotojai-os-vilniuje-salia-vilniaus-oro-uosto","status":"publish","type":"product","link":"https:\/\/globalservices.lt\/en\/shop\/darbo-sritis\/pramone-gamyba\/medienos-slifuotojai-os-vilniuje-salia-vilniaus-oro-uosto\/","title":{"rendered":"Medienos \u0161lifuotojai (-os) Vilniuje (\u0160alia Vilniaus Oro Uosto)"},"content":{"rendered":"<p>\u0160iuo metu ie\u0161kome nauj\u0173 komandos nari\u0173 ir si\u016blome darb\u0105 \u017emon\u0117ms, norintiems dirbti vienoje i\u0161 lyderiaujan\u010di\u0173 parduotuvi\u0173 \u012frangos gamintoj\u0173 Lietuvoje bei pasaulin\u0117je rinkoje.<\/p>\n<p><strong>DARBO POB\u016aDIS:<\/strong><\/p>\n<ul>\n<li>Medini\u0173, MDF, ir faneruot\u0173 pavir\u0161i\u0173 paruo\u0161imas apdailai:<\/li>\n<li>\u0160lifavimas, glaistymas, smulki\u0173 defekt\u0173 pa\u0161alinimas;<\/li>\n<li>\u0160lifuot\u0173 gamini\u0173 kokyb\u0117s u\u017etikrinimas.<\/li>\n<li>Tvarkos ir \u0161varos u\u017etikrinimas.<\/li>\n<\/ul>\n<p><strong>DARBO GRAFIKAS:<\/strong><\/p>\n<ul>\n<li>Darbas organizuojamas dviejose pamainose;<\/li>\n<li>1 pamaina: 6:00 \u2013 14:30 val.<\/li>\n<li>2 pamaina: 14:30 \u2013 23:00 val.<\/li>\n<li>Penki\u0173 darbo dien\u0173 savait\u0117 su dviem poilsio dienomis.<\/li>\n<\/ul>\n<p><strong>KO TIKIM\u0116S?<\/strong><\/p>\n<ul>\n<li>Esate pareigingas, atsakingas, kruop\u0161tus ir norite tobul\u0117ti.<\/li>\n<li>Esate motyvuotas dirbti fizin\u012f darb\u0105.<\/li>\n<\/ul>\n<p><strong>SI\u016aLOME:<\/strong><\/p>\n<ul>\n<li>Apmokymus neturintiems patirties \u0161ioje srityje;<\/li>\n<li>Geras darbo s\u0105lygas bei motyvuojant\u012f laiku mokam\u0105 atlyginim\u0105;<\/li>\n<li>Visas socialines garantijas;<\/li>\n<li>Darb\u0105 pa\u017eangioje \u012fmon\u0117je, kurioje daug d\u0117mesio skiriama darbo saugai, darbo efektyvumui ir kokybei;<\/li>\n<li>Skatinan\u010di\u0105 \u201eaugti\u201d darbo aplink\u0105;<\/li>\n<li>Darbui ir asmens saugumui reikiamas priemones;<\/li>\n<li>Darb\u0105 draugi\u0161kame ir geranori\u0161kame kolektyve.<\/li>\n<\/ul>\n<p><strong>KONTAKTINIAI DUOMENYS PASITEIRAVIMUI:<\/strong><\/p>\n<ul>\n<li>T.: +370 (670) 45 030<\/li>\n<li>E.: INFO@GLOBALSERVICES.LT<\/li>\n<\/ul>","protected":false},"excerpt":{"rendered":"<p style=\"text-align: left;\">\u2013 Atlyginimas: Nuo 1.000 EUR (atskai\u010dius mokes\u010dius);<br \/>\n\u2013 Darbo trukm\u0117: ilgalaikis darbas;<br \/>\n\u2013 Atlyginimo mok\u0117jimas: norintiems suteikiame galimyb\u0119 atlyginim\u0105 gauti kas savait\u0119;<br \/>\n\u2013 Darbo vieta: Vilnius (\u0160alia Vilniaus Oro Uosto, Dariaus ir Gir\u0117no gatv\u0117).<\/p>","protected":false},"featured_media":32549,"template":"","meta":[],"product_cat":[48,38,50,62,26],"product_tag":[47],"class_list":["post-32456","product","type-product","status-publish","has-post-thumbnail","hentry","product_cat-darbo-sritis","product_cat-lietuva","product_cat-pramone-gamyba","product_cat-vilnius","product_cat-kita","product_tag-front"],"_links":{"self":[{"href":"https:\/\/globalservices.lt\/en\/wp-json\/wp\/v2\/product\/32456","targetHints":{"allow":["GET"]}}],"collection":[{"href":"https:\/\/globalservices.lt\/en\/wp-json\/wp\/v2\/product"}],"about":[{"href":"https:\/\/globalservices.lt\/en\/wp-json\/wp\/v2\/types\/product"}],"wp:featuredmedia":[{"embeddable":true,"href":"https:\/\/globalservices.lt\/en\/wp-json\/wp\/v2\/media\/32549"}],"wp:attachment":[{"href":"https:\/\/globalservices.lt\/en\/wp-json\/wp\/v2\/media?parent=32456"}],"wp:term":[{"taxonomy":"product_cat","embeddable":true,"href":"https:\/\/globalservices.lt\/en\/wp-json\/wp\/v2\/product_cat?post=32456"},{"taxonomy":"product_tag","embeddable":true,"href":"https:\/\/globalservices.lt\/en\/wp-json\/wp\/v2\/product_tag?post=32456"}],"curies":[{"name":"wp","href":"https:\/\/api.w.org\/{rel}","templated":true}]}}