{"id":32454,"date":"2026-04-20T04:58:24","date_gmt":"2026-04-20T04:58:24","guid":{"rendered":"https:\/\/globalservices.lt\/?post_type=product&#038;p=32454"},"modified":"2026-04-26T18:06:47","modified_gmt":"2026-04-26T18:06:47","slug":"produkcijos-pakuotojas-a-vilniuje-salia-oro-uosto","status":"publish","type":"product","link":"https:\/\/globalservices.lt\/en\/shop\/darbo-sritis\/pramone-gamyba\/produkcijos-pakuotojas-a-vilniuje-salia-oro-uosto\/","title":{"rendered":"Pakuotojas (-a) &#8211; Komplektuotojas Vilniuje (\u0160alia oro uosto)"},"content":{"rendered":"<p>\u0160iuo metu ie\u0161kome nauj\u0173 komandos nari\u0173 ir si\u016blome darb\u0105 \u017emon\u0117ms, norintiems dirbti medini\u0173 lang\u0173 bei dur\u0173 gamybos \u012fmon\u0117je.<\/p>\n<p><strong>DARBO POB\u016aDIS:<\/strong><\/p>\n<ul>\n<li>Pagamint\u0173 gamini\u0173 pri\u0117mimas, pakavimas, paruo\u0161imas i\u0161ve\u017eimui;<\/li>\n<li>Gamini\u0173 krovimas auto-krautuvu;<\/li>\n<li>Sand\u0117lio tvarkos palaikymas;<\/li>\n<li>Kitus susij\u0119 darbai.<\/li>\n<\/ul>\n<p><strong>DARBO GRAFIKAS:<\/strong><\/p>\n<ul>\n<li>Darbo dienos: Pirmadienis <span class=\"cf1\">\u2013 Penktadienis;<\/span><\/li>\n<li>Darbo laikas: 06:00\u201414:30 val.<\/li>\n<li><strong>Laisvi savaitgaliai<\/strong><!--EndFragment --><\/li>\n<\/ul>\n<p><strong>KO TIKIM\u0116S?<\/strong><\/p>\n<ul>\n<li>Esate darb\u0161tus, atsakingas, iniciatyvus;<\/li>\n<li>Gebate valdyti auto-krautuv\u0105;<\/li>\n<li>Esate motyvuotas dirbti fizin\u012f darb\u0105;<\/li>\n<li>Gebate dirbti komandoje;<\/li>\n<\/ul>\n<p><strong>JEI NETURITE PATIRTIES, TAV\u0118S LAUKIA:<\/strong><\/p>\n<ul>\n<li>\u012edomus mokymo procesas;<\/li>\n<li>Galimyb\u0117 kelti kvalifikacij\u0105 nuo kurios priklausys tavo gaunamas darbo u\u017emokestis.<\/li>\n<\/ul>\n<p><strong>SI\u016aLOME:<\/strong><\/p>\n<ul>\n<li>Apmokymus neturintiems patirties \u0161ioje srityje;<\/li>\n<li>Geras darbo s\u0105lygas bei motyvuojant\u012f atlyginim\u0105;<\/li>\n<li>Atlyginimas gali did\u0117ti priklausomai nuo patirties ir darbo rezultat\u0173;<\/li>\n<li>Visas socialines garantijas;<\/li>\n<li>Darbui ir asmens saugumui reikiamas priemones;<\/li>\n<li>Darb\u0105 draugi\u0161kame ir geranori\u0161kame kolektyve.<\/li>\n<\/ul>\n<p><strong>KONTAKTINIAI DUOMENYS PASITEIRAVIMUI:<\/strong><\/p>\n<ul>\n<li>T.: +370 (670) 45 030<\/li>\n<li>E.: INFO@GLOBALSERVICES.LT<\/li>\n<\/ul>","protected":false},"excerpt":{"rendered":"<p style=\"text-align: left;\">&#8211; Atlyginimas: Nuo 1.100 EUR (&#8222;\u012e rankas&#8221;);<br \/>\n&#8211; Darbo trukm\u0117: ilgalaikis darbas;<br \/>\n&#8211; Atlyginimo mok\u0117jimas: Norintiems yra galimyb\u0117 atlyginim\u0105 gauti kas savait\u0119;<br \/>\n&#8211; Darbo vieta: Ber\u017euonos g., Vilnius (\u0160alia oro uosto)<\/p>","protected":false},"featured_media":32637,"template":"","meta":[],"product_cat":[48,38,66,65,50,62,26],"product_tag":[47],"class_list":["post-32454","product","type-product","status-publish","has-post-thumbnail","hentry","product_cat-darbo-sritis","product_cat-lietuva","product_cat-logistika-sandeliavimas","product_cat-metalo-apdirbimas-saltkalvyste-suvirinimas","product_cat-pramone-gamyba","product_cat-vilnius","product_cat-kita","product_tag-front"],"_links":{"self":[{"href":"https:\/\/globalservices.lt\/en\/wp-json\/wp\/v2\/product\/32454","targetHints":{"allow":["GET"]}}],"collection":[{"href":"https:\/\/globalservices.lt\/en\/wp-json\/wp\/v2\/product"}],"about":[{"href":"https:\/\/globalservices.lt\/en\/wp-json\/wp\/v2\/types\/product"}],"wp:featuredmedia":[{"embeddable":true,"href":"https:\/\/globalservices.lt\/en\/wp-json\/wp\/v2\/media\/32637"}],"wp:attachment":[{"href":"https:\/\/globalservices.lt\/en\/wp-json\/wp\/v2\/media?parent=32454"}],"wp:term":[{"taxonomy":"product_cat","embeddable":true,"href":"https:\/\/globalservices.lt\/en\/wp-json\/wp\/v2\/product_cat?post=32454"},{"taxonomy":"product_tag","embeddable":true,"href":"https:\/\/globalservices.lt\/en\/wp-json\/wp\/v2\/product_tag?post=32454"}],"curies":[{"name":"wp","href":"https:\/\/api.w.org\/{rel}","templated":true}]}}