{"id":32447,"date":"2026-01-13T10:50:35","date_gmt":"2026-01-13T10:50:35","guid":{"rendered":"https:\/\/globalservices.lt\/?post_type=product&#038;p=32447"},"modified":"2026-01-14T12:28:14","modified_gmt":"2026-01-14T12:28:14","slug":"sandelio-darbuotoju-vilniuje-salia-vilniaus-oro-uosto","status":"publish","type":"product","link":"https:\/\/globalservices.lt\/en\/shop\/darbo-sritis\/pramone-gamyba\/sandelio-darbuotoju-vilniuje-salia-vilniaus-oro-uosto\/","title":{"rendered":"Sand\u0117lio darbuotoj\u0173 Vilniuje (\u0160alia Vilniaus Oro uosto)"},"content":{"rendered":"<p>Viena did\u017eiausi\u0173 Lietuvos logistikos ir transporto \u012fmoni\u0173 ie\u0161ko komandos pastiprinimo ir kvie\u010dia prisijungti Sand\u0117lio darbuotojus.<\/p>\n<p><strong>DARBO POB\u016aDIS:<\/strong><\/p>\n<ul>\n<li>Darbas su skaneriu priimant prekes \u012f sand\u0117l\u012f;<\/li>\n<li>U\u017esakym\u0173 surinkimas;<\/li>\n<li>Tikrinti preki\u0173 kokyb\u0119;<\/li>\n<li>Klijuoti lipdukus;<\/li>\n<li>Tvarkos sand\u0117lyje palaikymas;<\/li>\n<li>Kiti sand\u0117lio darbai.<\/li>\n<\/ul>\n<p><strong>DARBO GRAFIKAS:<\/strong><\/p>\n<ul>\n<li>Darbo dienos: Pirmadienis \u2013 Penktadienis;<\/li>\n<li>Darbo laikas: 10:00\u201419:00 val.<\/li>\n<li><strong>Laisvi savaitgaliai\u00a0<\/strong><\/li>\n<\/ul>\n<p><strong>KO TIKIM\u0116S?<\/strong><\/p>\n<ul>\n<li>Esate darb\u0161tus, atsakingas, iniciatyvus;<\/li>\n<li>Nebijote fizinio darbo;<\/li>\n<li>Gebate dirbti komandoje.<\/li>\n<\/ul>\n<p><strong>SI\u016aLOME:<\/strong><\/p>\n<ul>\n<li>Geras darbo s\u0105lygas;<\/li>\n<li>Konkurencing\u0105 ir laiku mokam\u0105 atlyginim\u0105 (jei pageidaujate yra galimyb\u0117 mok\u0117ti avansus kas savait\u0119);<\/li>\n<li>Visas socialines garantijas;<\/li>\n<li>Darb\u0105 draugi\u0161kame ir geranori\u0161kame kolektyve.<\/li>\n<\/ul>\n<p><strong>KONTAKTINIAI DUOMENYS PASITEIRAVIMUI:<\/strong><\/p>\n<ul>\n<li>T.: +370 (670) 45 030<\/li>\n<li>E.: INFO@GLOBALSERVICES.LT<\/li>\n<\/ul>","protected":false},"excerpt":{"rendered":"<p style=\"text-align: left;\">&#8211; Atlyginimas: 900 &#8211; 930 EUR (po mokes\u010di\u0173);<br \/>\n&#8211; Darbo trukm\u0117: Ilgalaikis darbas.<br \/>\n&#8211; Atlyginimo mok\u0117jimas: jei pageidaujate galima mok\u0117ti avansus kas savait\u0119;<br \/>\n\u2013 Darbo vieta: <!--StartFragment --><span class=\"cf0\">Jurgio Dobkevi<\/span><span class=\"cf1\">\u010diaus g., <\/span><!--EndFragment -->Vilnius (\u0160alia oro uosto)<\/p>","protected":false},"featured_media":32448,"template":"","meta":[],"product_cat":[48,38,66,50,62,26],"product_tag":[47],"class_list":["post-32447","product","type-product","status-publish","has-post-thumbnail","hentry","product_cat-darbo-sritis","product_cat-lietuva","product_cat-logistika-sandeliavimas","product_cat-pramone-gamyba","product_cat-vilnius","product_cat-kita","product_tag-front"],"_links":{"self":[{"href":"https:\/\/globalservices.lt\/en\/wp-json\/wp\/v2\/product\/32447","targetHints":{"allow":["GET"]}}],"collection":[{"href":"https:\/\/globalservices.lt\/en\/wp-json\/wp\/v2\/product"}],"about":[{"href":"https:\/\/globalservices.lt\/en\/wp-json\/wp\/v2\/types\/product"}],"wp:featuredmedia":[{"embeddable":true,"href":"https:\/\/globalservices.lt\/en\/wp-json\/wp\/v2\/media\/32448"}],"wp:attachment":[{"href":"https:\/\/globalservices.lt\/en\/wp-json\/wp\/v2\/media?parent=32447"}],"wp:term":[{"taxonomy":"product_cat","embeddable":true,"href":"https:\/\/globalservices.lt\/en\/wp-json\/wp\/v2\/product_cat?post=32447"},{"taxonomy":"product_tag","embeddable":true,"href":"https:\/\/globalservices.lt\/en\/wp-json\/wp\/v2\/product_tag?post=32447"}],"curies":[{"name":"wp","href":"https:\/\/api.w.org\/{rel}","templated":true}]}}