{"id":32444,"date":"2024-06-04T03:32:34","date_gmt":"2024-06-04T03:32:34","guid":{"rendered":"https:\/\/globalservices.lt\/?post_type=product&#038;p=32444"},"modified":"2024-07-31T19:03:23","modified_gmt":"2024-07-31T19:03:23","slug":"saltkalvis-e-remontininkas-e-marijampoleje","status":"publish","type":"product","link":"https:\/\/globalservices.lt\/en\/shop\/darbo-sritis\/mechanika-inzinerija\/saltkalvis-e-remontininkas-e-marijampoleje\/","title":{"rendered":"\u0160altkalvis (-\u0117) &#8211; remontininkas (-\u0117) Marijampol\u0117je"},"content":{"rendered":"<p>\u0160iuo metu ie\u0161kome patyrusi\u0173 \u0161altkalvi\u0173 &#8211; remontinink\u0173, norin\u010di\u0173 prisijungti prie m\u016bs\u0173 komandos.<\/p>\n<p><strong>DARBO POB\u016aDIS:<\/strong><\/p>\n<ul>\n<li>Medienos pjovimo linijos (stakli\u0173) mechanin\u0117s dalies prie\u017ei\u016bra ir remontas;<\/li>\n<li>Hidraulini\u0173 ir pneumatini\u0173 sistem\u0173 remontas;<\/li>\n<li>Sklandaus \u012frengim\u0173 darbo u\u017etikrinimas;<\/li>\n<li>Profilaktiniai darbai ir prevencija.<\/li>\n<\/ul>\n<p><strong>DARBO GRAFIKAS:<\/strong><\/p>\n<ul>\n<li>Darbas yra organizuojamas slenkan\u010diu grafiku:<\/li>\n<li>2 dienin\u0117s pamainos;<\/li>\n<li>2 naktin\u0117s pamainos;<\/li>\n<li>4 i\u0161eigin\u0117s dienos.<\/li>\n<\/ul>\n<p><strong>KO TIKIM\u0116S?<\/strong><\/p>\n<ul>\n<li>Turite mechanikos \/ in\u017einerijos \u017eini\u0173 pagrindus;<\/li>\n<li>Gebate dirbti savaranki\u0161kai;<\/li>\n<li>Gebate virinti (privalumas)<\/li>\n<li>Turite patirties gamybos \/ pramon\u0117s sektoriuje (privalumas);<\/li>\n<li>Turite patirties atliekant sunkve\u017eimi\u0173 \/ konstrukcij\u0173 remonto darbus (privalumas).<\/li>\n<\/ul>\n<p><strong>SI\u016aLOME:<\/strong><\/p>\n<ul>\n<li>Geras darbo s\u0105lygas;<\/li>\n<li>Konkurencing\u0105 ir kas savait\u0119 mokam\u0105 atlyginim\u0105;<\/li>\n<li>Atve\u017eim\u0105 \u012f darbo viet\u0105 arba kuro kompensavim\u0105;<\/li>\n<li>Visas socialines garantijas;<\/li>\n<li>Darbo r\u016bbus ir visas reikalingas saugos priemones;<\/li>\n<li>Darb\u0105 draugi\u0161kame ir geranori\u0161kame kolektyve.<\/li>\n<\/ul>\n<p><strong>KONTAKTINIAI DUOMENYS PASITEIRAVIMUI:<\/strong><\/p>\n<ul>\n<li>T.: +370 (670) 45 030<\/li>\n<li>E.: INFO@GLOBALSERVICES.LT<\/li>\n<\/ul>","protected":false},"excerpt":{"rendered":"<p style=\"text-align: left;\">&#8211; Atlyginimas: 1.100 \u2013 1.300 EUR (atskai\u010dius mokes\u010dius);<br \/>\n&#8211; Darbo trukm\u0117: ilgalaikis darbas;<br \/>\n&#8211; Darbo vieta: Marijampol\u0117.<\/p>","protected":false},"featured_media":32445,"template":"","meta":[],"product_cat":[48,38,63,49,65,50,26],"product_tag":[47],"class_list":["post-32444","product","type-product","status-publish","has-post-thumbnail","hentry","product_cat-darbo-sritis","product_cat-lietuva","product_cat-marijampole","product_cat-mechanika-inzinerija","product_cat-metalo-apdirbimas-saltkalvyste-suvirinimas","product_cat-pramone-gamyba","product_cat-kita","product_tag-front"],"_links":{"self":[{"href":"https:\/\/globalservices.lt\/en\/wp-json\/wp\/v2\/product\/32444","targetHints":{"allow":["GET"]}}],"collection":[{"href":"https:\/\/globalservices.lt\/en\/wp-json\/wp\/v2\/product"}],"about":[{"href":"https:\/\/globalservices.lt\/en\/wp-json\/wp\/v2\/types\/product"}],"wp:featuredmedia":[{"embeddable":true,"href":"https:\/\/globalservices.lt\/en\/wp-json\/wp\/v2\/media\/32445"}],"wp:attachment":[{"href":"https:\/\/globalservices.lt\/en\/wp-json\/wp\/v2\/media?parent=32444"}],"wp:term":[{"taxonomy":"product_cat","embeddable":true,"href":"https:\/\/globalservices.lt\/en\/wp-json\/wp\/v2\/product_cat?post=32444"},{"taxonomy":"product_tag","embeddable":true,"href":"https:\/\/globalservices.lt\/en\/wp-json\/wp\/v2\/product_tag?post=32444"}],"curies":[{"name":"wp","href":"https:\/\/api.w.org\/{rel}","templated":true}]}}