{"id":32434,"date":"2024-05-08T05:00:57","date_gmt":"2024-05-08T05:00:57","guid":{"rendered":"https:\/\/globalservices.lt\/?post_type=product&#038;p=32434"},"modified":"2024-07-31T19:06:46","modified_gmt":"2024-07-31T19:06:46","slug":"medienos-apdirbimo-stakliu-operatorius-e-vilniuje","status":"publish","type":"product","link":"https:\/\/globalservices.lt\/en\/shop\/darbo-sritis\/pramone-gamyba\/medienos-apdirbimo-stakliu-operatorius-e-vilniuje\/","title":{"rendered":"Stalius (-\u0117) &#8211; Staklininkas (-\u0117) Vilniuje"},"content":{"rendered":"<p>\u0160iuo metu ie\u0161kome nauj\u0173 komandos nari\u0173 ir si\u016blome darb\u0105 \u017emon\u0117ms, norintiems dirbti medini\u0173 lang\u0173, dur\u0173 bei fasadini\u0173 konstrukcij\u0173 gamybos \u012fmon\u0117je.<\/p>\n<p><strong>DARBO POB\u016aDIS:<\/strong><\/p>\n<ul>\n<li>Medini\u0173 detali\u0173 gamyba ir apdirbimas pagal duotus br\u0117\u017einius;<\/li>\n<li>\u012erangos nustatymas ir gamybos proceso prie\u017ei\u016bra;<\/li>\n<li>Gamini\u0173 kokyb\u0117s u\u017etikrinimas.<\/li>\n<\/ul>\n<p><strong>KO TIKIM\u0116S?<\/strong><\/p>\n<ul>\n<li>Esate darb\u0161tus, atsakingas, iniciatyvus;<\/li>\n<li>Turite darbo patirties dirbant su medienos apdirbimo stakl\u0117mis;<\/li>\n<li>Esate atsakingas, iniciatyvus ir norite tobul\u0117ti.<\/li>\n<\/ul>\n<p><strong>DARBO GRAFIKAS:<\/strong><\/p>\n<ul>\n<li>Darbas yra organizuojamas viena pamaina:<\/li>\n<li>Nuo Pirmadienio iki Penktadienio nuo 06:00 val. iki 14:30 val.<\/li>\n<\/ul>\n<p><strong>SI\u016aLOME:<\/strong><\/p>\n<ul>\n<li>Geras darbo s\u0105lygas;<\/li>\n<li>Konkurencing\u0105 ir laiku mokam\u0105 atlyginim\u0105;<\/li>\n<li>Socialines garantijas;<\/li>\n<li>Visas darbui reikalingas priemones;<\/li>\n<li>Galutinis atlyginimas derinamas pokalbio metu.<\/li>\n<\/ul>\n<p><strong>KONTAKTINIAI DUOMENYS PASITEIRAVIMUI:<\/strong><\/p>\n<ul>\n<li>T.: +370 (670) 45 030<\/li>\n<li>E.: INFO@GLOBALSERVICES.LT<\/li>\n<\/ul>","protected":false},"excerpt":{"rendered":"<p style=\"text-align: left;\">&#8211; Atlyginimas: 1.100 \u2013 1.300 EUR (atskai\u010dius mokes\u010dius)<br \/>\n&#8211; Darbo trukm\u0117: ilgalaikis darbas<br \/>\n&#8211; Atlyginimo mok\u0117jimas: Kas savait\u0119<br \/>\n&#8211; Darbo vieta: Vilnius<\/p>","protected":false},"featured_media":32435,"template":"","meta":[],"product_cat":[48,38,50,62,26],"product_tag":[47],"class_list":["post-32434","product","type-product","status-publish","has-post-thumbnail","hentry","product_cat-darbo-sritis","product_cat-lietuva","product_cat-pramone-gamyba","product_cat-vilnius","product_cat-kita","product_tag-front"],"_links":{"self":[{"href":"https:\/\/globalservices.lt\/en\/wp-json\/wp\/v2\/product\/32434","targetHints":{"allow":["GET"]}}],"collection":[{"href":"https:\/\/globalservices.lt\/en\/wp-json\/wp\/v2\/product"}],"about":[{"href":"https:\/\/globalservices.lt\/en\/wp-json\/wp\/v2\/types\/product"}],"wp:featuredmedia":[{"embeddable":true,"href":"https:\/\/globalservices.lt\/en\/wp-json\/wp\/v2\/media\/32435"}],"wp:attachment":[{"href":"https:\/\/globalservices.lt\/en\/wp-json\/wp\/v2\/media?parent=32434"}],"wp:term":[{"taxonomy":"product_cat","embeddable":true,"href":"https:\/\/globalservices.lt\/en\/wp-json\/wp\/v2\/product_cat?post=32434"},{"taxonomy":"product_tag","embeddable":true,"href":"https:\/\/globalservices.lt\/en\/wp-json\/wp\/v2\/product_tag?post=32434"}],"curies":[{"name":"wp","href":"https:\/\/api.w.org\/{rel}","templated":true}]}}