{"id":32426,"date":"2024-05-05T17:12:53","date_gmt":"2024-05-05T17:12:53","guid":{"rendered":"https:\/\/globalservices.lt\/?post_type=product&#038;p=32426"},"modified":"2024-07-31T19:09:44","modified_gmt":"2024-07-31T19:09:44","slug":"metalo-frezavimo-stakliu-operatorius-e-vilniuje","status":"publish","type":"product","link":"https:\/\/globalservices.lt\/en\/shop\/darbo-sritis\/mechanika-inzinerija\/metalo-frezavimo-stakliu-operatorius-e-vilniuje\/","title":{"rendered":"Metalo frezavimo stakli\u0173 operatorius (-\u0117) Vilniuje"},"content":{"rendered":"<p>\u0160iuo metu ie\u0161kome nauj\u0173 komandos nari\u0173 ir si\u016blome darb\u0105 \u017emon\u0117ms, norintiems dirbti vienoje i\u0161 lyderiaujan\u010di\u0173 parduotuvi\u0173 \u012frangos gamintoj\u0173 Lietuvoje bei pasaulin\u0117je rinkoje.<\/p>\n<p><strong>DARBO POB\u016aDIS:<\/strong><\/p>\n<ul>\n<li>Darbas universaliomis frezavimo stakl\u0117mis;<\/li>\n<li>Stakli\u0173 prie\u017ei\u016bra ir reguliavimas;<\/li>\n<li>\u012eranki\u0173 galandinimas, koregavimas;<\/li>\n<li>Gaminio parametr\u0173 matavimas universaliomis matavimo priemon\u0117mis.<\/li>\n<\/ul>\n<p><strong>DARBO GRAFIKAS:<\/strong><\/p>\n<ul>\n<li>Darbas organizuojamas dviejose pamainose;<\/li>\n<li>1 pamaina: 6:00 &#8211; 14:30 val.<\/li>\n<li>2 pamaina: 14:30 &#8211; 23:00 val.<\/li>\n<li>Penki\u0173 darbo dien\u0173 savait\u0117 su dviem poilsio dienomis.<\/li>\n<\/ul>\n<p><strong>KO TIKIM\u0116S?<\/strong><\/p>\n<ul>\n<li>Turite technin\u012f i\u0161silavinim\u0105;<\/li>\n<li>Turite darbo patirties dirbant su frezavimo stakl\u0117mis;<\/li>\n<li>Esate pareigingas, atsakingas, kruop\u0161tus ir norite tobul\u0117ti.<\/li>\n<\/ul>\n<p><strong>SI\u016aLOME:<\/strong><\/p>\n<ul>\n<li>Apmokymus neturintiems patirties \u0161ioje srityje;<\/li>\n<li>Geras darbo s\u0105lygas bei motyvuojant\u012f kas savait\u0119 mokam\u0105 atlyginim\u0105;<\/li>\n<li>Atlyginimas gali did\u0117ti priklausomai nuo patirties ir darbo rezultat\u0173;<\/li>\n<li>Visas socialines garantijas;<\/li>\n<li>Darb\u0105 pa\u017eangioje \u012fmon\u0117je, kurioje daug d\u0117mesio skiriama darbo saugai, darbo efektyvumui ir kokybei;<\/li>\n<li>Skatinan\u010di\u0105 \u201eaugti\u201d darbo aplink\u0105;<\/li>\n<li>Darbui ir asmens saugumui reikiamas priemones;<\/li>\n<li>Darb\u0105 draugi\u0161kame ir geranori\u0161kame kolektyve.<\/li>\n<\/ul>\n<p><strong>KONTAKTINIAI DUOMENYS PASITEIRAVIMUI:<\/strong><\/p>\n<ul>\n<li>T.: +370 (670) 45 030<\/li>\n<li>E.: INFO@GLOBALSERVICES.LT<\/li>\n<\/ul>","protected":false},"excerpt":{"rendered":"<p style=\"text-align: left;\">&#8211; Atlyginimas: 1.100 \u2013 1.350 EUR (atskai\u010dius mokes\u010dius);<br \/>\n&#8211; Darbo trukm\u0117: ilgalaikis darbas;<br \/>\n&#8211; Atlyginimo mok\u0117jimas: Kas savait\u0119;<br \/>\n&#8211; Darbo vieta: Vilnius (Dariaus ir Gir\u0117no g.).<\/p>","protected":false},"featured_media":32427,"template":"","meta":[],"product_cat":[48,38,49,65,50,62,26],"product_tag":[47],"class_list":["post-32426","product","type-product","status-publish","has-post-thumbnail","hentry","product_cat-darbo-sritis","product_cat-lietuva","product_cat-mechanika-inzinerija","product_cat-metalo-apdirbimas-saltkalvyste-suvirinimas","product_cat-pramone-gamyba","product_cat-vilnius","product_cat-kita","product_tag-front"],"_links":{"self":[{"href":"https:\/\/globalservices.lt\/en\/wp-json\/wp\/v2\/product\/32426","targetHints":{"allow":["GET"]}}],"collection":[{"href":"https:\/\/globalservices.lt\/en\/wp-json\/wp\/v2\/product"}],"about":[{"href":"https:\/\/globalservices.lt\/en\/wp-json\/wp\/v2\/types\/product"}],"wp:featuredmedia":[{"embeddable":true,"href":"https:\/\/globalservices.lt\/en\/wp-json\/wp\/v2\/media\/32427"}],"wp:attachment":[{"href":"https:\/\/globalservices.lt\/en\/wp-json\/wp\/v2\/media?parent=32426"}],"wp:term":[{"taxonomy":"product_cat","embeddable":true,"href":"https:\/\/globalservices.lt\/en\/wp-json\/wp\/v2\/product_cat?post=32426"},{"taxonomy":"product_tag","embeddable":true,"href":"https:\/\/globalservices.lt\/en\/wp-json\/wp\/v2\/product_tag?post=32426"}],"curies":[{"name":"wp","href":"https:\/\/api.w.org\/{rel}","templated":true}]}}