{"id":32415,"date":"2024-04-05T06:50:57","date_gmt":"2024-04-05T06:50:57","guid":{"rendered":"https:\/\/globalservices.lt\/?post_type=product&#038;p=32415"},"modified":"2024-07-31T19:12:20","modified_gmt":"2024-07-31T19:12:20","slug":"saltkalvis-derintojas-vilniuje-gamybos-irengimai","status":"publish","type":"product","link":"https:\/\/globalservices.lt\/en\/shop\/darbo-sritis\/mechanika-inzinerija\/saltkalvis-derintojas-vilniuje-gamybos-irengimai\/","title":{"rendered":"\u0160altkalvis &#8211; derintojas Vilniuje (Gamybos \u012frengimai)"},"content":{"rendered":"<p>\u0160iuo metu ie\u0161kome nauj\u0173 komandos nari\u0173 ir si\u016blome darb\u0105 \u017emon\u0117ms, norintiems vienoje i\u0161 lyderiaujan\u010di\u0173 konditerijos bendrovi\u0173 Lietuvoje.<\/p>\n<p><strong>DARBO POB\u016aDIS:<\/strong><\/p>\n<ul>\n<li>Gamybini\u0173 \u012frengini\u0173 prie\u017ei\u016bra ir profilaktika;<\/li>\n<li>Gamybini\u0173 \u012frengini\u0173 remontas;<\/li>\n<li>Gedim\u0173 diagnostika ir \u0161alinimas;<\/li>\n<li>Technologin\u0117s \u012frangos ir jos sudedam\u0173j\u0173 dali\u0173 keitimas.<\/li>\n<\/ul>\n<p><strong>DARBO GRAFIKAS:<\/strong><\/p>\n<ul>\n<li>Slenkantis darbo grafikas<\/li>\n<\/ul>\n<p><strong>KO TIKIM\u0116S?<\/strong><\/p>\n<ul>\n<li>Turite technin\u012f i\u0161silavinim\u0105;<\/li>\n<li>\u0160ioje srityje esate dirb\u0119s ne ma\u017eiau nei 1-erius metus;<\/li>\n<li>Esate atsakingas, iniciatyvus ir norite tobul\u0117ti;<\/li>\n<li>Gebate dirbti komandoje.<\/li>\n<\/ul>\n<p><strong>SI\u016aLOME:<\/strong><\/p>\n<ul>\n<li>Geras darbo s\u0105lygas;<\/li>\n<li>Konkurencing\u0105 ir kas savait\u0119 mokam\u0105 atlyginim\u0105;<\/li>\n<li>Visas socialines garantijas;<\/li>\n<li>Darbui ir asmens saugumui reikiamas priemones;<\/li>\n<li>Darb\u0105 draugi\u0161kame ir geranori\u0161kame kolektyve.<\/li>\n<\/ul>\n<p><strong>KONTAKTINIAI DUOMENYS PASITEIRAVIMUI:<\/strong><\/p>\n<ul>\n<li>T.: +370 (670) 45 030<\/li>\n<li>E.: INFO@GLOBALSERVICES.LT<\/li>\n<\/ul>","protected":false},"excerpt":{"rendered":"<p style=\"text-align: left;\">&#8211; Atlyginimas: 1.050 \u2013 1.400 EUR (atskai\u010dius mokes\u010dius);<br \/>\n&#8211; Darbo trukm\u0117: ilgalaikis darbas;<br \/>\n&#8211; Atlyginimo mok\u0117jimas: Kas savait\u0119;<br \/>\n&#8211; Darbo vieta: Vilnius (Grai\u010di\u016bno g.).<\/p>","protected":false},"featured_media":32416,"template":"","meta":[],"product_cat":[48,38,49,62,26],"product_tag":[47],"class_list":["post-32415","product","type-product","status-publish","has-post-thumbnail","hentry","product_cat-darbo-sritis","product_cat-lietuva","product_cat-mechanika-inzinerija","product_cat-vilnius","product_cat-kita","product_tag-front"],"_links":{"self":[{"href":"https:\/\/globalservices.lt\/en\/wp-json\/wp\/v2\/product\/32415","targetHints":{"allow":["GET"]}}],"collection":[{"href":"https:\/\/globalservices.lt\/en\/wp-json\/wp\/v2\/product"}],"about":[{"href":"https:\/\/globalservices.lt\/en\/wp-json\/wp\/v2\/types\/product"}],"wp:featuredmedia":[{"embeddable":true,"href":"https:\/\/globalservices.lt\/en\/wp-json\/wp\/v2\/media\/32416"}],"wp:attachment":[{"href":"https:\/\/globalservices.lt\/en\/wp-json\/wp\/v2\/media?parent=32415"}],"wp:term":[{"taxonomy":"product_cat","embeddable":true,"href":"https:\/\/globalservices.lt\/en\/wp-json\/wp\/v2\/product_cat?post=32415"},{"taxonomy":"product_tag","embeddable":true,"href":"https:\/\/globalservices.lt\/en\/wp-json\/wp\/v2\/product_tag?post=32415"}],"curies":[{"name":"wp","href":"https:\/\/api.w.org\/{rel}","templated":true}]}}