{"id":32412,"date":"2024-04-02T15:12:33","date_gmt":"2024-04-02T15:12:33","guid":{"rendered":"https:\/\/globalservices.lt\/?post_type=product&#038;p=32412"},"modified":"2024-08-19T10:42:44","modified_gmt":"2024-08-19T10:42:44","slug":"gamybos-darbuotojai-os-vilniuje-mediniu-langu-ir-duru-gamyba","status":"publish","type":"product","link":"https:\/\/globalservices.lt\/en\/shop\/darbo-sritis\/pramone-gamyba\/gamybos-darbuotojai-os-vilniuje-mediniu-langu-ir-duru-gamyba\/","title":{"rendered":"Gamybos darbuotojai (-os) Vilniuje (Medini\u0173 lang\u0173 ir dur\u0173 gamyba)"},"content":{"rendered":"<p>\u0160iuo metu ie\u0161kome nauj\u0173 komandos nari\u0173 ir si\u016blome darb\u0105 \u017emon\u0117ms, norintiems dirbti medini\u0173 lang\u0173, dur\u0173 bei fasadini\u0173 konstrukcij\u0173 gamybos \u012fmon\u0117je.<\/p>\n<p><strong>DARBO POB\u016aDIS:<\/strong><\/p>\n<p>Medini\u0173 lang\u0173, dur\u0173 ir kit\u0173 medini\u0173 gamini\u0173:<\/p>\n<ul>\n<li>\u0160lifavimas;<\/li>\n<li>Glaistymas;<\/li>\n<li>Smulkus j\u0173 remontas;<\/li>\n<li>Paruo\u0161imas da\u017eymui;<\/li>\n<li>Tvarkos ir \u0161varos u\u017etikrinimas;<\/li>\n<li>\u0160lifuot\u0173 gamini\u0173 kokyb\u0117s u\u017etikrinimas;<\/li>\n<li>Produkcijos kabinimas ant konvejerio ir nu\u0117mimas.<\/li>\n<\/ul>\n<p><strong>DARBO GRAFIKAS:<\/strong><\/p>\n<p>Darbas yra organizuojamas viena pamaina:<\/p>\n<ul>\n<li>Nuo Pirmadienio iki Penktadienio nuo 06:00 val. iki 14:30 val.<\/li>\n<\/ul>\n<p><strong>JEI NETURITE PATIRTIES, TAV\u0118S LAUKIA:<\/strong><\/p>\n<ul>\n<li>\u012edomus mokymo procesas;<\/li>\n<li>Galimyb\u0117 kelti kvalifikacij\u0105 nuo kurios priklausys tavo gaunamas darbo u\u017emokestis.<\/li>\n<\/ul>\n<p><strong>KO TIKIM\u0116S?<\/strong><\/p>\n<ul>\n<li>Atsakingumo, iniciatyvumo ir noro tobul\u0117ti;<\/li>\n<li>Geb\u0117jimo dirbti komandoje.<\/li>\n<\/ul>\n<p><strong>SI\u016aLOME:<\/strong><\/p>\n<ul>\n<li>Geras darbo s\u0105lygas;<\/li>\n<li>Konkurencing\u0105 ir laiku mokam\u0105 atlyginim\u0105;<\/li>\n<li>Socialines garantijas;<\/li>\n<li>Visas darbui reikalingas priemones;<\/li>\n<li>Galutinis atlyginimas derinamas pokalbio metu.<\/li>\n<\/ul>\n<p><strong>KONTAKTINIAI DUOMENYS PASITEIRAVIMUI:<\/strong><\/p>\n<ul>\n<li>T.: +370 (670) 45 030<br \/>\nE.: INFO@GLOBALSERVICES.LT<\/li>\n<\/ul>","protected":false},"excerpt":{"rendered":"<p style=\"text-align: left;\">&#8211; Atlyginimas: 900 \u2013 1.000 EUR (atskai\u010dius mokes\u010dius);<br \/>\n&#8211; Darbo trukm\u0117: ilgalaikis darbas;<br \/>\n&#8211; Atlyginimo mok\u0117jimas: Kas savait\u0119;<br \/>\n&#8211; Darbo vieta: Vilnius.<\/p>","protected":false},"featured_media":32411,"template":"","meta":[],"product_cat":[48,38,50,62,26],"product_tag":[47],"class_list":["post-32412","product","type-product","status-publish","has-post-thumbnail","hentry","product_cat-darbo-sritis","product_cat-lietuva","product_cat-pramone-gamyba","product_cat-vilnius","product_cat-kita","product_tag-front"],"_links":{"self":[{"href":"https:\/\/globalservices.lt\/en\/wp-json\/wp\/v2\/product\/32412","targetHints":{"allow":["GET"]}}],"collection":[{"href":"https:\/\/globalservices.lt\/en\/wp-json\/wp\/v2\/product"}],"about":[{"href":"https:\/\/globalservices.lt\/en\/wp-json\/wp\/v2\/types\/product"}],"wp:featuredmedia":[{"embeddable":true,"href":"https:\/\/globalservices.lt\/en\/wp-json\/wp\/v2\/media\/32411"}],"wp:attachment":[{"href":"https:\/\/globalservices.lt\/en\/wp-json\/wp\/v2\/media?parent=32412"}],"wp:term":[{"taxonomy":"product_cat","embeddable":true,"href":"https:\/\/globalservices.lt\/en\/wp-json\/wp\/v2\/product_cat?post=32412"},{"taxonomy":"product_tag","embeddable":true,"href":"https:\/\/globalservices.lt\/en\/wp-json\/wp\/v2\/product_tag?post=32412"}],"curies":[{"name":"wp","href":"https:\/\/api.w.org\/{rel}","templated":true}]}}