{"id":32405,"date":"2024-03-07T09:08:29","date_gmt":"2024-03-07T09:08:29","guid":{"rendered":"https:\/\/globalservices.lt\/?post_type=product&#038;p=32405"},"modified":"2024-07-31T19:15:33","modified_gmt":"2024-07-31T19:15:33","slug":"gamybos-operatorius-e-lentvaryje","status":"publish","type":"product","link":"https:\/\/globalservices.lt\/en\/shop\/darbo-sritis\/pramone-gamyba\/gamybos-operatorius-e-lentvaryje\/","title":{"rendered":"Gamybos operatorius (-\u0117) Lentvaryje"},"content":{"rendered":"<p>Ie\u0161kome <strong>Gamybos operatoriaus<\/strong>, kuris geb\u0117t\u0173 pri\u017ei\u016br\u0117ti ir aptarnauti plastiko produkt\u0173 gamybin\u0119 \u012frang\u0105 m\u016bs\u0173 kliento gamykloje.<\/p>\n<p><strong>DARBO POB\u016aDIS:<\/strong><\/p>\n<ul>\n<li>Pri\u017ei\u016br\u0117ti priskirtus liejimo \u012frenginius;<\/li>\n<li>Kontroliuoti gaminam\u0173 ruo\u0161ini\u0173 kokyb\u0119 pagal galiojan\u010dias tvarkas ir proced\u016bras;<\/li>\n<li>Atlikti priskirt\u0173 \u012frengini\u0173 derinim\u0105 ir \/ ar profilaktinius darbus;<\/li>\n<li>Pildyti ir ruo\u0161ti priskirt\u0105 dokumentacij\u0105;<\/li>\n<li>Palaikyti \u0161var\u0105 ir tvark\u0105 priskirtoje darbo vietoje bei u\u017etikrinti priskirt\u0173 \u012frengim\u0173 prie\u017ei\u016br\u0105 bei valym\u0105.<\/li>\n<\/ul>\n<p><strong>DARBO GRAFIKAS:<\/strong><\/p>\n<ul>\n<li>Darbuotojai dirba pagal pamainin\u012f darbo grafik\u0105 po 12 darbo valand\u0173 per pamain\u0105:\n<ul>\n<li>Trys dienin\u0117s pamainos nuo 7:30 iki 19:30;<\/li>\n<li>trys laisvadieniai;<\/li>\n<li>trys naktin\u0117s pamainos nuo 19:30 iki 7:30;<\/li>\n<li>trys laisvadieniai.<\/li>\n<\/ul>\n<\/li>\n<\/ul>\n<p><strong>JEI NETURITE PATIRTIES, TAV\u0118S LAUKIA:<\/strong><\/p>\n<ul>\n<li>\u012edomus mokymo procesas \u0161alia auk\u0161tos kvalifikacijos specialisto;<\/li>\n<li>galimyb\u0117 kelti kvalifikacij\u0105 nuo kurios priklausys Tavo gaunamas darbo u\u017emokestis.<\/li>\n<\/ul>\n<p><strong>KO TIKIM\u0116S?<\/strong><\/p>\n<ul>\n<li>Atsakingumo, iniciatyvumo, geb\u0117jimo dirbti komandoje ir noro tobul\u0117ti;<\/li>\n<li>Geb\u0117jimas dirbti komandoje.<\/li>\n<\/ul>\n<p><strong>SI\u016aLOME:<\/strong><\/p>\n<ul>\n<li>Konkurencing\u0105 ir laiku mokam\u0105 atlyginim\u0105;<\/li>\n<li>Draudim\u0105 nuo nelaiming\u0173 atsitikim\u0173 (draudimas galioja ir laisvu nuo darbo metu);<\/li>\n<li>Galimyb\u0119 nemokamai vykti \u012fmon\u0117s transportu \u012f darbo viet\u0105 ir atgal (tik i\u0161 Vilniaus miesto ir Grigi\u0161ki\u0173);<\/li>\n<li>Finansin\u0119 param\u0105 netekties \u0161eimoje atveju.<\/li>\n<\/ul>\n<p><strong>KONTAKTINIAI DUOMENYS PASITEIRAVIMUI:<\/strong><\/p>\n<ul>\n<li>T. +370 (670) 45 030<\/li>\n<li>E. INFO@GLOBALSERVICES.LT<\/li>\n<\/ul>","protected":false},"excerpt":{"rendered":"<p style=\"text-align: left;\">&#8211; Atlyginimas: 1.100 \u2013 1.320 EUR (atskai\u010dius mokes\u010dius)<br \/>\n&#8211; Darbo trukm\u0117:\u00a0ilgalaikis darbas (Neterminuota darbo sutartis)<br \/>\n&#8211; Darbo vieta:\u00a0Lentvaris (Trak\u0173 rajonas)<\/p>","protected":false},"featured_media":32406,"template":"","meta":[],"product_cat":[48,55,38,50,26],"product_tag":[47],"class_list":["post-32405","product","type-product","status-publish","has-post-thumbnail","hentry","product_cat-darbo-sritis","product_cat-lentvaris","product_cat-lietuva","product_cat-pramone-gamyba","product_cat-kita","product_tag-front"],"_links":{"self":[{"href":"https:\/\/globalservices.lt\/en\/wp-json\/wp\/v2\/product\/32405","targetHints":{"allow":["GET"]}}],"collection":[{"href":"https:\/\/globalservices.lt\/en\/wp-json\/wp\/v2\/product"}],"about":[{"href":"https:\/\/globalservices.lt\/en\/wp-json\/wp\/v2\/types\/product"}],"wp:featuredmedia":[{"embeddable":true,"href":"https:\/\/globalservices.lt\/en\/wp-json\/wp\/v2\/media\/32406"}],"wp:attachment":[{"href":"https:\/\/globalservices.lt\/en\/wp-json\/wp\/v2\/media?parent=32405"}],"wp:term":[{"taxonomy":"product_cat","embeddable":true,"href":"https:\/\/globalservices.lt\/en\/wp-json\/wp\/v2\/product_cat?post=32405"},{"taxonomy":"product_tag","embeddable":true,"href":"https:\/\/globalservices.lt\/en\/wp-json\/wp\/v2\/product_tag?post=32405"}],"curies":[{"name":"wp","href":"https:\/\/api.w.org\/{rel}","templated":true}]}}