{"id":32398,"date":"2024-02-14T14:49:04","date_gmt":"2024-02-14T14:49:04","guid":{"rendered":"https:\/\/globalservices.lt\/?post_type=product&#038;p=32398"},"modified":"2024-07-31T19:16:35","modified_gmt":"2024-07-31T19:16:35","slug":"baldu-apmusejas-a-neturincius-patirties-apmokome","status":"publish","type":"product","link":"https:\/\/globalservices.lt\/en\/shop\/darbo-sritis\/pramone-gamyba\/baldu-apmusejas-a-neturincius-patirties-apmokome\/","title":{"rendered":"Bald\u0173 apmu\u0161\u0117jas (-a)"},"content":{"rendered":"<p>Ie\u0161kome pastiprinimo ir si\u016blome darb\u0105 <strong>Bald\u0173 apmu\u0161\u0117jams (-oms)<\/strong>, norintiems (-\u010dioms) dirbi bald\u0173 gamybos \u012fmon\u0117je. Si\u016blomo darbo vieta yra Alytuje.<\/p>\n<div class=\"jobad_txt\">\n<p><strong>DARBO POB\u016aDIS:<\/strong><\/p>\n<\/div>\n<ul>\n<li>Sof\u0173 \/ k\u0117d\u017ei\u0173 odos arba gobeleno siuvini\u0173 apmu\u0161imas kabi\u0173 \u0161autuvu;<\/li>\n<li>Apmu\u0161to gaminio kokybini\u0173 parametr\u0173 u\u017etikrinimas;<\/li>\n<li>Bald\u0173 surinkimas;<\/li>\n<li>Gamybos proceso prie\u017ei\u016bra u\u017etikrinant auk\u0161t\u0105 gaminam\u0173 bald\u0173 kokyb\u0119;<\/li>\n<li>Kit\u0173 darb\u0173 vadovo pavest\u0173 funkcij\u0173 atlikimas;<\/li>\n<li>Darb\u0173 saugos norm\u0173 laikymasis.<\/li>\n<\/ul>\n<p class=\"heading2 jobad_subheading\"><strong>KO TIKIM\u0116S?<\/strong><\/p>\n<div class=\"jobad_txt\">\n<ul>\n<li>Turite darbo patirties bald\u0173 gamyboje ar pana\u0161ioje srityje apmu\u0161ant baldo karkasus odos arba gobeleno siuviniu;<\/li>\n<li>Turite \u012fg\u016bd\u017ei\u0173 dirbti su bald\u0173 gamybos \u012frankiais (pneumatini\u0173 kabi\u0173, vini\u0173 \u0161autuvu);<\/li>\n<li>Gebate dirbti atsakingai ir norite tobul\u0117ti.<\/li>\n<\/ul>\n<p><strong>SI\u016aLOME:<\/strong><\/p>\n<ul>\n<li>Ilgalaik\u012f darb\u0105 17 met\u0173 veikian\u010dioje bald\u0173 gamybos \u012fmon\u0117je;<\/li>\n<li>Geras darbo s\u0105lygas ir konkurencing\u0105 darbo u\u017emokest\u012f<\/li>\n<li>Sporto u\u017esi\u0117mimus, \u017eygius, sveikuoli\u0173 apdovanojimus;<\/li>\n<li>Atpalaiduojan\u010dius ir gydan\u010dius masa\u017eus darbo metu;<\/li>\n<li>Nemokamus u\u017ekand\u017eius: kav\u0105, arbat\u0105, bandeles, sumu\u0161tinius ir kt.;<\/li>\n<li>Efektingus renginius ir \u0161ventes:<\/li>\n<li>Apdovanojimus u\u017e pasiekimus, dovanas, loterijas;<\/li>\n<li>Galimyb\u0119 prisid\u0117ti prie socialini\u0173 iniciatyv\u0173 ir akcij\u0173.<\/li>\n<\/ul>\n<p><strong>ATLYGINIMAS:<\/strong><\/p>\n<ul>\n<li>1.322 \u2013 3.100 \u20ac\/m\u0117n. (neatskai\u010dius mokes\u010di\u0173);<\/li>\n<li>Pirmus 6 m\u0117nesius darbo u\u017emokestis:<\/li>\n<li>Bald\u0173 apmu\u0161\u0117jams (su patirtimi) ne ma\u017eiau nei 1.487 \u20ac\/m\u0117n. (neatskai\u010dius mokes\u010di\u0173). Galimi vienkartiniai priedai po pirmo, tre\u010dio ir \u0161e\u0161to m\u0117nesio iki 578 Eur, proporcingai dirbtam laikui.<\/li>\n<li>Bald\u0173 apmu\u0161\u0117jams (be patirties) ne ma\u017eiau nei 1.322 \u20ac\/m\u0117n. (neatskai\u010dius mokes\u010di\u0173). Galimi vienkartiniai priedai po pirmo, tre\u010dio ir \u0161e\u0161to m\u0117nesio iki 330 Eur, proporcingai dirbtam laikui.<\/li>\n<\/ul>\n<p><strong>KONTAKTINIAI DUOMENYS PASITEIRAVIMUI:<\/strong><\/p>\n<ul>\n<li>T. +370 (670) 45 030<\/li>\n<li>E. INFO@GLOBALSERVICES.LT<\/li>\n<\/ul>\n<div class=\"jobad_txt\"><\/div>\n<\/div>\n<p>&nbsp;<\/p>","protected":false},"excerpt":{"rendered":"<p style=\"text-align: left;\">&#8211; Atlyginimas: 1.322 \u2013 3.100 \u20ac\/m\u0117n. (neatskai\u010dius mokes\u010di\u0173)<br \/>\n&#8211; Darbo trukm\u0117: Ilgalaikis darbas (Neterminuota darbo sutartis)<br \/>\n&#8211; Darbo vieta: Alytus<\/p>","protected":false},"featured_media":32399,"template":"","meta":[],"product_cat":[61,48,60,38,50,26],"product_tag":[47],"class_list":["post-32398","product","type-product","status-publish","has-post-thumbnail","hentry","product_cat-alytus","product_cat-darbo-sritis","product_cat-kaunas","product_cat-lietuva","product_cat-pramone-gamyba","product_cat-kita","product_tag-front"],"_links":{"self":[{"href":"https:\/\/globalservices.lt\/en\/wp-json\/wp\/v2\/product\/32398","targetHints":{"allow":["GET"]}}],"collection":[{"href":"https:\/\/globalservices.lt\/en\/wp-json\/wp\/v2\/product"}],"about":[{"href":"https:\/\/globalservices.lt\/en\/wp-json\/wp\/v2\/types\/product"}],"wp:featuredmedia":[{"embeddable":true,"href":"https:\/\/globalservices.lt\/en\/wp-json\/wp\/v2\/media\/32399"}],"wp:attachment":[{"href":"https:\/\/globalservices.lt\/en\/wp-json\/wp\/v2\/media?parent=32398"}],"wp:term":[{"taxonomy":"product_cat","embeddable":true,"href":"https:\/\/globalservices.lt\/en\/wp-json\/wp\/v2\/product_cat?post=32398"},{"taxonomy":"product_tag","embeddable":true,"href":"https:\/\/globalservices.lt\/en\/wp-json\/wp\/v2\/product_tag?post=32398"}],"curies":[{"name":"wp","href":"https:\/\/api.w.org\/{rel}","templated":true}]}}