{"id":32396,"date":"2025-04-25T14:27:47","date_gmt":"2025-04-25T14:27:47","guid":{"rendered":"https:\/\/globalservices.lt\/?post_type=product&#038;p=32396"},"modified":"2025-09-15T12:02:28","modified_gmt":"2025-09-15T12:02:28","slug":"stalius-e-baldu-gamyba-neturincius-patirties-apmokome","status":"publish","type":"product","link":"https:\/\/globalservices.lt\/en\/shop\/darbo-sritis\/pramone-gamyba\/stalius-e-baldu-gamyba-neturincius-patirties-apmokome\/","title":{"rendered":"Ie\u0161kome: Pagalbini\u0173 darbuotoj\u0173, staklinink\u0173, komplektuotoj\u0173 (Vilniaus r., Lindini\u0161k\u0117s (netoli Rie\u0161\u0117s))"},"content":{"rendered":"<div class=\"jobad_txt\">\n<p>Ie\u0161kai darbo su ai\u0161kiomis perspektyvomis, stabilumu ir draugi\u0161ku kolektyvu? Prisijunk prie m\u016bs\u0173 komandos. Dirbsime \u012fmon\u0117je, specializuotoje medini\u0173 sodo nameli\u0173, vasarnami\u0173, gara\u017e\u0173, medini\u0173 lang\u0173 ir dur\u0173 gamyboje, kur svarbus kiekvieno komandos nario ind\u0117lis!<\/p>\n<p><strong>DARBO POB\u016aDIS:<\/strong><\/p>\n<ul>\n<li>Darbai prie medini\u0173 lang\u0173, dur\u0173 ir sienoj\u0173 gamybos stakli\u0173.<\/li>\n<li>Atrinkti ir komplektuoti supjautas detales pagal gamybos poreikius.<\/li>\n<li>Pad\u0117ti pri\u017ei\u016br\u0117ti ir u\u017etikrinti, kad gamybos procesas vykt\u0173 be trikd\u017ei\u0173.<\/li>\n<li>Atlikti kitas su gamybos procesu susijusias u\u017eduotis.<\/li>\n<\/ul>\n<p><strong>DARBO GRAFIKAS:<\/strong><\/p>\n<ul>\n<li>Darbas viena pamaina;<\/li>\n<li>Darbo dienos: pirmadienis \u2013 penktadienis;<\/li>\n<li>Darbo laikas: 07:30 \u2013 16:00 val.<\/li>\n<\/ul>\n<p><strong>KO TIKIM\u0116S:<\/strong><\/p>\n<ul>\n<li>Turite patirties gamybos srityje \u2013 privalumas.<\/li>\n<li>Motyvacija dirbti fizin\u012f darb\u0105.<\/li>\n<li>Turite profesin\u012f arba technin\u012f i\u0161silavinim\u0105.<\/li>\n<\/ul>\n<p><strong>ATLYGINIMAS:<\/strong><\/p>\n<ul>\n<li>Nuo 950 &#8211; 1.180 EUR (atskai\u010dius mokes\u010dius).<\/li>\n<\/ul>\n<p><strong>MES SI\u016aLOME:<\/strong><\/p>\n<ul>\n<li>Visas darbui reikalingas priemones, darbo r\u016bbus ir avalyn\u0119;<\/li>\n<li>Geras darbo s\u0105lygas ir motyvuojant\u012f, visada laiku mokam\u0105 atlyginim\u0105;<\/li>\n<li>Visas socialines garantijas;<\/li>\n<li>Darb\u0105 pa\u017eangioje \u012fmon\u0117je, kur daug d\u0117mesio skiriama darbo saugai, efektyvumui ir kokybei;<\/li>\n<li>Galimyb\u0119 tobul\u0117ti ir augti kartu su \u012fmone;<\/li>\n<li>Draugi\u0161k\u0105, palaikant\u012f kolektyv\u0105.<\/li>\n<\/ul>\n<p><strong>KONTAKTINIAI DUOMENYS PASITEIRAVIMUI:<\/strong><\/p>\n<ul>\n<li>Tel.: +370 (670) 45 030<\/li>\n<li>El. pa\u0161tas: info@globalservices.lt<\/li>\n<\/ul>\n<\/div>","protected":false},"excerpt":{"rendered":"<p style=\"text-align: left;\">&#8211; Atlyginimas: nuo 950 &#8211; 1.180 EUR (atskai\u010dius mokes\u010dius);<br \/>\n&#8211; Darbo trukm\u0117: ilgalaikis darbas;<br \/>\n&#8211; Atlyginimo mok\u0117jimas: norintiems yra galimyb\u0117 atlyginim\u0105 gauti kas savait\u0119;<br \/>\n&#8211; Darbo vieta: Vilniaus r., Lindini\u0161k\u0117s (netoli Rie\u0161\u0117s)<\/p>","protected":false},"featured_media":32529,"template":"","meta":[],"product_cat":[48,38,50,62,26],"product_tag":[47],"class_list":["post-32396","product","type-product","status-publish","has-post-thumbnail","hentry","product_cat-darbo-sritis","product_cat-lietuva","product_cat-pramone-gamyba","product_cat-vilnius","product_cat-kita","product_tag-front"],"_links":{"self":[{"href":"https:\/\/globalservices.lt\/en\/wp-json\/wp\/v2\/product\/32396","targetHints":{"allow":["GET"]}}],"collection":[{"href":"https:\/\/globalservices.lt\/en\/wp-json\/wp\/v2\/product"}],"about":[{"href":"https:\/\/globalservices.lt\/en\/wp-json\/wp\/v2\/types\/product"}],"wp:featuredmedia":[{"embeddable":true,"href":"https:\/\/globalservices.lt\/en\/wp-json\/wp\/v2\/media\/32529"}],"wp:attachment":[{"href":"https:\/\/globalservices.lt\/en\/wp-json\/wp\/v2\/media?parent=32396"}],"wp:term":[{"taxonomy":"product_cat","embeddable":true,"href":"https:\/\/globalservices.lt\/en\/wp-json\/wp\/v2\/product_cat?post=32396"},{"taxonomy":"product_tag","embeddable":true,"href":"https:\/\/globalservices.lt\/en\/wp-json\/wp\/v2\/product_tag?post=32396"}],"curies":[{"name":"wp","href":"https:\/\/api.w.org\/{rel}","templated":true}]}}