{"id":32392,"date":"2026-04-13T11:29:57","date_gmt":"2026-04-13T11:29:57","guid":{"rendered":"https:\/\/globalservices.lt\/?post_type=product&#038;p=32392"},"modified":"2026-04-14T09:52:38","modified_gmt":"2026-04-14T09:52:38","slug":"operatorius-betono-konstrukciju-formuotojas","status":"publish","type":"product","link":"https:\/\/globalservices.lt\/en\/shop\/darbo-sritis\/pramone-gamyba\/operatorius-betono-konstrukciju-formuotojas\/","title":{"rendered":"Operatorius &#8211; Betono konstrukcij\u0173 formuotojas"},"content":{"rendered":"<p>Ie\u0161kome <strong>Operatori\u0173 &#8211; Betono konstrukcij\u0173 formuotoj\u0173<\/strong>, kurie atliks darbus betono element\u0173 \/ form\u0173 gamyklose Olandijoje. Gaminami gel\u017ebetoniniai gaminiai, pvz. \u2013 pamatiniai stulpai, tilto ir viaduko sijos, betonin\u0117s laiptin\u0117s, balkonai, grind\u0173 plok\u0161t\u0117s ir atramin\u0117s sijos ir t.t.<\/p>\n<div class=\"jobad_txt\">\n<p><strong>DARBO POB\u016aDIS:<\/strong><\/p>\n<\/div>\n<ul>\n<li>Betono form\u0173 montavimas;<\/li>\n<li>Armat\u016bros montavimas ir ri\u0161imas;<\/li>\n<li>Betono supylimas \u012f formas;<\/li>\n<li>Form\u0173 pa\u0161alinimas sukiet\u0117jus betonui;<\/li>\n<li>Form\u0173 valymas;<\/li>\n<li>Betono element\u0173 paruo\u0161imas transportavimui;<\/li>\n<li>Neturin\u010dius patirties apmokome darbo vietoje.<\/li>\n<\/ul>\n<p class=\"heading2 jobad_subheading\"><strong>KO TIKIM\u0116S?<\/strong><\/p>\n<div class=\"jobad_txt\">\n<ul>\n<li>Turite profesin\u012f \/ technin\u012f i\u0161silavinim\u0105;<\/li>\n<li>Gebate dirbti atsakingai ir norite tobul\u0117ti;<\/li>\n<li>Nebijote fizinio darbo;<\/li>\n<li>Turite darbo patirties statybose arba dirbant pana\u0161aus pob\u016bd\u017eio darb\u0105;<\/li>\n<\/ul>\n<p><strong>SI\u016aLOME:<\/strong><\/p>\n<ul>\n<li>Konkurencing\u0105 ir kiekvien\u0105 savait\u0119 mokam\u0105 atlyginim\u0105;<\/li>\n<li>Darb\u0105 ilgalaikiuose projektuose;<\/li>\n<li>Apgyvendinim\u0105 atskiruose kambariuose darbo metu Olandijoje.<\/li>\n<\/ul>\n<p><strong>KONTAKTINIAI DUOMENYS PASITEIRAVIMUI:<\/strong><\/p>\n<ul>\n<li>T. +370 (670) 45 030<\/li>\n<li>E. INFO@GLOBALSERVICES.LT<\/li>\n<\/ul>\n<div class=\"jobad_txt\"><\/div>\n<\/div>\n<p>&nbsp;<\/p>","protected":false},"excerpt":{"rendered":"<p style=\"text-align: left;\">&#8211; Atlyginimas: nuo 2.400 EUR (atskai\u010dius mokes\u010dius)<br \/>\n&#8211; Darbo trukm\u0117: ilgalaikis darbas<br \/>\n&#8211; Atlyginimo mok\u0117jimas: Kas savait\u0119<br \/>\n&#8211; Darbo vieta: Nyderland\u0173 karalyst\u0117<\/p>","protected":false},"featured_media":32627,"template":"","meta":[],"product_cat":[48,56,50,51,39,26],"product_tag":[47],"class_list":["post-32392","product","type-product","status-publish","has-post-thumbnail","hentry","product_cat-darbo-sritis","product_cat-nyderlandai","product_cat-pramone-gamyba","product_cat-statyba","product_cat-uzsienis","product_cat-kita","product_tag-front"],"_links":{"self":[{"href":"https:\/\/globalservices.lt\/en\/wp-json\/wp\/v2\/product\/32392","targetHints":{"allow":["GET"]}}],"collection":[{"href":"https:\/\/globalservices.lt\/en\/wp-json\/wp\/v2\/product"}],"about":[{"href":"https:\/\/globalservices.lt\/en\/wp-json\/wp\/v2\/types\/product"}],"wp:featuredmedia":[{"embeddable":true,"href":"https:\/\/globalservices.lt\/en\/wp-json\/wp\/v2\/media\/32627"}],"wp:attachment":[{"href":"https:\/\/globalservices.lt\/en\/wp-json\/wp\/v2\/media?parent=32392"}],"wp:term":[{"taxonomy":"product_cat","embeddable":true,"href":"https:\/\/globalservices.lt\/en\/wp-json\/wp\/v2\/product_cat?post=32392"},{"taxonomy":"product_tag","embeddable":true,"href":"https:\/\/globalservices.lt\/en\/wp-json\/wp\/v2\/product_tag?post=32392"}],"curies":[{"name":"wp","href":"https:\/\/api.w.org\/{rel}","templated":true}]}}