{"id":32364,"date":"2024-01-28T16:36:57","date_gmt":"2024-01-28T16:36:57","guid":{"rendered":"https:\/\/globalservices.lt\/?post_type=product&#038;p=32364"},"modified":"2024-07-31T19:20:44","modified_gmt":"2024-07-31T19:20:44","slug":"technikas-remontininkas-gamybos-irengimai","status":"publish","type":"product","link":"https:\/\/globalservices.lt\/en\/shop\/darbo-sritis\/mechanika-inzinerija\/technikas-remontininkas-gamybos-irengimai\/","title":{"rendered":"Technikas &#8211; remontininkas (Gamybos \u012frengimai)"},"content":{"rendered":"<p>Ie\u0161kome <strong>Techniko &#8211; Remontininko, <\/strong>kuris geb\u0117t\u0173 pri\u017ei\u016br\u0117ti ir aptarnauti plastiko produkt\u0173 gamybin\u0119 \u012frang\u0105 m\u016bs\u0173 kliento gamykloje.<\/p>\n<p class=\"heading2 jobad_subheading\"><strong>JEI NETURITE PATIRTIES, TAV\u0118S LAUKIA:<\/strong><\/p>\n<div class=\"jobad_txt\">\n<ul>\n<li>\u012fdomus mokymo procesas \u0161alia auk\u0161tos kvalifikacijos specialisto;<\/li>\n<li>galimyb\u0117 kelti kvalifikacij\u0105 nuo kurios priklausys Tavo gaunamas darbo u\u017emokestis.<\/li>\n<\/ul>\n<p><strong>DARBO POB\u016aDIS:<\/strong><\/p>\n<\/div>\n<ul>\n<li>Gamybini\u0173 \u012frengini\u0173 prie\u017ei\u016bra ir profilaktika;<\/li>\n<li>Gamybini\u0173 \u012frengini\u0173 remontas;<\/li>\n<li>Gedim\u0173 diagnostika ir \u0161alinimas;<\/li>\n<li>Technologin\u0117s \u012frangos ir jos sudedam\u0173j\u0173 dali\u0173 keitimas.<\/li>\n<\/ul>\n<p class=\"heading2 jobad_subheading\"><strong>KO TIKIM\u0116S?<\/strong><\/p>\n<div class=\"jobad_txt\">\n<ul>\n<li>Atsakingumo, iniciatyvumo, geb\u0117jimo dirbti komandoje ir noro tobul\u0117ti;<\/li>\n<li>Patirtis vykdant gamybos \u012frengini\u0173 prie\u017ei\u016bros, remonto darbus (privalumas);<\/li>\n<li>Geb\u0117jimas dirbti komandoje.<\/li>\n<\/ul>\n<p><strong>SI\u016aLOME:<\/strong><\/p>\n<ul>\n<li>Konkurencing\u0105 ir laiku mokam\u0105 atlyginim\u0105;<\/li>\n<li>Draudim\u0105 nuo nelaiming\u0173 atsitikim\u0173 (draudimas galioja ir laisvu nuo darbo metu);<\/li>\n<li>Galimyb\u0119 nemokamai vykti \u012fmon\u0117s transportu \u012f darbo viet\u0105 ir atgal (tik i\u0161 Vilniaus miesto ir Grigi\u0161ki\u0173);<\/li>\n<li>Finansin\u0119 param\u0105 netekties \u0161eimoje atveju.<\/li>\n<\/ul>\n<p><strong>KONTAKTINIAI DUOMENYS PASITEIRAVIMUI:<\/strong><\/p>\n<ul>\n<li>T. +370 (670) 45 030<\/li>\n<li>E. INFO@GLOBALSERVICES.LT<\/li>\n<\/ul>\n<div class=\"jobad_txt\"><\/div>\n<\/div>\n<p>&nbsp;<\/p>","protected":false},"excerpt":{"rendered":"<p style=\"text-align: left;\">&#8211; Atlyginimas: 2.000 \u2013 2.600 EUR (neatskai\u010dius mokes\u010di\u0173)<br \/>\n&#8211; Darbo trukm\u0117: ilgalaikis darbas (Neterminuota darbo sutartis)<br \/>\n&#8211; Darbo vieta: Lentvaris (Trak\u0173 rajonas)<\/p>","protected":false},"featured_media":32365,"template":"","meta":[],"product_cat":[48,55,38,49,26],"product_tag":[47],"class_list":["post-32364","product","type-product","status-publish","has-post-thumbnail","hentry","product_cat-darbo-sritis","product_cat-lentvaris","product_cat-lietuva","product_cat-mechanika-inzinerija","product_cat-kita","product_tag-front"],"_links":{"self":[{"href":"https:\/\/globalservices.lt\/en\/wp-json\/wp\/v2\/product\/32364","targetHints":{"allow":["GET"]}}],"collection":[{"href":"https:\/\/globalservices.lt\/en\/wp-json\/wp\/v2\/product"}],"about":[{"href":"https:\/\/globalservices.lt\/en\/wp-json\/wp\/v2\/types\/product"}],"wp:featuredmedia":[{"embeddable":true,"href":"https:\/\/globalservices.lt\/en\/wp-json\/wp\/v2\/media\/32365"}],"wp:attachment":[{"href":"https:\/\/globalservices.lt\/en\/wp-json\/wp\/v2\/media?parent=32364"}],"wp:term":[{"taxonomy":"product_cat","embeddable":true,"href":"https:\/\/globalservices.lt\/en\/wp-json\/wp\/v2\/product_cat?post=32364"},{"taxonomy":"product_tag","embeddable":true,"href":"https:\/\/globalservices.lt\/en\/wp-json\/wp\/v2\/product_tag?post=32364"}],"curies":[{"name":"wp","href":"https:\/\/api.w.org\/{rel}","templated":true}]}}