{"id":32054,"date":"2023-12-28T10:47:10","date_gmt":"2023-12-28T10:47:10","guid":{"rendered":"https:\/\/globalservices.lt\/?post_type=product&#038;p=32054"},"modified":"2024-07-31T19:21:59","modified_gmt":"2024-07-31T19:21:59","slug":"jachtos-statybos-elektrikas","status":"publish","type":"product","link":"https:\/\/globalservices.lt\/en\/shop\/darbo-sritis\/statyba\/jachtos-statybos-elektrikas\/","title":{"rendered":"Elektrikas \/ Montuotojas (darbas projektuose visoje Lietuvoje)"},"content":{"rendered":"<p>Kvie\u010diame Elektrikus \/ Montuotojus prisijungti prie m\u016bs\u0173 klient\u0173 vykdom\u0173 projekt\u0173. Objektai kuriuose dirbsite gali b\u016bti \u012fvair\u016bs, pvz.: gamyklos, sand\u0117liai, gyvenamosios ir komercin\u0117s paskirties patalpos, ir kt.). Elektros projektai yra vykdomi visoje Lietuvoje tod\u0117l ie\u0161kome specialist\u0173 skirtinguose miestuose.<\/p>\n<p><strong>DARBO POB\u016aDIS<\/strong><\/p>\n<ul>\n<li>Elektros instaliacijos ir monta\u017eo darbai.<\/li>\n<li>Kabeli\u0173 klojimas bei pajungimas.<\/li>\n<li>Pramonini\u0173 \u012frengim\u0173 pajungimas.<\/li>\n<li>Automatikos bei valdymo spint\u0173 pajungimo darbai.<\/li>\n<\/ul>\n<p><strong>KO TIKIM\u0116S?<\/strong><\/p>\n<ul>\n<li>Turite bent 1 met\u0173 patirt\u012f dirbant pana\u0161aus pob\u016bd\u017eio darb\u0105;<\/li>\n<li>Gebate atlikti elektros instaliacijos bei monta\u017eo darbus, pvz.:\n<ul>\n<li>nutiesti ir sujungti kabelius, pajungti automatikos ir valdymo spintas, pajungti kit\u0105 \u012frang\u0105;<\/li>\n<\/ul>\n<\/li>\n<li>Gebate dirbti pagal duotus br\u0117\u017einius;<\/li>\n<li>Gebate dirbti ne tik savaranki\u0161kai, bet ir kaip komandos dalis.<\/li>\n<\/ul>\n<p><strong>SI\u016aLOME<\/strong><\/p>\n<ul>\n<li>I\u0161\u0161\u016bki\u0173 kupin\u0105 darb\u0105, ne ma\u017eiau kaip 40 valand\u0173 per savait\u0119;<\/li>\n<li>Konkurencing\u0105 ir kiekvien\u0105 savait\u0119 mokam\u0105 atlyginim\u0105;<\/li>\n<li>Jeigu darbas vyksta komandiruot\u0117je, suteikiame nemokam\u0105 apgyvendinim\u0105.<\/li>\n<\/ul>\n<p><strong>KONTAKTINIAI DUOMENYS PASITEIRAVIMUI:<\/strong><\/p>\n<ul>\n<li>T. +370 (670) 45 030<\/li>\n<li>E. INFO@GLOBALSERVICES.LT<\/li>\n<\/ul>","protected":false},"excerpt":{"rendered":"<p style=\"text-align: left;\">&#8211; Atlyginimas: 1.000 &#8211; 1.500 EUR (atskai\u010dius mokes\u010dius)<br \/>\n&#8211; Darbo trukm\u0117: ilgalaikis darbas<br \/>\n&#8211; Atlyginimo mok\u0117jimas: Kas savait\u0119<br \/>\n&#8211; Darbo vieta: Visa Lietuva<\/p>","protected":false},"featured_media":32306,"template":"","meta":[],"product_cat":[61,48,52,60,55,38,51,26],"product_tag":[47],"class_list":["post-32054","product","type-product","status-publish","has-post-thumbnail","hentry","product_cat-alytus","product_cat-darbo-sritis","product_cat-energetika-elektronika-elektros-inzinerija","product_cat-kaunas","product_cat-lentvaris","product_cat-lietuva","product_cat-statyba","product_cat-kita","product_tag-front"],"_links":{"self":[{"href":"https:\/\/globalservices.lt\/en\/wp-json\/wp\/v2\/product\/32054","targetHints":{"allow":["GET"]}}],"collection":[{"href":"https:\/\/globalservices.lt\/en\/wp-json\/wp\/v2\/product"}],"about":[{"href":"https:\/\/globalservices.lt\/en\/wp-json\/wp\/v2\/types\/product"}],"wp:featuredmedia":[{"embeddable":true,"href":"https:\/\/globalservices.lt\/en\/wp-json\/wp\/v2\/media\/32306"}],"wp:attachment":[{"href":"https:\/\/globalservices.lt\/en\/wp-json\/wp\/v2\/media?parent=32054"}],"wp:term":[{"taxonomy":"product_cat","embeddable":true,"href":"https:\/\/globalservices.lt\/en\/wp-json\/wp\/v2\/product_cat?post=32054"},{"taxonomy":"product_tag","embeddable":true,"href":"https:\/\/globalservices.lt\/en\/wp-json\/wp\/v2\/product_tag?post=32054"}],"curies":[{"name":"wp","href":"https:\/\/api.w.org\/{rel}","templated":true}]}}