{"id":32052,"date":"2023-12-28T10:37:49","date_gmt":"2023-12-28T10:37:49","guid":{"rendered":"https:\/\/globalservices.lt\/?post_type=product&#038;p=32052"},"modified":"2024-07-31T19:22:53","modified_gmt":"2024-07-31T19:22:53","slug":"elektrikas","status":"publish","type":"product","link":"https:\/\/globalservices.lt\/en\/shop\/darbo-sritis\/mechanika-inzinerija\/elektrikas\/","title":{"rendered":"Auto-\u0161altkalvis &#8211; Mechanikas (Darbas komandiruot\u0117se)"},"content":{"rendered":"<div class=\"wpb-content-wrapper\"><div class=\"vc_row wpb_row vc_row-fluid\"><div class=\"wpb_column vc_column_container vc_col-sm-12\"><div class=\"vc_column-inner\"><div class=\"wpb_wrapper\">\n\t<div class=\"wpb_text_column wpb_content_element\" >\n\t\t<div class=\"wpb_wrapper\">\n\t\t\t<p>Kvie\u010diame prisijungti patyrusius Auto-\u0161altkalvius &#8211; Mechanikus, kurie nori dirbti Vakar\u0173 Europoje.<\/p>\n<p><strong>DARBO POB\u016aDIS:<\/strong><\/p>\n<ul>\n<li>Vilkik\u0173 ir puspriekabi\u0173 gedim\u0173 diagnostika, \u0161alinimo ir remonto darbai;<\/li>\n<li>Degal\u0173 sistemos, sunkve\u017eimi\u0173 pakabos, stabd\u017ei\u0173 ir hidraulini\u0173 sistem\u0173 remontas;<\/li>\n<li>Elektros sistem\u0173 gedim\u0173 diagnostika ir \u0161alinimas.<\/li>\n<\/ul>\n<p><strong>KO TIKIM\u0116S?<\/strong><\/p>\n<ul>\n<li>Turite ne ma\u017eesn\u0119 kaip 1 met\u0173 transporto priemoni\u0173 remonto patirt\u012f (sunkiasvori\u0173 transporto priemoni\u0173 servise &#8211; privalumas);<\/li>\n<li>Mokate bent viena u\u017esienio kalba (angl\u0173 arba rus\u0173);<\/li>\n<li>Turite B kategorijos vairuotojo pa\u017eym\u0117jim\u0105 (CE kategorija \u2013 privalumas);<\/li>\n<li>Galite dirbti komandiruot\u0117se Vakar\u0173 Europos \u0161alyse.<\/li>\n<\/ul>\n<p><strong>SI\u016aLOME<\/strong><\/p>\n<ul>\n<li>Geras darbo s\u0105lygas;<\/li>\n<li>visas darbui reikalingas priemones;<\/li>\n<li>I\u0161\u0161\u016bki\u0173 kupin\u0105 darb\u0105;<\/li>\n<li>Konkurencing\u0105 ir kiekvien\u0105 savait\u0119 mokam\u0105 atlyginim\u0105.<\/li>\n<\/ul>\n<p><strong>KONTAKTINIAI DUOMENYS PASITEIRAVIMUI:<\/strong><\/p>\n<ul>\n<li>T. +370 (670) 45 030<\/li>\n<li>E. INFO@GLOBALSERVICES.LT<\/li>\n<\/ul>\n\n\t\t<\/div>\n\t<\/div>\n<\/div><\/div><\/div><\/div>\n<\/div>","protected":false},"excerpt":{"rendered":"<p style=\"text-align: left;\">&#8211; Atlyginimas: 2.000 &#8211; 3.000 EUR (atskai\u010dius mokes\u010dius)<br \/>\n&#8211; Darbo trukm\u0117: ilgalaikis darbas<br \/>\n&#8211; Atlyginimo mok\u0117jimas: Kas savait\u0119<br \/>\n&#8211; Darbo vieta: Vakar\u0173 Europa (Vokietija, Pranc\u016bzija, Olandija, Belgija)<\/p>","protected":false},"featured_media":32307,"template":"","meta":[],"product_cat":[58,48,38,49,56,59,39,26,57],"product_tag":[47],"class_list":["post-32052","product","type-product","status-publish","has-post-thumbnail","hentry","product_cat-belgija","product_cat-darbo-sritis","product_cat-lietuva","product_cat-mechanika-inzinerija","product_cat-nyderlandai","product_cat-prancuzija","product_cat-uzsienis","product_cat-kita","product_cat-vokietija","product_tag-front"],"_links":{"self":[{"href":"https:\/\/globalservices.lt\/en\/wp-json\/wp\/v2\/product\/32052","targetHints":{"allow":["GET"]}}],"collection":[{"href":"https:\/\/globalservices.lt\/en\/wp-json\/wp\/v2\/product"}],"about":[{"href":"https:\/\/globalservices.lt\/en\/wp-json\/wp\/v2\/types\/product"}],"wp:featuredmedia":[{"embeddable":true,"href":"https:\/\/globalservices.lt\/en\/wp-json\/wp\/v2\/media\/32307"}],"wp:attachment":[{"href":"https:\/\/globalservices.lt\/en\/wp-json\/wp\/v2\/media?parent=32052"}],"wp:term":[{"taxonomy":"product_cat","embeddable":true,"href":"https:\/\/globalservices.lt\/en\/wp-json\/wp\/v2\/product_cat?post=32052"},{"taxonomy":"product_tag","embeddable":true,"href":"https:\/\/globalservices.lt\/en\/wp-json\/wp\/v2\/product_tag?post=32052"}],"curies":[{"name":"wp","href":"https:\/\/api.w.org\/{rel}","templated":true}]}}