{"id":32375,"date":"2024-01-30T16:51:00","date_gmt":"2024-01-30T16:51:00","guid":{"rendered":"https:\/\/globalservices.lt\/?page_id=32375"},"modified":"2024-01-30T16:53:57","modified_gmt":"2024-01-30T16:53:57","slug":"nerandate-tinkamo-darbo-pasiulymo","status":"publish","type":"page","link":"https:\/\/globalservices.lt\/en\/nerandate-tinkamo-darbo-pasiulymo\/","title":{"rendered":"NERANDATE TINKAMO DARBO PASI\u016aLYMO?"},"content":{"rendered":"<div class=\"wpb-content-wrapper\"><div class=\"vc_row wpb_row vc_row-fluid\"><div class=\"wpb_column vc_column_container vc_col-sm-12\"><div class=\"vc_column-inner\"><div class=\"wpb_wrapper\">\n\t<div class=\"wpb_text_column wpb_content_element\" >\n\t\t<div class=\"wpb_wrapper\">\n\t\t\t<p class=\"p1\" style=\"text-align: center;\">U\u017epildykite kontakt\u0173 form\u0105 ir gaukite vis\u0105 informacij\u0105 apie darbo pasi\u016blymus savo mieste: telefonu arba el. pa\u0161tu.<\/p>\n\n\t\t<\/div>\n\t<\/div>\n<\/div><\/div><\/div><\/div><div data-vc-full-width=\"true\" data-vc-full-width-init=\"false\" class=\"vc_row wpb_row vc_row-fluid vc_custom_1704973184962\"><div class=\"wpb_column vc_column_container vc_col-sm-6\"><div class=\"vc_column-inner\"><div class=\"wpb_wrapper\"><div class=\"vc_row wpb_row vc_inner vc_row-fluid vc_row-o-content-middle vc_row-flex\"><div class=\"wpb_column vc_column_container vc_col-sm-12\"><div class=\"vc_column-inner\"><div class=\"wpb_wrapper\">\n\t<div  class=\"wpb_single_image wpb_content_element vc_align_left\">\n\t\t\n\t\t<figure class=\"wpb_wrapper vc_figure\">\n\t\t\t<div class=\"vc_single_image-wrapper   vc_box_border_grey\"><img loading=\"lazy\" decoding=\"async\" width=\"756\" height=\"649\" src=\"https:\/\/globalservices.lt\/wp-content\/uploads\/2024\/01\/Screenshot-2024-01-30-at-18.50.29.png\" class=\"vc_single_image-img attachment-full\" alt=\"\" title=\"\" srcset=\"https:\/\/globalservices.lt\/wp-content\/uploads\/2024\/01\/Screenshot-2024-01-30-at-18.50.29.png 756w, https:\/\/globalservices.lt\/wp-content\/uploads\/2024\/01\/Screenshot-2024-01-30-at-18.50.29-300x258.png 300w, https:\/\/globalservices.lt\/wp-content\/uploads\/2024\/01\/Screenshot-2024-01-30-at-18.50.29-14x12.png 14w\" sizes=\"auto, (max-width: 756px) 100vw, 756px\" \/><\/div>\n\t\t<\/figure>\n\t<\/div>\n<\/div><\/div><\/div><\/div><\/div><\/div><\/div><div class=\"wpb_column vc_column_container vc_col-sm-6\"><div class=\"vc_column-inner\"><div class=\"wpb_wrapper\">\n<div class=\"wpcf7 no-js\" id=\"wpcf7-f32206-o1\" lang=\"en-US\" dir=\"ltr\">\n<div class=\"screen-reader-response\"><p role=\"status\" aria-live=\"polite\" aria-atomic=\"true\"><\/p> <ul><\/ul><\/div>\n<form action=\"\/en\/wp-json\/wp\/v2\/pages\/32375#wpcf7-f32206-o1\" method=\"post\" class=\"wpcf7-form init\" aria-label=\"Contact form\" enctype=\"multipart\/form-data\" novalidate=\"novalidate\" data-status=\"init\" data-trp-original-action=\"\/en\/wp-json\/wp\/v2\/pages\/32375#wpcf7-f32206-o1\">\n<div style=\"display: none;\">\n<input type=\"hidden\" name=\"_wpcf7\" value=\"32206\" \/>\n<input type=\"hidden\" name=\"_wpcf7_version\" value=\"5.8.4\" \/>\n<input type=\"hidden\" name=\"_wpcf7_locale\" value=\"en_US\" \/>\n<input type=\"hidden\" name=\"_wpcf7_unit_tag\" value=\"wpcf7-f32206-o1\" \/>\n<input type=\"hidden\" name=\"_wpcf7_container_post\" value=\"0\" \/>\n<input type=\"hidden\" name=\"_wpcf7_posted_data_hash\" value=\"\" \/>\n<\/div>\n<div class=\"row\">\n\t<div class=\"col-md-6\">\n\t\t<p><label>Vardas (privaloma)<\/label><span class=\"wpcf7-form-control-wrap\" data-name=\"your-name\"><input size=\"40\" class=\"wpcf7-form-control wpcf7-text wpcf7-validates-as-required\" aria-required=\"true\" aria-invalid=\"false\" value=\"\" type=\"text\" name=\"your-name\" \/><\/span><br \/>\n<label>Pavard\u0117 (privaloma)<\/label><span class=\"wpcf7-form-control-wrap\" data-name=\"text-707\"><input size=\"40\" class=\"wpcf7-form-control wpcf7-text wpcf7-validates-as-required\" aria-required=\"true\" aria-invalid=\"false\" value=\"\" type=\"text\" name=\"text-707\" \/><\/span>\n\t\t<\/p>\n\t<\/div>\n\t<div class=\"col-md-6\">\n\t\t<p>J\u016bs\u0173 el. pa\u0161tas (privaloma)<span class=\"wpcf7-form-control-wrap\" data-name=\"your-email\"><input size=\"40\" class=\"wpcf7-form-control wpcf7-email wpcf7-validates-as-required wpcf7-text wpcf7-validates-as-email\" aria-required=\"true\" aria-invalid=\"false\" value=\"\" type=\"email\" name=\"your-email\" \/><\/span><br \/>\n<label>Telefonas<\/label><span class=\"wpcf7-form-control-wrap\" data-name=\"text-625\"><input size=\"40\" class=\"wpcf7-form-control wpcf7-text\" aria-invalid=\"false\" value=\"\" type=\"text\" name=\"text-625\" \/><\/span>\n\t\t<\/p>\n\t<\/div>\n<\/div>\n<p><label>Miestas, kuriame ie\u0161kote darbo<\/label><span class=\"wpcf7-form-control-wrap\" data-name=\"text-624\"><input size=\"40\" class=\"wpcf7-form-control wpcf7-text wpcf7-validates-as-required\" aria-required=\"true\" aria-invalid=\"false\" value=\"\" type=\"text\" name=\"text-624\" \/><\/span>\n<\/p>\n<p><label>Pastabos (pvz. ie\u0161kau dabo gamyboje...)<\/label><span class=\"wpcf7-form-control-wrap\" data-name=\"your-message\"><textarea cols=\"40\" rows=\"10\" class=\"wpcf7-form-control wpcf7-textarea\" aria-invalid=\"false\" name=\"your-message\"><\/textarea><\/span>\n<\/p>\n<p><label>Prisegti CV (neprivaloma)<\/label><span class=\"wpcf7-form-control-wrap\" data-name=\"file-265\"><input size=\"40\" class=\"wpcf7-form-control wpcf7-file\" accept=\".pdf\" aria-invalid=\"false\" type=\"file\" name=\"file-265\" \/><\/span>\n<\/p>\n<p>J\u016bs\u0173 asmens duomenis tvarkome personalo atrankos tikslais. Daugiau informacijos: <a href=\"https:\/\/globalservices.lt\/en\/privatumo-ir-naudojamu-slapuku-politika\/\">Privatumo politikoje<\/a>\n<\/p>\n<p><input class=\"wpcf7-form-control wpcf7-submit has-spinner btn btn-color-primary\" type=\"submit\" value=\"KANDIDATUOTI\" \/>\n<\/p><div class=\"wpcf7-response-output\" aria-hidden=\"true\"><\/div>\n<input type=\"hidden\" name=\"trp-form-language\" value=\"en\"\/><\/form>\n<\/div>\n<\/div><\/div><\/div><\/div><div class=\"vc_row-full-width vc_clearfix\"><\/div>\n<\/div>","protected":false},"excerpt":{"rendered":"U\u017epildykite kontakt\u0173 form\u0105 ir gaukite vis\u0105 informacij\u0105 apie darbo pasi\u016blymus savo mieste: telefonu arba el. pa\u0161tu. Vardas (privaloma) Pavard\u0117 (privaloma)","protected":false},"author":2,"featured_media":0,"parent":0,"menu_order":0,"comment_status":"closed","ping_status":"closed","template":"","meta":{"footnotes":""},"class_list":["post-32375","page","type-page","status-publish","hentry"],"_links":{"self":[{"href":"https:\/\/globalservices.lt\/en\/wp-json\/wp\/v2\/pages\/32375","targetHints":{"allow":["GET"]}}],"collection":[{"href":"https:\/\/globalservices.lt\/en\/wp-json\/wp\/v2\/pages"}],"about":[{"href":"https:\/\/globalservices.lt\/en\/wp-json\/wp\/v2\/types\/page"}],"author":[{"embeddable":true,"href":"https:\/\/globalservices.lt\/en\/wp-json\/wp\/v2\/users\/2"}],"replies":[{"embeddable":true,"href":"https:\/\/globalservices.lt\/en\/wp-json\/wp\/v2\/comments?post=32375"}],"version-history":[{"count":4,"href":"https:\/\/globalservices.lt\/en\/wp-json\/wp\/v2\/pages\/32375\/revisions"}],"predecessor-version":[{"id":32380,"href":"https:\/\/globalservices.lt\/en\/wp-json\/wp\/v2\/pages\/32375\/revisions\/32380"}],"wp:attachment":[{"href":"https:\/\/globalservices.lt\/en\/wp-json\/wp\/v2\/media?parent=32375"}],"curies":[{"name":"wp","href":"https:\/\/api.w.org\/{rel}","templated":true}]}}