{"id":32370,"date":"2024-01-29T12:16:50","date_gmt":"2024-01-29T12:16:50","guid":{"rendered":"https:\/\/globalservices.lt\/?page_id=32370"},"modified":"2024-01-29T12:16:50","modified_gmt":"2024-01-29T12:16:50","slug":"privatumo-ir-naudojamu-slapuku-politika","status":"publish","type":"page","link":"https:\/\/globalservices.lt\/en\/privatumo-ir-naudojamu-slapuku-politika\/","title":{"rendered":"Privatumo ir naudojam\u0173 slapuk\u0173 politika"},"content":{"rendered":"<div class=\"wpb-content-wrapper\"><div class=\"vc_row wpb_row vc_row-fluid\"><div class=\"wpb_column vc_column_container vc_col-sm-12\"><div class=\"vc_column-inner\"><div class=\"wpb_wrapper\">\n\t<div class=\"wpb_text_column wpb_content_element\" >\n\t\t<div class=\"wpb_wrapper\">\n\t\t\t<h2>9. Slapuk\u0173 naudojimas<\/h2>\n<p>9.1 Slapukas (angl. &#8222;cookie&#8221;) \u2013 tai nedidelis kiekis informacijos (teksto rinkmena), kur\u012f tinklalapio serveris i\u0161siun\u010dia \u012f Lankytojo kompiuterio stand\u0173j\u012f disk\u0105 arba arba judriojo ry\u0161io \u012frengin\u012f. \u0160ios informacijos d\u0117ka interneto tinklalapis tam tikr\u0105 laik\u0105 &#8222;atsimins&#8221; Lankytojo kompiuter\u012f, tam tikrus Lankytojo veiksmus ir parinktis, o Lankytojui\u00a0nereik\u0117s j\u0173 i\u0161 naujo \u012fvedin\u0117ti tam tikros informacijos kaskart lankantis svetain\u0117je ar nar\u0161ant \u012fvairiuose jos puslapiuose. \u0160i\u0105 informacij\u0105 gali sudaryti:<\/p>\n<ol>\n<li>Lankytojo kompiuterio IP adresas, jo nar\u0161ykl\u0117s tipas;<\/li>\n<li>duomenys apie tai, kaip Lankytojas naudojasi \u0161iuo tinklalapiu (pavyzd\u017eiui, per\u017ei\u016br\u0117tus puslapius ir prekes, registracijos vard\u0105, kalb\u0105, \u0161rifto dyd\u012f ir kitas rodymo parinktis);<\/li>\n<li>apibendrinti demografiniai duomenys;<\/li>\n<li>jei Lankytojas atvyko \u012f \u0161\u012f tinklalap\u012f i\u0161 tre\u010diosios \u0161alies tinklalapio, \u2013 atitinkamo puslapio URL nuoroda;<\/li>\n<li>kita techninio pob\u016bd\u017eio nuasmeninta informacija.<\/li>\n<\/ol>\n<p>9.2\u00a0Su slapukais susijusi informacija\u00a0negali b\u016bti naudojama Lankytojo\u00a0tapatybei nustatyti.<\/p>\n<p>9.3 Slapuk\u0173 naudojimas palengvina naudojim\u0105si \u0161iuo tinklalapiu ir leid\u017eia pateikti Lankytojui konkretesn\u0119 bei tinkamesn\u0119 informacij\u0105. Galimi slapuk\u0173 tipai \u2013 b\u016btinieji, naudojim\u0105si tinklalapiu gerinantys, funkciniai, rinkodar\u0105 optimizuojantys slapukai.<\/p>\n<p>9.4 Daugelis nar\u0161ykli\u0173 yra nustatytos taip, kad automati\u0161kai priimt\u0173 slapukus, ta\u010diau Lankytojas bet kada gali i\u0161trinti slapukus i\u0161 savo kompiuterio stand\u017eiojo disko. Lankytojas taip pat gali savaranki\u0161kai u\u017eblokuoti slapukus, t.y. nustatyti savo nar\u0161ykl\u0119 taip, kad ji neleist\u0173 i\u0161saugoti slapuk\u0173 Lankytojo kompiuterio stand\u017eiajame diske. Tai gali suma\u017einti tinklalapio funkcionalum\u0105, gali b\u016bti apribota galimyb\u0117 naudotis tam tikromis si\u016blomomis paslaugomis, kitaip tariant, dalis turinio ir\/ ar paslaug\u0173 Lankytojui gali tapti nepasiekiama.<\/p>\n<p>9.5 Statistiniai duomenys apie nar\u0161ym\u0105 svetain\u0117je renkami naudodajant &#8222;Google Analytics&#8221; \u012frankius, kurie leid\u017eia fiksuoti ir analizuoti kaip svetain\u0117s lankytojai naudojasi svetaine. Daugiau apie &#8222;Google Analytics&#8221; ir informacij\u0105, kuri\u0105 \u0161ie \u012frankiai leid\u017eia rinkti, galite su\u017einoti\u00a0<a title=\"nuoroda\" href=\"https:\/\/support.google.com\/analytics\/answer\/1012034?hl=lt&amp;ref_topic=6157800\" target=\"_blank\" rel=\"noopener\">&#8222;Google anaytics&#8221; svetain\u0117je.<\/a>\u00a0Jeigu pageidaujate, kad \u0161ie \u012frankiai nefiksuot\u0173 informacijos apie J\u016bs\u0173 nar\u0161ym\u0105 internete, galite panaudoti\u00a0<a title=\"nuoroda\" href=\"https:\/\/tools.google.com\/dlpage\/gaoptout\/\" target=\"_blank\" rel=\"noopener\">&#8222;Google Analytics&#8221; atsisakymo nar\u0161ykl\u0117s papildin\u012f<\/a>. Teisinis pagrindas tvarkyti min\u0117t\u0105 informacij\u0105 &#8211; ma\u017eosios bendrijos teis\u0117ti interesai gerinti ELP veikim\u0105 ir komercin\u0117s informacijos pasiekiamum\u0105.<\/p>\n<p>9.6 Jei pageidaujate, galite kontroliuoti ir\/ ar i\u0161trinti slapukus. Daugiau informacijos pateikiama interneto tinklalapyje\u00a0<a href=\"http:\/\/www.allaboutcookies.org\/\" target=\"_blank\" rel=\"noopener noreferrer\">www.allaboutcookies.org<\/a>. \u010cia galima rasti i\u0161samios informacijos apie tai, kaip i\u0161jungti slapukus per nar\u0161ykl\u0117s nuostatas ir kaip pa\u0161alinti slapukus. Tam, kad pa\u0161alinti slapukus i\u0161 Lankytojo mobiliojo telefono \u2013 b\u016btina pasiskaityti telefono naudojimo instrukcij\u0105. Galite i\u0161trinti visus J\u016bs\u0173 kompiuteryje jau esan\u010dius slapukus, o daugum\u0105 nar\u0161ykli\u0173 nustatyti taip, kad slapukai neb\u016bt\u0173 \u012fra\u0161omi J\u016bs\u0173 \u012frenginyje. Ta\u010diau tokiu atveju Jums gali reik\u0117ti rankiniu b\u016bdu pakeisti kai kurias parinktis kaskart, kai lankysit\u0117s \u0161ioje ELP, o kai kurios paslaugos ir funkcijos gali neveikti.<\/p>\n<p>9.7 \u017demiau pateikiamos nuorodos, kur galite atsisakyti atskir\u0173 reklamos paslaug\u0173 teik\u0117j\u0173 slapuk\u0173:<\/p>\n<ol>\n<li><a title=\"nuoroda\" href=\"https:\/\/www.google.com\/settings\/ads\" target=\"_blank\" rel=\"noopener\">Google<\/a><\/li>\n<li><a title=\"nuoroda\" href=\"https:\/\/www.facebook.com\/ads\/preferences\/edit\/#_=_\" target=\"_blank\" rel=\"noopener\">Facebook<\/a><\/li>\n<li><a title=\"nuoroda\" href=\"http:\/\/optout.aboutads.info\/?c=2&amp;lang=EN\" target=\"_blank\" rel=\"noopener\">Universalus reklamos slapuk\u0173 patikrinimo ir \u0161alinimo \u012frankis<\/a><\/li>\n<\/ol>\n\n\t\t<\/div>\n\t<\/div>\n<\/div><\/div><\/div><\/div>\n<\/div>","protected":false},"excerpt":{"rendered":"9. Slapuk\u0173 naudojimas 9.1 Slapukas (angl. \"cookie\") \u2013 tai nedidelis kiekis informacijos (teksto rinkmena), kur\u012f tinklalapio serveris i\u0161siun\u010dia \u012f Lankytojo","protected":false},"author":2,"featured_media":0,"parent":0,"menu_order":0,"comment_status":"closed","ping_status":"closed","template":"","meta":{"footnotes":""},"class_list":["post-32370","page","type-page","status-publish","hentry"],"_links":{"self":[{"href":"https:\/\/globalservices.lt\/en\/wp-json\/wp\/v2\/pages\/32370","targetHints":{"allow":["GET"]}}],"collection":[{"href":"https:\/\/globalservices.lt\/en\/wp-json\/wp\/v2\/pages"}],"about":[{"href":"https:\/\/globalservices.lt\/en\/wp-json\/wp\/v2\/types\/page"}],"author":[{"embeddable":true,"href":"https:\/\/globalservices.lt\/en\/wp-json\/wp\/v2\/users\/2"}],"replies":[{"embeddable":true,"href":"https:\/\/globalservices.lt\/en\/wp-json\/wp\/v2\/comments?post=32370"}],"version-history":[{"count":1,"href":"https:\/\/globalservices.lt\/en\/wp-json\/wp\/v2\/pages\/32370\/revisions"}],"predecessor-version":[{"id":32371,"href":"https:\/\/globalservices.lt\/en\/wp-json\/wp\/v2\/pages\/32370\/revisions\/32371"}],"wp:attachment":[{"href":"https:\/\/globalservices.lt\/en\/wp-json\/wp\/v2\/media?parent=32370"}],"curies":[{"name":"wp","href":"https:\/\/api.w.org\/{rel}","templated":true}]}}