{"id":32207,"date":"2024-01-11T11:02:36","date_gmt":"2024-01-11T11:02:36","guid":{"rendered":"https:\/\/globalservices.lt\/?page_id=32207"},"modified":"2024-01-11T11:39:48","modified_gmt":"2024-01-11T11:39:48","slug":"rekomenduok-drauga","status":"publish","type":"page","link":"https:\/\/globalservices.lt\/en\/rekomenduok-drauga\/","title":{"rendered":"Rekomenduok draug\u0105"},"content":{"rendered":"<div class=\"wpb-content-wrapper\"><div data-vc-full-width=\"true\" data-vc-full-width-init=\"false\" class=\"vc_row wpb_row vc_row-fluid vc_custom_1704973088169 vc_row-has-fill\"><div class=\"wpb_column vc_column_container vc_col-sm-12\"><div class=\"vc_column-inner\"><div class=\"wpb_wrapper\"><div class=\"vc_row wpb_row vc_inner vc_row-fluid\"><div class=\"wpb_column vc_column_container vc_col-sm-12\"><div class=\"vc_column-inner\"><div class=\"wpb_wrapper\">\n\t<div class=\"wpb_text_column wpb_content_element color-scheme-light\" >\n\t\t<div class=\"wpb_wrapper\">\n\t\t\t<h1 style=\"text-align: center;\">Pakviesk draug\u0105 \u012fsidarbinti<\/h1>\n\n\t\t<\/div>\n\t<\/div>\n<\/div><\/div><\/div><\/div><div class=\"vc_row wpb_row vc_inner vc_row-fluid\"><div class=\"wpb_column vc_column_container vc_col-sm-4\"><div class=\"vc_column-inner\"><div class=\"wpb_wrapper\"><div class=\"vc_icon_element vc_icon_element-outer vc_icon_element-align-center\"><div class=\"vc_icon_element-inner vc_icon_element-color-white vc_icon_element-size-xl vc_icon_element-style- vc_icon_element-background-color-grey\" ><span class=\"vc_icon_element-icon fas fa-pencil-alt\" ><\/span><\/div><\/div>\n\t<div class=\"wpb_text_column wpb_content_element color-scheme-light\" >\n\t\t<div class=\"wpb_wrapper\">\n\t\t\t<p style=\"text-align: center; font-size: 16px; font-weight: bold;\">U\u017epildyk form\u0105 m\u016bs\u0173 svetain\u0117je<\/p>\n\n\t\t<\/div>\n\t<\/div>\n<\/div><\/div><\/div><div class=\"wpb_column vc_column_container vc_col-sm-4\"><div class=\"vc_column-inner\"><div class=\"wpb_wrapper\"><div class=\"vc_icon_element vc_icon_element-outer vc_icon_element-align-center\"><div class=\"vc_icon_element-inner vc_icon_element-color-white vc_icon_element-size-xl vc_icon_element-style- vc_icon_element-background-color-grey\" ><span class=\"vc_icon_element-icon fas fa-phone\" ><\/span><\/div><\/div>\n\t<div class=\"wpb_text_column wpb_content_element color-scheme-light\" >\n\t\t<div class=\"wpb_wrapper\">\n\t\t\t<p style=\"text-align: center; font-size: 16px; font-weight: bold;\">Su tavo draugu (-e) susisieksime per 2 darbo dienas<\/p>\n\n\t\t<\/div>\n\t<\/div>\n<\/div><\/div><\/div><div class=\"wpb_column vc_column_container vc_col-sm-4\"><div class=\"vc_column-inner\"><div class=\"wpb_wrapper\"><div class=\"vc_icon_element vc_icon_element-outer vc_icon_element-align-center\"><div class=\"vc_icon_element-inner vc_icon_element-color-white vc_icon_element-size-xl vc_icon_element-style- vc_icon_element-background-color-grey\" ><span class=\"vc_icon_element-icon fas fa-gift\" ><\/span><\/div><\/div>\n\t<div class=\"wpb_text_column wpb_content_element color-scheme-light\" >\n\t\t<div class=\"wpb_wrapper\">\n\t\t\t<p style=\"text-align: center; font-size: 16px; font-weight: bold;\">Tavo draugui (-ei) i\u0161dirbus 3 savaites &#8211; atsiimk dovan\u0105<\/p>\n\n\t\t<\/div>\n\t<\/div>\n<\/div><\/div><\/div><\/div><\/div><\/div><\/div><\/div><div class=\"vc_row-full-width vc_clearfix\"><\/div><div data-vc-full-width=\"true\" data-vc-full-width-init=\"false\" class=\"vc_row wpb_row vc_row-fluid vc_custom_1704973184962\"><div class=\"wpb_column vc_column_container vc_col-sm-6\"><div class=\"vc_column-inner\"><div class=\"wpb_wrapper\"><div class=\"vc_row wpb_row vc_inner vc_row-fluid vc_row-o-content-middle vc_row-flex\"><div class=\"wpb_column vc_column_container vc_col-sm-12\"><div class=\"vc_column-inner\"><div class=\"wpb_wrapper\">\n\t<div  class=\"wpb_single_image wpb_content_element vc_align_left\">\n\t\t\n\t\t<figure class=\"wpb_wrapper vc_figure\">\n\t\t\t<div class=\"vc_single_image-wrapper   vc_box_border_grey\"><img loading=\"lazy\" decoding=\"async\" width=\"804\" height=\"654\" src=\"https:\/\/globalservices.lt\/wp-content\/uploads\/2024\/01\/Screenshot-2024-01-11-at-13.23.32.png\" class=\"vc_single_image-img attachment-full\" alt=\"\" title=\"\" srcset=\"https:\/\/globalservices.lt\/wp-content\/uploads\/2024\/01\/Screenshot-2024-01-11-at-13.23.32.png 804w, https:\/\/globalservices.lt\/wp-content\/uploads\/2024\/01\/Screenshot-2024-01-11-at-13.23.32-300x244.png 300w, https:\/\/globalservices.lt\/wp-content\/uploads\/2024\/01\/Screenshot-2024-01-11-at-13.23.32-768x625.png 768w, https:\/\/globalservices.lt\/wp-content\/uploads\/2024\/01\/Screenshot-2024-01-11-at-13.23.32-15x12.png 15w\" sizes=\"auto, (max-width: 804px) 100vw, 804px\" \/><\/div>\n\t\t<\/figure>\n\t<\/div>\n<\/div><\/div><\/div><\/div><\/div><\/div><\/div><div class=\"wpb_column vc_column_container vc_col-sm-6\"><div class=\"vc_column-inner\"><div class=\"wpb_wrapper\">\n<div class=\"wpcf7 no-js\" id=\"wpcf7-f32219-o1\" lang=\"en-US\" dir=\"ltr\">\n<div class=\"screen-reader-response\"><p role=\"status\" aria-live=\"polite\" aria-atomic=\"true\"><\/p> <ul><\/ul><\/div>\n<form action=\"\/en\/wp-json\/wp\/v2\/pages\/32207#wpcf7-f32219-o1\" method=\"post\" class=\"wpcf7-form init\" aria-label=\"Contact form\" novalidate=\"novalidate\" data-status=\"init\" data-trp-original-action=\"\/en\/wp-json\/wp\/v2\/pages\/32207#wpcf7-f32219-o1\">\n<div style=\"display: none;\">\n<input type=\"hidden\" name=\"_wpcf7\" value=\"32219\" \/>\n<input type=\"hidden\" name=\"_wpcf7_version\" value=\"5.8.4\" \/>\n<input type=\"hidden\" name=\"_wpcf7_locale\" value=\"en_US\" \/>\n<input type=\"hidden\" name=\"_wpcf7_unit_tag\" value=\"wpcf7-f32219-o1\" \/>\n<input type=\"hidden\" name=\"_wpcf7_container_post\" value=\"0\" \/>\n<input type=\"hidden\" name=\"_wpcf7_posted_data_hash\" value=\"\" \/>\n<\/div>\n<div class=\"row\">\n\t<div class=\"col-md-6\">\n\t\t<p>Apie tave\n\t\t<\/p>\n\t\t<p><label>Vardas, pavard\u0117 (privaloma)<\/label><span class=\"wpcf7-form-control-wrap\" data-name=\"text-100\"><input size=\"40\" class=\"wpcf7-form-control wpcf7-text wpcf7-validates-as-required\" aria-required=\"true\" aria-invalid=\"false\" value=\"\" type=\"text\" name=\"text-100\" \/><\/span><br \/>\n<label>Telefonas (privaloma)<\/label><span class=\"wpcf7-form-control-wrap\" data-name=\"text-101\"><input size=\"40\" class=\"wpcf7-form-control wpcf7-text wpcf7-validates-as-required\" aria-required=\"true\" aria-invalid=\"false\" value=\"\" type=\"text\" name=\"text-101\" \/><\/span><br \/>\n<label>El. pa\u0161tas (privaloma)<\/label><span class=\"wpcf7-form-control-wrap\" data-name=\"text-102\"><input size=\"40\" class=\"wpcf7-form-control wpcf7-text wpcf7-validates-as-required\" aria-required=\"true\" aria-invalid=\"false\" value=\"\" type=\"text\" name=\"text-102\" \/><\/span><br \/>\n<label>Miestas (privaloma)<\/label><span class=\"wpcf7-form-control-wrap\" data-name=\"text-103\"><input size=\"40\" class=\"wpcf7-form-control wpcf7-text wpcf7-validates-as-required\" aria-required=\"true\" aria-invalid=\"false\" value=\"\" type=\"text\" name=\"text-103\" \/><\/span>\n\t\t<\/p>\n\t<\/div>\n\t<div class=\"col-md-6\">\n\t\t<p>Apie tavo draug\u0105\n\t\t<\/p>\n\t\t<p><label>Vardas, pavard\u0117 (privaloma)<\/label><span class=\"wpcf7-form-control-wrap\" data-name=\"text-104\"><input size=\"40\" class=\"wpcf7-form-control wpcf7-text wpcf7-validates-as-required\" aria-required=\"true\" aria-invalid=\"false\" value=\"\" type=\"text\" name=\"text-104\" \/><\/span><br \/>\n<label>Telefonas (privaloma)<\/label><span class=\"wpcf7-form-control-wrap\" data-name=\"text-105\"><input size=\"40\" class=\"wpcf7-form-control wpcf7-text wpcf7-validates-as-required\" aria-required=\"true\" aria-invalid=\"false\" value=\"\" type=\"text\" name=\"text-105\" \/><\/span><br \/>\n<label>El. pa\u0161tas (privaloma)<\/label><span class=\"wpcf7-form-control-wrap\" data-name=\"text-106\"><input size=\"40\" class=\"wpcf7-form-control wpcf7-text wpcf7-validates-as-required\" aria-required=\"true\" aria-invalid=\"false\" value=\"\" type=\"text\" name=\"text-106\" \/><\/span><br \/>\n<label>Miestas (privaloma)<\/label><span class=\"wpcf7-form-control-wrap\" data-name=\"text-107\"><input size=\"40\" class=\"wpcf7-form-control wpcf7-text wpcf7-validates-as-required\" aria-required=\"true\" aria-invalid=\"false\" value=\"\" type=\"text\" name=\"text-107\" \/><\/span>\n\t\t<\/p>\n\t<\/div>\n<\/div>\n<p><label>Profesija \/ Norimos pareigos: <\/label><span class=\"wpcf7-form-control-wrap\" data-name=\"text-624\"><input size=\"40\" class=\"wpcf7-form-control wpcf7-text wpcf7-validates-as-required\" aria-required=\"true\" aria-invalid=\"false\" value=\"\" type=\"text\" name=\"text-624\" \/><\/span>\n<\/p>\n<p><input class=\"wpcf7-form-control wpcf7-submit has-spinner btn btn-color-primary\" type=\"submit\" value=\"REKOMENDUOTI\" \/>\n<\/p><div class=\"wpcf7-response-output\" aria-hidden=\"true\"><\/div>\n<input type=\"hidden\" name=\"trp-form-language\" value=\"en\"\/><\/form>\n<\/div>\n<\/div><\/div><\/div><\/div><div class=\"vc_row-full-width vc_clearfix\"><\/div><div data-vc-full-width=\"true\" data-vc-full-width-init=\"false\" class=\"vc_row wpb_row vc_row-fluid vc_custom_1704973143466 vc_row-has-fill\"><div class=\"wpb_column vc_column_container vc_col-sm-12\"><div class=\"vc_column-inner\"><div class=\"wpb_wrapper\">\n\t<div class=\"wpb_text_column wpb_content_element\" >\n\t\t<div class=\"wpb_wrapper\">\n\t\t\t<p>Jeigu kandidatas pats kreip\u0117si \u012f https:\/\/globalservices.lt\/ d\u0117l darbo pasi\u016blym\u0173, o tik v\u0117liau j\u012f rekomendavote, tokiu atveju dovanos, deja, padovanoti negal\u0117sime.<\/p>\n<p>Pateiktus rekomenduojamo asmens duomenis naudosime susisiekti ir teikti paslaugas m\u016bs\u0173 teis\u0117to intereso pagrindu. J\u016bs\u0173 (rekomenduojan\u010diojo) asmens duomenis tvarkysime J\u016bs\u0173 sutikimo pagrindu, tam, kad gal\u0117tume nurodyti Jus kaip duomen\u0173 \u0161altin\u012f, susisiekus su rekomenduotu asmeniu. Paspaudus mygtuk\u0105 \u201eRekomenduok draug\u0105\u201c, J\u016bs sutinkate anketoje nurodyt\u0173 J\u016bs\u0173 duomen\u0173 tvarkymui.<\/p>\n<p>Duot\u0105 sutikim\u0105 gal\u0117site bet kada at\u0161aukti el. pa\u0161tu info@globalservices.lt Visi anketoje nurodyti asmens duomenys saugomi 6 m\u0117nesius.<\/p>\n<p><strong>Paspausdamas mygtuk\u0105 \u201eRekomenduok draug\u0105\u201c, patvirtinu, kad:<\/strong><\/p>\n<ul>\n<li>anketoje pateikti duomenys yra teisingi, tiksl\u016bs ir i\u0161sam\u016bs;<\/li>\n<li>rekomenduotas asmuo sutinka su apra\u0161ytu duomen\u0173 tvarkymu ir galiu pateikti rekomenduoto asmens informuot\u0105 sutikim\u0105 d\u0117l \u0161iame tinklapyje \u012fvest\u0173 asmens duomen\u0173 tvarkymo.<\/li>\n<\/ul>\n\n\t\t<\/div>\n\t<\/div>\n<\/div><\/div><\/div><\/div><div class=\"vc_row-full-width vc_clearfix\"><\/div>\n<\/div>","protected":false},"excerpt":{"rendered":"Pakviesk draug\u0105 \u012fsidarbinti U\u017epildyk form\u0105 m\u016bs\u0173 svetain\u0117je Su tavo draugu (-e) susisieksime per 2 darbo dienas Tavo draugui (-ei) i\u0161dirbus","protected":false},"author":1,"featured_media":0,"parent":0,"menu_order":0,"comment_status":"closed","ping_status":"closed","template":"","meta":{"footnotes":""},"class_list":["post-32207","page","type-page","status-publish","hentry"],"_links":{"self":[{"href":"https:\/\/globalservices.lt\/en\/wp-json\/wp\/v2\/pages\/32207","targetHints":{"allow":["GET"]}}],"collection":[{"href":"https:\/\/globalservices.lt\/en\/wp-json\/wp\/v2\/pages"}],"about":[{"href":"https:\/\/globalservices.lt\/en\/wp-json\/wp\/v2\/types\/page"}],"author":[{"embeddable":true,"href":"https:\/\/globalservices.lt\/en\/wp-json\/wp\/v2\/users\/1"}],"replies":[{"embeddable":true,"href":"https:\/\/globalservices.lt\/en\/wp-json\/wp\/v2\/comments?post=32207"}],"version-history":[{"count":23,"href":"https:\/\/globalservices.lt\/en\/wp-json\/wp\/v2\/pages\/32207\/revisions"}],"predecessor-version":[{"id":32209,"href":"https:\/\/globalservices.lt\/en\/wp-json\/wp\/v2\/pages\/32207\/revisions\/32209"}],"wp:attachment":[{"href":"https:\/\/globalservices.lt\/en\/wp-json\/wp\/v2\/media?parent=32207"}],"curies":[{"name":"wp","href":"https:\/\/api.w.org\/{rel}","templated":true}]}}