{"id":31930,"date":"2023-12-07T15:46:05","date_gmt":"2023-12-07T15:46:05","guid":{"rendered":"https:\/\/globalservices.lt\/?page_id=31930"},"modified":"2024-01-23T15:43:33","modified_gmt":"2024-01-23T15:43:33","slug":"igyvendinti-projektai","status":"publish","type":"page","link":"https:\/\/globalservices.lt\/en\/igyvendinti-projektai\/","title":{"rendered":"\u012egyvendinti projektai"},"content":{"rendered":"<div class=\"wpb-content-wrapper\"><div data-vc-full-width=\"true\" data-vc-full-width-init=\"false\" class=\"vc_row wpb_row vc_row-fluid vc_custom_1705659657535 vc_row-has-fill\"><div class=\"wpb_column vc_column_container vc_col-sm-12\"><div class=\"vc_column-inner\"><div class=\"wpb_wrapper\"><div class=\"title-wrapper  basel-title-color-default basel-title-style-default basel-title-size-large text-center\"><span class=\"title-subtitle font-default\">GLOBAL SERVICES<\/span><div class=\"liner-continer\"> <span class=\"left-line\"><\/span> <h4 class=\"title\" >M\u016bs\u0173 darbuotojai atliko darbus \u0161iuose klient\u0173 vykdomuose projektuose<span class=\"title-separator\"><span><\/span><\/span><\/h4> <span class=\"right-line\"><\/span> <\/div><\/div><\/div><\/div><\/div><\/div><div class=\"vc_row-full-width vc_clearfix\"><\/div><div data-vc-full-width=\"true\" data-vc-full-width-init=\"false\" class=\"vc_row wpb_row vc_row-fluid vc_custom_1706024594710 vc_row-has-fill vc_row-o-content-middle vc_row-flex\"><div class=\"wpb_column wpb_animate_when_almost_visible wpb_fadeInLeft fadeInLeft vc_column_container vc_col-sm-12 vc_col-lg-6 vc_col-md-6\"><div class=\"vc_column-inner\"><div class=\"wpb_wrapper\">\n\t\t\t<div class=\"promo-banner-wrapper\">\n\t\t\t\t<div class=\"promo-banner cursor-pointer text-center vertical-alignment-bottom banner-2 hover-4 color-scheme-light\" onclick=\"window.location.href='#0'\" >\n\n\t\t\t\t\t<div class=\"main-wrapp-img\">\n\t\t\t\t\t\t<div class=\"banner-image\">\n\t\t\t\t\t\t\t\t\t\t\t\t\t\t\t\t\t\t\t\t\t\t\t\t<img decoding=\"async\" class=\"promo-banner-image image-1\" src=\"https:\/\/globalservices.lt\/wp-content\/uploads\/2024\/01\/Electrotechniek_diensten-600x400-1-555x400.jpg\" width=\"555\" height=\"400\" alt=\"\" title=\"\" loading=\"lazy\" \/>\t\t\t\t\t\t\t\t\t\t\t\t\t\t\t\t\t\t\t\t\t<\/div>\n\t\t\t\t\t<\/div>\n\n\t\t\t\t\t<div class=\"wrapper-content-baner\">\n\t\t\t\t\t\t<div class=\"banner-inner\">\n\t\t\t\t\t\t\t<\/p>\n<h4 style=\"margin-bottom: 5px; font-size: 28px;\">Elektromonteriai<br \/>\n<span style=\"color: #afca0b;\">(Elektros in\u017einerijos, pramonin\u0117s ir laiv\u0173 statybos \u012fmon\u0117se)<\/span><\/h4>\n<p>\n\t\t\t\t\t\t<\/div>\n\t\t\t\t\t<\/div>\n\n\t\t\t\t<\/div>\n\t\t\t<\/div>\n\n\t\t<\/div><\/div><\/div><div class=\"wpb_column wpb_animate_when_almost_visible wpb_fadeInRight fadeInRight vc_column_container vc_col-sm-6 vc_hidden-sm\"><div class=\"vc_column-inner\"><div class=\"wpb_wrapper\">\n\t\t\t<div class=\"promo-banner-wrapper\">\n\t\t\t\t<div class=\"promo-banner cursor-pointer text-center vertical-alignment-bottom banner-2 hover-4 color-scheme-light\" onclick=\"window.location.href='#0'\" >\n\n\t\t\t\t\t<div class=\"main-wrapp-img\">\n\t\t\t\t\t\t<div class=\"banner-image\">\n\t\t\t\t\t\t\t\t\t\t\t\t\t\t\t\t\t\t\t\t\t\t\t\t<img decoding=\"async\" class=\"promo-banner-image image-1\" src=\"https:\/\/globalservices.lt\/wp-content\/uploads\/2024\/01\/ergergergerg-555x400.jpg\" width=\"555\" height=\"400\" alt=\"\" title=\"\" loading=\"lazy\" \/>\t\t\t\t\t\t\t\t\t\t\t\t\t\t\t\t\t\t\t\t\t<\/div>\n\t\t\t\t\t<\/div>\n\n\t\t\t\t\t<div class=\"wrapper-content-baner\">\n\t\t\t\t\t\t<div class=\"banner-inner\">\n\t\t\t\t\t\t\t<\/p>\n<h4 style=\"margin-bottom: 5px; font-size: 28px;\">Elektros spint\u0173 surink\u0117jai<br \/>\n<span style=\"color: #afca0b;\">(Elektros ir automatikos \u012frangos gamybos \u012fmon\u0117se)<\/span><\/h4>\n<p>\n\t\t\t\t\t\t<\/div>\n\t\t\t\t\t<\/div>\n\n\t\t\t\t<\/div>\n\t\t\t<\/div>\n\n\t\t<\/div><\/div><\/div><\/div><div class=\"vc_row-full-width vc_clearfix\"><\/div><div data-vc-full-width=\"true\" data-vc-full-width-init=\"false\" class=\"vc_row wpb_row vc_row-fluid vc_custom_1706024601780 vc_row-has-fill vc_row-o-content-middle vc_row-flex\"><div class=\"wpb_column wpb_animate_when_almost_visible wpb_fadeInLeft fadeInLeft vc_column_container vc_col-sm-12 vc_col-lg-6 vc_col-md-6\"><div class=\"vc_column-inner\"><div class=\"wpb_wrapper\">\n\t\t\t<div class=\"promo-banner-wrapper\">\n\t\t\t\t<div class=\"promo-banner cursor-pointer text-center vertical-alignment-bottom banner-2 hover-4 color-scheme-light\" onclick=\"window.location.href='#0'\" >\n\n\t\t\t\t\t<div class=\"main-wrapp-img\">\n\t\t\t\t\t\t<div class=\"banner-image\">\n\t\t\t\t\t\t\t\t\t\t\t\t\t\t\t\t\t\t\t\t\t\t\t\t<img decoding=\"async\" class=\"promo-banner-image image-1\" src=\"https:\/\/globalservices.lt\/wp-content\/uploads\/2024\/01\/DGG_BOUW_1Prefab-600x400-1-555x400.jpg\" width=\"555\" height=\"400\" alt=\"\" title=\"\" loading=\"lazy\" \/>\t\t\t\t\t\t\t\t\t\t\t\t\t\t\t\t\t\t\t\t\t<\/div>\n\t\t\t\t\t<\/div>\n\n\t\t\t\t\t<div class=\"wrapper-content-baner\">\n\t\t\t\t\t\t<div class=\"banner-inner\">\n\t\t\t\t\t\t\t<\/p>\n<h4 style=\"margin-bottom: 5px; font-size: 28px;\">Gel\u017ebetonio element\u0173 formuotojai<br \/>\n<span style=\"color: #afca0b;\">(Betonini\u0173 konstrukcij\u0173 gamybos \u012fmon\u0117se)<\/span><\/h4>\n<p>\n\t\t\t\t\t\t<\/div>\n\t\t\t\t\t<\/div>\n\n\t\t\t\t<\/div>\n\t\t\t<\/div>\n\n\t\t<\/div><\/div><\/div><div class=\"wpb_column wpb_animate_when_almost_visible wpb_fadeInRight fadeInRight vc_column_container vc_col-sm-6 vc_hidden-sm\"><div class=\"vc_column-inner\"><div class=\"wpb_wrapper\">\n\t\t\t<div class=\"promo-banner-wrapper\">\n\t\t\t\t<div class=\"promo-banner cursor-pointer text-center vertical-alignment-bottom banner-2 hover-4 color-scheme-light\" onclick=\"window.location.href='#0'\" >\n\n\t\t\t\t\t<div class=\"main-wrapp-img\">\n\t\t\t\t\t\t<div class=\"banner-image\">\n\t\t\t\t\t\t\t\t\t\t\t\t\t\t\t\t\t\t\t\t\t\t\t\t<img decoding=\"async\" class=\"promo-banner-image image-1\" src=\"https:\/\/globalservices.lt\/wp-content\/uploads\/2024\/01\/DGG_BOUW_foto-600x400-1-555x400.jpg\" width=\"555\" height=\"400\" alt=\"\" title=\"\" loading=\"lazy\" \/>\t\t\t\t\t\t\t\t\t\t\t\t\t\t\t\t\t\t\t\t\t<\/div>\n\t\t\t\t\t<\/div>\n\n\t\t\t\t\t<div class=\"wrapper-content-baner\">\n\t\t\t\t\t\t<div class=\"banner-inner\">\n\t\t\t\t\t\t\t<\/p>\n<h4 style=\"margin-bottom: 5px; font-size: 28px;\">Betonuotojai &#8211; Klojini\u0173 montuotojai<br \/>\n<span style=\"color: #afca0b;\">(Pastat\u0173 ir in\u017einerini\u0173 tinkl\u0173 statybos \u012fmon\u0117se)<\/span><\/h4>\n<p>\n\t\t\t\t\t\t<\/div>\n\t\t\t\t\t<\/div>\n\n\t\t\t\t<\/div>\n\t\t\t<\/div>\n\n\t\t<\/div><\/div><\/div><\/div><div class=\"vc_row-full-width vc_clearfix\"><\/div><div id=\"kontaktai\" data-vc-full-width=\"true\" data-vc-full-width-init=\"false\" data-vc-stretch-content=\"true\" class=\"vc_row wpb_row vc_row-fluid vc_custom_1706024418804 vc_row-no-padding vc_row-o-content-middle vc_row-flex\"><div class=\"wpb_column vc_column_container vc_col-sm-12 vc_col-lg-6 vc_col-md-6 vc_col-xs-12\"><div class=\"vc_column-inner vc_custom_1502352203858\"><div class=\"wpb_wrapper\"><div class=\"title-wrapper  basel-title-color-default basel-title-style-default basel-title-size-extra-large text-left\"><div class=\"liner-continer\"> <span class=\"left-line\"><\/span> <h4 class=\"title\" >KONTAKTAI<span class=\"title-separator\"><span><\/span><\/span><\/h4> <span class=\"right-line\"><\/span> <\/div><\/div><div class=\"vc_row wpb_row vc_inner vc_row-fluid\"><div class=\"wpb_column vc_column_container vc_col-sm-6 vc_col-lg-6 vc_col-md-6 vc_col-xs-12\"><div class=\"vc_column-inner vc_custom_1502353578290\"><div class=\"wpb_wrapper\">\t\t\t<div class=\"basel-info-box2 text-left icon-alignment-left box-style-base color-scheme-dark  with-animation vc_custom_1703080495565\" onclick=\"\">\n\t\t\t\t\t\t\t\t\t<div class=\"box-icon-wrapper\">\n\t\t\t\t\t\t<div class=\"info-box-icon\">\n\t\t\t\t\t\t\t\t\t\t\t\t\t\t\t\t\t\t\t\t\t\t\t\t\t\t<img decoding=\"async\" class=\"info-icon image-1\" src=\"https:\/\/globalservices.lt\/wp-content\/uploads\/2023\/12\/location-40x40.png\" width=\"40\" height=\"40\" alt=\"\" title=\"\" loading=\"lazy\" \/>\t\t\t\t\t\t\t\t\t\t\t\t\t\t<\/div>\n\t\t\t\t\t<\/div>\n\t\t\t\t\t\t\t\t<div class=\"info-box-content\">\n\t\t\t\t\t<div class=\"info-box-inner\">\n\t\t\t\t\t\t<\/p>\n<h4 style=\"font-size: 20px; margin-bottom: 5px;\">Adresas:<\/h4>\n<p style=\"font-size: 14px;\">Vilnius, Romintos g. 48, LT-06272<\/p>\n<p>\n\t\t\t\t\t<\/div>\n\t\t\t\t<\/div>\n\t\t\t<\/div>\n\t\t<\/div><\/div><\/div><div class=\"wpb_column vc_column_container vc_col-sm-6 vc_col-lg-6 vc_col-md-6 vc_col-xs-12\"><div class=\"vc_column-inner vc_custom_1502353574647\"><div class=\"wpb_wrapper\">\t\t\t<div class=\"basel-info-box2 text-left icon-alignment-left box-style-base color-scheme-dark  with-animation vc_custom_1703080506674\" onclick=\"\">\n\t\t\t\t\t\t\t\t\t<div class=\"box-icon-wrapper\">\n\t\t\t\t\t\t<div class=\"info-box-icon\">\n\t\t\t\t\t\t\t\t\t\t\t\t\t\t\t\t\t\t\t\t\t\t\t\t\t\t<img decoding=\"async\" class=\"info-icon image-1\" src=\"https:\/\/globalservices.lt\/wp-content\/uploads\/2023\/12\/mail-1-40x40.png\" width=\"40\" height=\"40\" alt=\"mail (1)\" title=\"mail (1)\" loading=\"lazy\" \/>\t\t\t\t\t\t\t\t\t\t\t\t\t\t<\/div>\n\t\t\t\t\t<\/div>\n\t\t\t\t\t\t\t\t<div class=\"info-box-content\">\n\t\t\t\t\t<div class=\"info-box-inner\">\n\t\t\t\t\t\t<\/p>\n<h4 style=\"font-size: 20px; margin-bottom: 5px;\">El.pa\u0161tas:<\/h4>\n<p style=\"font-size: 14px;\">info@globalservices.lt<\/p>\n<p>\n\t\t\t\t\t<\/div>\n\t\t\t\t<\/div>\n\t\t\t<\/div>\n\t\t<\/div><\/div><\/div><\/div><div class=\"vc_row wpb_row vc_inner vc_row-fluid\"><div class=\"wpb_column vc_column_container vc_col-sm-6 vc_col-lg-6 vc_col-md-6 vc_col-xs-12\"><div class=\"vc_column-inner vc_custom_1502353570249\"><div class=\"wpb_wrapper\">\t\t\t<div class=\"basel-info-box2 text-left icon-alignment-left box-style-base color-scheme-dark  with-animation vc_custom_1703764018953\" onclick=\"\">\n\t\t\t\t\t\t\t\t\t<div class=\"box-icon-wrapper\">\n\t\t\t\t\t\t<div class=\"info-box-icon\">\n\t\t\t\t\t\t\t\t\t\t\t\t\t\t\t\t\t\t\t\t\t\t\t\t\t\t<img decoding=\"async\" class=\"info-icon image-1\" src=\"https:\/\/globalservices.lt\/wp-content\/uploads\/2023\/12\/phone-call-3-40x40.png\" width=\"40\" height=\"40\" alt=\"phone-call (3)\" title=\"phone-call (3)\" loading=\"lazy\" \/>\t\t\t\t\t\t\t\t\t\t\t\t\t\t<\/div>\n\t\t\t\t\t<\/div>\n\t\t\t\t\t\t\t\t<div class=\"info-box-content\">\n\t\t\t\t\t<div class=\"info-box-inner\">\n\t\t\t\t\t\t<\/p>\n<h4 style=\"font-size: 20px; margin-bottom: 5px;\">Telefono numeris<\/h4>\n<p style=\"font-size: 14px;\">+370 (663) 63 567<\/p>\n<p>\n\t\t\t\t\t<\/div>\n\t\t\t\t<\/div>\n\t\t\t<\/div>\n\t\t<\/div><\/div><\/div><div class=\"wpb_column vc_column_container vc_col-sm-6 vc_col-lg-6 vc_col-md-6 vc_col-xs-12\"><div class=\"vc_column-inner vc_custom_1502353565812\"><div class=\"wpb_wrapper\">\t\t\t<div class=\"basel-info-box2 text-left icon-alignment-left box-style-base color-scheme-dark  with-animation vc_custom_1703080530673\" onclick=\"\">\n\t\t\t\t\t\t\t\t\t<div class=\"box-icon-wrapper\">\n\t\t\t\t\t\t<div class=\"info-box-icon\">\n\t\t\t\t\t\t\t\t\t\t\t\t\t\t\t\t\t\t\t\t\t\t\t\t\t\t<img decoding=\"async\" class=\"info-icon image-1\" src=\"https:\/\/globalservices.lt\/wp-content\/uploads\/2023\/12\/globe-40x40.png\" width=\"40\" height=\"40\" alt=\"globe\" title=\"globe\" loading=\"lazy\" \/>\t\t\t\t\t\t\t\t\t\t\t\t\t\t<\/div>\n\t\t\t\t\t<\/div>\n\t\t\t\t\t\t\t\t<div class=\"info-box-content\">\n\t\t\t\t\t<div class=\"info-box-inner\">\n\t\t\t\t\t\t<\/p>\n<h4 style=\"font-size: 20px; margin-bottom: 5px;\">\u012emon\u0117s kodas:<\/h4>\n<p style=\"font-size: 14px;\">306627735<\/p>\n<p>\n\t\t\t\t\t<\/div>\n\t\t\t\t<\/div>\n\t\t\t<\/div>\n\t\t<\/div><\/div><\/div><\/div><\/div><\/div><\/div><div class=\"wpb_column vc_column_container vc_col-sm-12 vc_col-lg-6 vc_col-md-6 vc_col-xs-12\"><div class=\"vc_column-inner vc_custom_1500541389284\"><div class=\"wpb_wrapper\">\n\t<div class=\"wpb_raw_code wpb_content_element wpb_raw_html\" >\n\t\t<div class=\"wpb_wrapper\">\n\t\t\t<iframe src=\"https:\/\/www.google.com\/maps\/embed?pb=!1m18!1m12!1m3!1d2304.09272644642!2d25.1597982131082!3d54.725583772607486!2m3!1f0!2f0!3f0!3m2!1i1024!2i768!4f13.1!3m3!1m2!1s0x46dd921d95e3a083%3A0x32876749dc27b501!2sRomintos%20g.%2048%2C%2006200%20Vilnius!5e0!3m2!1sen!2slt!4v1703080726390!5m2!1sen!2slt\" width=\"100%\" height=\"450\" style=\"border:0;\" allowfullscreen=\"\" loading=\"lazy\" referrerpolicy=\"no-referrer-when-downgrade\"><\/iframe>\n\t\t<\/div>\n\t<\/div>\n<\/div><\/div><\/div><\/div><div class=\"vc_row-full-width vc_clearfix\"><\/div>\n<\/div>","protected":false},"excerpt":{"rendered":"GLOBAL SERVICES M\u016bs\u0173 darbuotojai atliko darbus \u0161iuose klient\u0173 vykdomuose projektuose Elektromonteriai (Elektros in\u017einerijos, pramonin\u0117s ir laiv\u0173 statybos \u012fmon\u0117se) Elektros spint\u0173","protected":false},"author":1,"featured_media":0,"parent":0,"menu_order":0,"comment_status":"closed","ping_status":"closed","template":"","meta":{"footnotes":""},"class_list":["post-31930","page","type-page","status-publish","hentry"],"_links":{"self":[{"href":"https:\/\/globalservices.lt\/en\/wp-json\/wp\/v2\/pages\/31930","targetHints":{"allow":["GET"]}}],"collection":[{"href":"https:\/\/globalservices.lt\/en\/wp-json\/wp\/v2\/pages"}],"about":[{"href":"https:\/\/globalservices.lt\/en\/wp-json\/wp\/v2\/types\/page"}],"author":[{"embeddable":true,"href":"https:\/\/globalservices.lt\/en\/wp-json\/wp\/v2\/users\/1"}],"replies":[{"embeddable":true,"href":"https:\/\/globalservices.lt\/en\/wp-json\/wp\/v2\/comments?post=31930"}],"version-history":[{"count":33,"href":"https:\/\/globalservices.lt\/en\/wp-json\/wp\/v2\/pages\/31930\/revisions"}],"predecessor-version":[{"id":32295,"href":"https:\/\/globalservices.lt\/en\/wp-json\/wp\/v2\/pages\/31930\/revisions\/32295"}],"wp:attachment":[{"href":"https:\/\/globalservices.lt\/en\/wp-json\/wp\/v2\/media?parent=31930"}],"curies":[{"name":"wp","href":"https:\/\/api.w.org\/{rel}","templated":true}]}}